{"id":1313,"date":"2020-08-07T10:17:56","date_gmt":"2020-08-07T10:17:56","guid":{"rendered":"https:\/\/shadyakarawiname.com\/?page_id=1313"},"modified":"2020-08-07T10:17:56","modified_gmt":"2020-08-07T10:17:56","slug":"aviso-legal","status":"publish","type":"page","link":"https:\/\/shadyakarawiname.com\/en\/aviso-legal\/","title":{"rendered":"Aviso legal"},"content":{"rendered":"<p>[et_pb_section bb_built=\u00bb1&#8243;][et_pb_row _builder_version=\u00bb3.21.1&#8243; make_fullwidth=\u00bbon\u00bb z_index_tablet=\u00bb500&#8243;][et_pb_column type=\u00bb4_4&#8243;][et_pb_text _builder_version=\u00bb3.21.1&#8243; z_index_tablet=\u00bb500&#8243;]<\/p>\n<h2><strong>AVISO LEGAL<\/strong><\/h2>\n<h4>\u00a0<\/h4>\n<h4><strong>Informaci\u00f3n general<\/strong><\/h4>\n<p>A los efectos del art\u00edculo 10 de la Ley 34\/2002, de 11 de julio, de la Ley de Servicios de la Sociedad de la Informaci\u00f3n y del Comercio Electr\u00f3nico, se informa al usuario que el titular del web site es Shadya Karawi Name.<\/p>\n<p>\u00a0<\/p>\n<h4><strong>Condiciones de uso<\/strong><\/h4>\n<p>El usuario se compromete a hacer un uso diligente del web site y de los servicios accesibles desde el mismo y a no utilizar los servicios o informaciones contenidos en el web site para desarrollar actividades contrarias a las leyes, a la moral y a las buenas costumbres, al orden p\u00fablico y, en general, a un uso conforme al presente aviso legal. Para el uso de determinados servicios, el usuario tendr\u00e1 que registrarse previamente, seleccionando el identificador (ID o Usuario) y la contrase\u00f1a, personal e intransferible, que el usuario se compromete a conservar y a utilizar con la diligencia debida, con completa indemnidad para Shadya Karawi Name por lo que respecta a uso que se haga de dicha contrase\u00f1a. Con el fin de mejorar las prestaciones del sitio web, el propietario se reserva el derecho, en cualquier momento y sin previa notificaci\u00f3n al usuario, a modificar, ampliar o suspender temporalmente la presentaci\u00f3n, configuraci\u00f3n, precios, especificaciones t\u00e9cnicas y servicios del sitio web, de forma unilateral. Asimismo se reserva el derecho de modificar en cualquier momento las presentes condiciones de uso as\u00ed como cualesquiera otras condiciones particulares.<\/p>\n<p>\u00a0<\/p>\n<h4><strong>Propiedad intelectual e industrial<\/strong><\/h4>\n<p>La estructura del sitio web, su dise\u00f1o y el c\u00f3digo fuente de la misma, as\u00ed como el logotipo que en ella se incluyen son titularidad de Shadya Karawi Name, o de terceros que hayan autorizado su uso a <a href=\"https:\/\/shadyakarawiname.com\">www.shadyakarawiname.com<\/a> y est\u00e1n protegidos por la normativa de propiedad intelectual e industrial. Sus titulares se reservan las acciones legalmente oportunas para reparar los da\u00f1os y perjuicios causados por cualquier acto que vulnere los derechos de propiedad intelectual sobre estos contenidos.<\/p>\n<p>\u00a0<\/p>\n<h4><strong>Limitaci\u00f3n de responsabilidad<\/strong><\/h4>\n<p>Shadya Karawi Name no asumir\u00e1 ninguna responsabilidad derivada del uso por terceros del contenido del sitio web y podr\u00e1 ejercitar todas las acciones civiles o penales que le correspondan en caso de infracci\u00f3n de estos derechos por parte del usuario. Est\u00e1 absolutamente prohibido, el uso del sitio web o de alguno de sus elementos con fines il\u00edcitos. Shadya Karawi Name no se responsabiliza de la exactitud de la informaci\u00f3n contenida en el sitio web, as\u00ed como de los eventuales errores tipogr\u00e1ficos, formales o num\u00e9ricos que puedan existir. Los enlaces o links contenidos en el presente sitio web pueden dirigir a p\u00e1ginas web de terceros. Shadya Karawi Name no asume ninguna responsabilidad por el contenido, informaciones o servicios que pudieran aparecer o prestarse en dichos sitios, que tendr\u00e1n exclusivamente car\u00e1cter informativo, y que en ning\u00fan caso implican relaci\u00f3n alguna entre <a href=\"https:\/\/shadyakarawiname.com\">www.shadyakarawiname.com<\/a> y las personas o entidades titulares de tales contenidos o titulares de los sitios donde se encuentren.<\/p>\n<p>[\/et_pb_text][\/et_pb_column][\/et_pb_row][\/et_pb_section]<\/p>\n","protected":false},"excerpt":{"rendered":"<p>[et_pb_section bb_built=\u00bb1&#8243;][et_pb_row _builder_version=\u00bb3.21.1&#8243; make_fullwidth=\u00bbon\u00bb z_index_tablet=\u00bb500&#8243;][et_pb_column type=\u00bb4_4&#8243;][et_pb_text _builder_version=\u00bb3.21.1&#8243; z_index_tablet=\u00bb500&#8243;] AVISO LEGAL \u00a0 Informaci\u00f3n general A los efectos del art\u00edculo 10 de la Ley 34\/2002, de 11 de julio, de la Ley de Servicios de la Sociedad de la Informaci\u00f3n y del Comercio Electr\u00f3nico, se informa al usuario que el titular del web site es Shadya Karawi [&hellip;]<\/p>\n","protected":false},"author":2,"featured_media":0,"parent":0,"menu_order":0,"comment_status":"closed","ping_status":"closed","template":"","meta":{"_surecart_dashboard_logo_width":"180px","_surecart_dashboard_show_logo":true,"_surecart_dashboard_navigation_orders":true,"_surecart_dashboard_navigation_invoices":true,"_surecart_dashboard_navigation_subscriptions":true,"_surecart_dashboard_navigation_downloads":true,"_surecart_dashboard_navigation_billing":true,"_surecart_dashboard_navigation_account":true,"footnotes":""},"wf_page_folders":[],"class_list":["post-1313","page","type-page","status-publish","hentry","post-wrapper","thrv_wrapper"],"_links":{"self":[{"href":"https:\/\/shadyakarawiname.com\/en\/wp-json\/wp\/v2\/pages\/1313","targetHints":{"allow":["GET"]}}],"collection":[{"href":"https:\/\/shadyakarawiname.com\/en\/wp-json\/wp\/v2\/pages"}],"about":[{"href":"https:\/\/shadyakarawiname.com\/en\/wp-json\/wp\/v2\/types\/page"}],"author":[{"embeddable":true,"href":"https:\/\/shadyakarawiname.com\/en\/wp-json\/wp\/v2\/users\/2"}],"replies":[{"embeddable":true,"href":"https:\/\/shadyakarawiname.com\/en\/wp-json\/wp\/v2\/comments?post=1313"}],"version-history":[{"count":0,"href":"https:\/\/shadyakarawiname.com\/en\/wp-json\/wp\/v2\/pages\/1313\/revisions"}],"wp:attachment":[{"href":"https:\/\/shadyakarawiname.com\/en\/wp-json\/wp\/v2\/media?parent=1313"}],"wp:term":[{"taxonomy":"wf_page_folders","embeddable":true,"href":"https:\/\/shadyakarawiname.com\/en\/wp-json\/wp\/v2\/wf_page_folders?post=1313"}],"curies":[{"name":"wp","href":"https:\/\/api.w.org\/{rel}","templated":true}]}}