{"id":1495,"date":"2020-11-09T00:00:47","date_gmt":"2020-11-09T00:00:47","guid":{"rendered":"https:\/\/shadyakarawiname.com\/?page_id=1495"},"modified":"2021-08-06T12:17:24","modified_gmt":"2021-08-06T12:17:24","slug":"abundancia","status":"publish","type":"page","link":"https:\/\/shadyakarawiname.com\/en\/abundancia\/","title":{"rendered":"YO SOY ABUNDANCIA"},"content":{"rendered":"<p>[et_pb_section fb_built=\u00bb1&#8243; _builder_version=\u00bb3.21.1&#8243;][et_pb_row _builder_version=\u00bb3.21.1&#8243;][et_pb_column type=\u00bb1_2&#8243; _builder_version=\u00bb3.21.1&#8243;][et_pb_text _builder_version=\u00bb3.21.1&#8243;]<\/p>\n<p><strong>Eres abundancia.<\/strong> No tienes que buscarla. No tienes que crearla. Simplemente, tienes que reconectar con ella.<\/p>\n<p>Es f\u00e1cil que se nos olvide qui\u00e9n somos en realidad, que entremos en bucle, que pensemos que todo tiene que costar mucho esfuerzo. Sin embargo, <strong>mejorar tus finanzas, transformar tu historia con el dinero y, especialmente, sentirte reamente abundante, es much\u00edsimo m\u00e1s f\u00e1cil de lo que crees.<\/strong><\/p>\n<p>Quiero regalarte <strong>YO SOY ABUNDANCIA<\/strong> precisamente para eso. Para que puedas reconectar con tu verdadera esencia.<\/p>\n<p>Esta herramienta es una reprogramaci\u00f3n poderosa, en d\u00f3nde hay <strong>m\u00e1s de 200 afirmaciones<\/strong> en positivo para que te sientas m\u00e1s en sinton\u00eda con la vida, con m\u00e1s fuerza y m\u00e1s confianza.<\/p>\n<p>He utilizado, tambi\u00e9n, una m\u00fasica especial, as\u00ed como frequencias poderosas para elevar tu vibraci\u00f3n al m\u00e1ximo.<\/p>\n<p>Vuelve a ti. A tu magnetismo. A tu poder. Escucha <strong>YO SOY ABUNDANCIA<\/strong>, varias veces al d\u00eda y ver\u00e1s c\u00f3mo tu historia con la abundancia se transforma por completo.<\/p>\n<p><strong>Brilla con fuerza, cari\u00f1o, que aqu\u00ed viniste a ser feliz.<\/strong><\/p>\n<p>Te abrazo,<\/p>\n<p><img decoding=\"async\" data-src=\"https:\/\/shadyakarawiname.com\/wp-content\/uploads\/2020\/07\/Logotipo-Shadya-new-300x113.png\" width=\"106\" height=\"40\" alt=\"\" class=\"wp-image-830 alignnone size-medium lazyload\" data-srcset=\"https:\/\/shadyakarawiname.com\/wp-content\/uploads\/2020\/07\/Logotipo-Shadya-new-300x113.png 300w, https:\/\/shadyakarawiname.com\/wp-content\/uploads\/2020\/07\/Logotipo-Shadya-new-600x225.png 600w, https:\/\/shadyakarawiname.com\/wp-content\/uploads\/2020\/07\/Logotipo-Shadya-new-1024x384.png 1024w, https:\/\/shadyakarawiname.com\/wp-content\/uploads\/2020\/07\/Logotipo-Shadya-new-768x288.png 768w, https:\/\/shadyakarawiname.com\/wp-content\/uploads\/2020\/07\/Logotipo-Shadya-new-320x120.png 320w, https:\/\/shadyakarawiname.com\/wp-content\/uploads\/2020\/07\/Logotipo-Shadya-new-640x240.png 640w, https:\/\/shadyakarawiname.com\/wp-content\/uploads\/2020\/07\/Logotipo-Shadya-new-360x135.png 360w, https:\/\/shadyakarawiname.com\/wp-content\/uploads\/2020\/07\/Logotipo-Shadya-new-720x270.png 720w, https:\/\/shadyakarawiname.com\/wp-content\/uploads\/2020\/07\/Logotipo-Shadya-new-1080x405.png 1080w, https:\/\/shadyakarawiname.com\/wp-content\/uploads\/2020\/07\/Logotipo-Shadya-new-800x300.png 800w, https:\/\/shadyakarawiname.com\/wp-content\/uploads\/2020\/07\/Logotipo-Shadya-new.png 1122w\" data-sizes=\"(max-width: 106px) 100vw, 106px\" src=\"data:image\/svg+xml;base64,PHN2ZyB3aWR0aD0iMSIgaGVpZ2h0PSIxIiB4bWxucz0iaHR0cDovL3d3dy53My5vcmcvMjAwMC9zdmciPjwvc3ZnPg==\" style=\"--smush-placeholder-width: 106px; --smush-placeholder-aspect-ratio: 106\/40;\" \/><\/p>\n<p>[\/et_pb_text][\/et_pb_column][et_pb_column type=\u00bb1_2&#8243; _builder_version=\u00bb3.21.1&#8243;][et_pb_image src=\u00bbhttps:\/\/shadyakarawiname.com\/wp-content\/uploads\/2019\/03\/Pic_J6A9693.jpg\u00bb _builder_version=\u00bb3.21.1&#8243;][\/et_pb_image][\/et_pb_column][\/et_pb_row][et_pb_row _builder_version=\u00bb3.21.1&#8243;][et_pb_column type=\u00bb4_4&#8243; _builder_version=\u00bb3.21.1&#8243;][et_pb_cta title=\u00bb\u00a1ACCEDE A YO SOY ABUNDANCIA AHORA!\u00bb _builder_version=\u00bb3.21.1&#8243;][\/et_pb_cta][et_pb_code _builder_version=\u00bb3.21.1&#8243;]<script src=https:\/\/shadya.mykajabi.com\/forms\/2147584266\/embed.js><\/script>[\/et_pb_code][\/et_pb_column][\/et_pb_row][\/et_pb_section]<\/p>\n","protected":false},"excerpt":{"rendered":"<p>[et_pb_section fb_built=\u00bb1&#8243; _builder_version=\u00bb3.21.1&#8243;][et_pb_row _builder_version=\u00bb3.21.1&#8243;][et_pb_column type=\u00bb1_2&#8243; _builder_version=\u00bb3.21.1&#8243;][et_pb_text _builder_version=\u00bb3.21.1&#8243;] Eres abundancia. No tienes que buscarla. No tienes que crearla. Simplemente, tienes que reconectar con ella. Es f\u00e1cil que se nos olvide qui\u00e9n somos en realidad, que entremos en bucle, que pensemos que todo tiene que costar mucho esfuerzo. Sin embargo, mejorar tus finanzas, transformar tu historia con [&hellip;]<\/p>\n","protected":false},"author":2,"featured_media":0,"parent":0,"menu_order":0,"comment_status":"closed","ping_status":"closed","template":"","meta":{"_surecart_dashboard_logo_width":"180px","_surecart_dashboard_show_logo":true,"_surecart_dashboard_navigation_orders":true,"_surecart_dashboard_navigation_invoices":true,"_surecart_dashboard_navigation_subscriptions":true,"_surecart_dashboard_navigation_downloads":true,"_surecart_dashboard_navigation_billing":true,"_surecart_dashboard_navigation_account":true,"footnotes":""},"wf_page_folders":[],"class_list":["post-1495","page","type-page","status-publish","hentry","post-wrapper","thrv_wrapper"],"_links":{"self":[{"href":"https:\/\/shadyakarawiname.com\/en\/wp-json\/wp\/v2\/pages\/1495","targetHints":{"allow":["GET"]}}],"collection":[{"href":"https:\/\/shadyakarawiname.com\/en\/wp-json\/wp\/v2\/pages"}],"about":[{"href":"https:\/\/shadyakarawiname.com\/en\/wp-json\/wp\/v2\/types\/page"}],"author":[{"embeddable":true,"href":"https:\/\/shadyakarawiname.com\/en\/wp-json\/wp\/v2\/users\/2"}],"replies":[{"embeddable":true,"href":"https:\/\/shadyakarawiname.com\/en\/wp-json\/wp\/v2\/comments?post=1495"}],"version-history":[{"count":0,"href":"https:\/\/shadyakarawiname.com\/en\/wp-json\/wp\/v2\/pages\/1495\/revisions"}],"wp:attachment":[{"href":"https:\/\/shadyakarawiname.com\/en\/wp-json\/wp\/v2\/media?parent=1495"}],"wp:term":[{"taxonomy":"wf_page_folders","embeddable":true,"href":"https:\/\/shadyakarawiname.com\/en\/wp-json\/wp\/v2\/wf_page_folders?post=1495"}],"curies":[{"name":"wp","href":"https:\/\/api.w.org\/{rel}","templated":true}]}}