{"id":1514,"date":"2020-11-17T17:34:33","date_gmt":"2020-11-17T17:34:33","guid":{"rendered":"https:\/\/shadyakarawiname.com\/?page_id=1514"},"modified":"2020-11-17T17:36:27","modified_gmt":"2020-11-17T17:36:27","slug":"lista-de-espera","status":"publish","type":"page","link":"https:\/\/shadyakarawiname.com\/en\/lista-de-espera\/","title":{"rendered":"Lista de espera"},"content":{"rendered":"<p>[et_pb_section fb_built=\u00bb1&#8243; _builder_version=\u00bb3.21.1&#8243; background_color=\u00bb#bfaee3&#8243; z_index_tablet=\u00bb500&#8243;][et_pb_row make_fullwidth=\u00bbon\u00bb _builder_version=\u00bb3.21.1&#8243; z_index_tablet=\u00bb500&#8243;][et_pb_column type=\u00bb4_4&#8243; _builder_version=\u00bb3.0.47&#8243;][et_pb_text _builder_version=\u00bb3.21.1&#8243; background_layout=\u00bbdark\u00bb z_index_tablet=\u00bb500&#8243;]<\/p>\n<h1 style=\"text-align: center;\"><strong>\u00a1Ya estamos en contacto!<\/strong><\/h1>\n<h5 style=\"text-align: center;\">\u00a0Gracias por querer invertir en ti y en tu bienestar. Apenas se abra un espacio en mi agenda para sesiones de Sanaci\u00f3n Intuitiva, alguien de mi equipo te contactar\u00e1 para ofrecerte disponibilidad. Tengo muchas ganas de ser parte de tu proceso y ser testigo de c\u00f3mo brillar\u00e1s.\u00a0<\/h5>\n<h5 style=\"text-align: center;\">\u00a1Gracias por estar aqu\u00ed!<\/h5>\n<p>[\/et_pb_text][\/et_pb_column][\/et_pb_row][\/et_pb_section][et_pb_section fb_built=\u00bb1&#8243; _builder_version=\u00bb3.0.47&#8243;][et_pb_row make_fullwidth=\u00bbon\u00bb _builder_version=\u00bb3.21.1&#8243; z_index_tablet=\u00bb500&#8243;][et_pb_column type=\u00bb4_4&#8243; _builder_version=\u00bb3.0.47&#8243;][et_pb_text _builder_version=\u00bb3.21.1&#8243; z_index_tablet=\u00bb500&#8243;]<\/p>\n<h3 style=\"text-align: center;\"><strong>\u00bfQu\u00e9 quieres hacer ahora?<\/strong><\/h3>\n<p>[\/et_pb_text][\/et_pb_column][\/et_pb_row][et_pb_row make_fullwidth=\u00bbon\u00bb _builder_version=\u00bb3.21.1&#8243; z_index_tablet=\u00bb500&#8243;][et_pb_column type=\u00bb1_3&#8243; _builder_version=\u00bb3.0.47&#8243;][et_pb_cta button_url=\u00bbhttps:\/\/shadyakarawiname.com\/inicio\u00bb button_text=\u00bbVolver a la p\u00e1gina web\u00bb _builder_version=\u00bb3.21.1&#8243; background_image=\u00bbhttps:\/\/shadyakarawiname.com\/wp-content\/uploads\/2020\/07\/banner-inicio.jpg\u00bb custom_padding=\u00bb80px||80px|\u00bb z_index_tablet=\u00bb500&#8243;][\/et_pb_cta][\/et_pb_column][et_pb_column type=\u00bb1_3&#8243; _builder_version=\u00bb3.0.47&#8243;][et_pb_cta button_url=\u00bbhttps:\/\/shadyakarawiname.com\/inicio\u00bb button_text=\u00bbVer m\u00e1s recursos\u00bb _builder_version=\u00bb3.21.1&#8243; background_image=\u00bbhttps:\/\/shadyakarawiname.com\/wp-content\/uploads\/2020\/07\/mockup-cursos.jpg\u00bb custom_padding=\u00bb80px||80px|\u00bb z_index_tablet=\u00bb500&#8243;][\/et_pb_cta][\/et_pb_column][et_pb_column type=\u00bb1_3&#8243; _builder_version=\u00bb3.0.47&#8243;][et_pb_cta button_url=\u00bbhttps:\/\/www.instagram.com\/shadyakarawiname\/\u00bb button_text=\u00bbS\u00edgueme en Instagram\u00bb _builder_version=\u00bb3.21.1&#8243; background_image=\u00bbhttps:\/\/shadyakarawiname.com\/wp-content\/uploads\/2020\/08\/instagram-shadya.jpg\u00bb custom_padding=\u00bb80px||80px|\u00bb z_index_tablet=\u00bb500&#8243;][\/et_pb_cta][\/et_pb_column][\/et_pb_row][\/et_pb_section]<\/p>\n","protected":false},"excerpt":{"rendered":"<p>[et_pb_section fb_built=\u00bb1&#8243; _builder_version=\u00bb3.21.1&#8243; background_color=\u00bb#bfaee3&#8243; z_index_tablet=\u00bb500&#8243;][et_pb_row make_fullwidth=\u00bbon\u00bb _builder_version=\u00bb3.21.1&#8243; z_index_tablet=\u00bb500&#8243;][et_pb_column type=\u00bb4_4&#8243; _builder_version=\u00bb3.0.47&#8243;][et_pb_text _builder_version=\u00bb3.21.1&#8243; background_layout=\u00bbdark\u00bb z_index_tablet=\u00bb500&#8243;] \u00a1Ya estamos en contacto! \u00a0Gracias por querer invertir en ti y en tu bienestar. Apenas se abra un espacio en mi agenda para sesiones de Sanaci\u00f3n Intuitiva, alguien de mi equipo te contactar\u00e1 para ofrecerte disponibilidad. Tengo muchas ganas de ser parte [&hellip;]<\/p>\n","protected":false},"author":2,"featured_media":0,"parent":0,"menu_order":0,"comment_status":"closed","ping_status":"closed","template":"","meta":{"_surecart_dashboard_logo_width":"180px","_surecart_dashboard_show_logo":true,"_surecart_dashboard_navigation_orders":true,"_surecart_dashboard_navigation_invoices":true,"_surecart_dashboard_navigation_subscriptions":true,"_surecart_dashboard_navigation_downloads":true,"_surecart_dashboard_navigation_billing":true,"_surecart_dashboard_navigation_account":true,"footnotes":""},"wf_page_folders":[],"class_list":["post-1514","page","type-page","status-publish","hentry","post-wrapper","thrv_wrapper"],"_links":{"self":[{"href":"https:\/\/shadyakarawiname.com\/en\/wp-json\/wp\/v2\/pages\/1514","targetHints":{"allow":["GET"]}}],"collection":[{"href":"https:\/\/shadyakarawiname.com\/en\/wp-json\/wp\/v2\/pages"}],"about":[{"href":"https:\/\/shadyakarawiname.com\/en\/wp-json\/wp\/v2\/types\/page"}],"author":[{"embeddable":true,"href":"https:\/\/shadyakarawiname.com\/en\/wp-json\/wp\/v2\/users\/2"}],"replies":[{"embeddable":true,"href":"https:\/\/shadyakarawiname.com\/en\/wp-json\/wp\/v2\/comments?post=1514"}],"version-history":[{"count":0,"href":"https:\/\/shadyakarawiname.com\/en\/wp-json\/wp\/v2\/pages\/1514\/revisions"}],"wp:attachment":[{"href":"https:\/\/shadyakarawiname.com\/en\/wp-json\/wp\/v2\/media?parent=1514"}],"wp:term":[{"taxonomy":"wf_page_folders","embeddable":true,"href":"https:\/\/shadyakarawiname.com\/en\/wp-json\/wp\/v2\/wf_page_folders?post=1514"}],"curies":[{"name":"wp","href":"https:\/\/api.w.org\/{rel}","templated":true}]}}