{"id":1731,"date":"2020-11-29T11:59:54","date_gmt":"2020-11-29T11:59:54","guid":{"rendered":"https:\/\/shadyakarawiname.com\/?page_id=1731"},"modified":"2020-11-29T12:06:28","modified_gmt":"2020-11-29T12:06:28","slug":"moon-vibes","status":"publish","type":"page","link":"https:\/\/shadyakarawiname.com\/en\/moon-vibes\/","title":{"rendered":"MoonVibes"},"content":{"rendered":"<p>[et_pb_section fb_built=\u00bb1&#8243; disabled_on=\u00bboff|off|off\u00bb _builder_version=\u00bb3.21.1&#8243; custom_margin=\u00bb|||\u00bb custom_padding=\u00bb0px|0px|0px|0px\u00bb z_index_tablet=\u00bb500&#8243;][et_pb_row make_fullwidth=\u00bbon\u00bb use_custom_gutter=\u00bbon\u00bb gutter_width=\u00bb1&#8243; custom_padding=\u00bb0px|0px|0px|0px\u00bb make_equal=\u00bbon\u00bb bg_img_2=\u00bbhttps:\/\/shadyakarawiname.com\/wp-content\/uploads\/2020\/07\/contacto.jpg\u00bb _builder_version=\u00bb3.21.1&#8243; z_index_tablet=\u00bb500&#8243;][et_pb_column type=\u00bb1_2&#8243; _builder_version=\u00bb3.0.47&#8243;][et_pb_text _builder_version=\u00bb3.21.1&#8243; custom_padding=\u00bb50px|50px||50px\u00bb z_index_tablet=\u00bb500&#8243;]<\/p>\n<h1><strong><span style=\"color: #deb5d7;\">\u00bfQuieres conectar con tu m\u00e1ximo poder de manifestaci\u00f3n?<\/span><\/strong><\/h1>\n<p>Te invito a esta Masterclass poderosa en d\u00f3nde hablaremos de la energ\u00eda astrol\u00f3gica actual, c\u00f3mo nos influye y qu\u00e9 puedes hacer para vibrar en resonancia con tu m\u00e1ximo potencial. Te dar\u00e9, tambi\u00e9n, herramientas efectivas, pr\u00e1cticas y potentes de manifestaci\u00f3n, para que atraigas a tu vida, todo eso que deseas.<\/p>\n<p>[mailerlite_form form_id=5]<\/p>\n<p>&nbsp;<\/p>\n<p>&nbsp;<\/p>\n<p>[\/et_pb_text][\/et_pb_column][et_pb_column type=\u00bb1_2&#8243; _builder_version=\u00bb3.0.47&#8243;][et_pb_image _builder_version=\u00bb3.21.1&#8243; custom_padding=\u00bb||80%|\u00bb z_index_tablet=\u00bb500&#8243;][\/et_pb_image][\/et_pb_column][\/et_pb_row][\/et_pb_section][et_pb_section fb_built=\u00bb1&#8243; disabled_on=\u00bbon|on|on\u00bb _builder_version=\u00bb3.21.1&#8243; custom_margin=\u00bb|||\u00bb custom_padding=\u00bb0px|0px|0|0px|false|false\u00bb z_index_tablet=\u00bb500&#8243; disabled=\u00bbon\u00bb][\/et_pb_section]<\/p>\n","protected":false},"excerpt":{"rendered":"<p>[et_pb_section fb_built=\u00bb1&#8243; disabled_on=\u00bboff|off|off\u00bb _builder_version=\u00bb3.21.1&#8243; custom_margin=\u00bb|||\u00bb custom_padding=\u00bb0px|0px|0px|0px\u00bb z_index_tablet=\u00bb500&#8243;][et_pb_row make_fullwidth=\u00bbon\u00bb use_custom_gutter=\u00bbon\u00bb gutter_width=\u00bb1&#8243; custom_padding=\u00bb0px|0px|0px|0px\u00bb make_equal=\u00bbon\u00bb bg_img_2=\u00bbhttps:\/\/shadyakarawiname.com\/wp-content\/uploads\/2020\/07\/contacto.jpg\u00bb _builder_version=\u00bb3.21.1&#8243; z_index_tablet=\u00bb500&#8243;][et_pb_column type=\u00bb1_2&#8243; _builder_version=\u00bb3.0.47&#8243;][et_pb_text _builder_version=\u00bb3.21.1&#8243; custom_padding=\u00bb50px|50px||50px\u00bb z_index_tablet=\u00bb500&#8243;] \u00bfQuieres conectar con tu m\u00e1ximo poder de manifestaci\u00f3n? Te invito a esta Masterclass poderosa en d\u00f3nde hablaremos de la energ\u00eda astrol\u00f3gica actual, c\u00f3mo nos influye y qu\u00e9 puedes hacer para vibrar en resonancia con tu [&hellip;]<\/p>\n","protected":false},"author":2,"featured_media":0,"parent":0,"menu_order":0,"comment_status":"closed","ping_status":"closed","template":"","meta":{"_surecart_dashboard_logo_width":"180px","_surecart_dashboard_show_logo":true,"_surecart_dashboard_navigation_orders":true,"_surecart_dashboard_navigation_invoices":true,"_surecart_dashboard_navigation_subscriptions":true,"_surecart_dashboard_navigation_downloads":true,"_surecart_dashboard_navigation_billing":true,"_surecart_dashboard_navigation_account":true,"footnotes":""},"wf_page_folders":[],"class_list":["post-1731","page","type-page","status-publish","hentry","post-wrapper","thrv_wrapper"],"_links":{"self":[{"href":"https:\/\/shadyakarawiname.com\/en\/wp-json\/wp\/v2\/pages\/1731","targetHints":{"allow":["GET"]}}],"collection":[{"href":"https:\/\/shadyakarawiname.com\/en\/wp-json\/wp\/v2\/pages"}],"about":[{"href":"https:\/\/shadyakarawiname.com\/en\/wp-json\/wp\/v2\/types\/page"}],"author":[{"embeddable":true,"href":"https:\/\/shadyakarawiname.com\/en\/wp-json\/wp\/v2\/users\/2"}],"replies":[{"embeddable":true,"href":"https:\/\/shadyakarawiname.com\/en\/wp-json\/wp\/v2\/comments?post=1731"}],"version-history":[{"count":0,"href":"https:\/\/shadyakarawiname.com\/en\/wp-json\/wp\/v2\/pages\/1731\/revisions"}],"wp:attachment":[{"href":"https:\/\/shadyakarawiname.com\/en\/wp-json\/wp\/v2\/media?parent=1731"}],"wp:term":[{"taxonomy":"wf_page_folders","embeddable":true,"href":"https:\/\/shadyakarawiname.com\/en\/wp-json\/wp\/v2\/wf_page_folders?post=1731"}],"curies":[{"name":"wp","href":"https:\/\/api.w.org\/{rel}","templated":true}]}}