{"id":1785,"date":"2020-12-13T15:32:31","date_gmt":"2020-12-13T15:32:31","guid":{"rendered":"https:\/\/shadyakarawiname.com\/?page_id=1785"},"modified":"2020-12-13T15:32:35","modified_gmt":"2020-12-13T15:32:35","slug":"confirmacion-luna","status":"publish","type":"page","link":"https:\/\/shadyakarawiname.com\/en\/confirmacion-luna\/","title":{"rendered":"\u00a1BIENVENIDA A HONRA TU LUNA!"},"content":{"rendered":"<p>[et_pb_section fb_built=\u00bb1&#8243; _builder_version=\u00bb3.21.1&#8243; background_color=\u00bb#bfaee3&#8243; custom_padding=\u00bb0|0px|23px|0px|false|false\u00bb z_index_tablet=\u00bb500&#8243;][et_pb_row make_fullwidth=\u00bbon\u00bb custom_padding=\u00bb27px|0px|0|0px|false|false\u00bb _builder_version=\u00bb3.21.1&#8243; z_index_tablet=\u00bb500&#8243;][et_pb_column type=\u00bb1_2&#8243; _builder_version=\u00bb3.0.47&#8243;][et_pb_text _builder_version=\u00bb3.21.1&#8243; background_layout=\u00bbdark\u00bb z_index_tablet=\u00bb500&#8243;]<\/p>\n<h1 style=\"text-align: center;\"><b><\/b><\/h1>\n<h1 style=\"text-align: center;\"><b><\/b><\/h1>\n<h1 style=\"text-align: center;\"><b><\/b><\/h1>\n<h1 style=\"text-align: center;\"><b><\/b><\/h1>\n<h1 style=\"text-align: center;\"><b><\/b><\/h1>\n<h1 style=\"text-align: center;\"><b><\/b><\/h1>\n<h1 style=\"text-align: center;\"><b><\/b><\/h1>\n<h1 style=\"text-align: center;\"><b><\/b><\/h1>\n<h1 style=\"text-align: center;\"><b><\/b><\/h1>\n<h1 style=\"text-align: center;\"><b><\/b><\/h1>\n<h1 style=\"text-align: center;\"><b><\/b><\/h1>\n<h1 style=\"text-align: center;\"><b><\/b><\/h1>\n<h1 style=\"text-align: center;\"><b><\/b><\/h1>\n<h1 style=\"text-align: center;\"><b><\/b><\/h1>\n<h1 style=\"text-align: center;\"><b><\/b><\/h1>\n<h1 style=\"text-align: center;\"><b><\/b><\/h1>\n<h1 style=\"text-align: center;\"><b><\/b><\/h1>\n<h1 style=\"text-align: center;\"><b><\/b><\/h1>\n<h1 style=\"text-align: center;\"><b><\/b><\/h1>\n<h1 style=\"text-align: center;\"><b><\/b><\/h1>\n<h1 style=\"text-align: center;\"><b><\/b><\/h1>\n<h1 style=\"text-align: center;\"><b><\/b><\/h1>\n<h1 style=\"text-align: center;\"><b><\/b><\/h1>\n<h1 style=\"text-align: center;\"><b><\/b><\/h1>\n<h1 style=\"text-align: center;\"><b><\/b><\/h1>\n<h1 style=\"text-align: center;\"><span style=\"color: #993366;\"><b>\u00a1BIENVENIDA A <\/b><\/span><\/h1>\n<h1 style=\"text-align: center;\"><span style=\"color: #993366;\"><b>HONRA TU LUNA!<\/b><\/span><\/h1>\n<h5><\/h5>\n<h5 style=\"text-align: center;\">Estoy muy feliz de saber que est\u00e1s aqu\u00ed. Te felicito por tu valent\u00eda, por tu compromiso contigo misma y por abrirte a manifestar toda la magia que la vida tiene aqu\u00ed y ahora para ti.<\/h5>\n<p>[\/et_pb_text][\/et_pb_column][et_pb_column type=\u00bb1_2&#8243; _builder_version=\u00bb3.0.47&#8243;][et_pb_image src=\u00bbhttps:\/\/shadyakarawiname.com\/wp-content\/uploads\/2020\/07\/servivio-1-1.jpg\u00bb _builder_version=\u00bb3.21.1&#8243;][\/et_pb_image][\/et_pb_column][\/et_pb_row][\/et_pb_section][et_pb_section fb_built=\u00bb1&#8243; _builder_version=\u00bb3.0.47&#8243;][et_pb_row make_fullwidth=\u00bbon\u00bb _builder_version=\u00bb3.21.1&#8243; z_index_tablet=\u00bb500&#8243;][et_pb_column type=\u00bb4_4&#8243; _builder_version=\u00bb3.0.47&#8243;][et_pb_text _builder_version=\u00bb3.21.1&#8243; z_index_tablet=\u00bb500&#8243;]<\/p>\n<h3 style=\"text-align: center;\"><strong>Para aprovechar al m\u00e1ximo nuestro tiempo juntas necesito que, por favor, me des esta informaci\u00f3n:<\/strong><\/h3>\n<p><strong><\/strong><\/p>\n<h3 style=\"text-align: center;\"><strong>\u00a0<\/strong><\/h3>\n<p>&nbsp;<br \/>\n<iframe data-src=\"https:\/\/docs.google.com\/forms\/d\/e\/1FAIpQLSfB-WnEOPq1GmOIodPR1z1WLua3uZFQeRTW_iHH3Ni0FbxGug\/viewform?embedded=true\" width=\"640\" height=\"1539\" frameborder=\"0\" marginheight=\"0\" marginwidth=\"0\" src=\"data:image\/svg+xml;base64,PHN2ZyB3aWR0aD0iMSIgaGVpZ2h0PSIxIiB4bWxucz0iaHR0cDovL3d3dy53My5vcmcvMjAwMC9zdmciPjwvc3ZnPg==\" class=\"lazyload\" data-load-mode=\"1\">Loading\u2026<\/iframe>[\/et_pb_text][\/et_pb_column][\/et_pb_row][et_pb_row make_fullwidth=\u00bbon\u00bb _builder_version=\u00bb3.21.1&#8243; z_index_tablet=\u00bb500&#8243;][et_pb_column type=\u00bb1_3&#8243; _builder_version=\u00bb3.0.47&#8243;][et_pb_cta button_url=\u00bbhttps:\/\/shadyakarawiname.com\/inicio\u00bb button_text=\u00bbVolver a la p\u00e1gina web\u00bb _builder_version=\u00bb3.21.1&#8243; background_image=\u00bbhttps:\/\/shadyakarawiname.com\/wp-content\/uploads\/2020\/07\/banner-inicio.jpg\u00bb custom_padding=\u00bb80px||80px|\u00bb z_index_tablet=\u00bb500&#8243;][\/et_pb_cta][\/et_pb_column][et_pb_column type=\u00bb1_3&#8243; _builder_version=\u00bb3.0.47&#8243;][et_pb_cta button_url=\u00bbhttps:\/\/shadyakarawiname.com\/inicio\u00bb button_text=\u00bbVer m\u00e1s recursos\u00bb _builder_version=\u00bb3.21.1&#8243; background_image=\u00bbhttps:\/\/shadyakarawiname.com\/wp-content\/uploads\/2020\/07\/mockup-cursos.jpg\u00bb custom_padding=\u00bb80px||80px|\u00bb z_index_tablet=\u00bb500&#8243;][\/et_pb_cta][\/et_pb_column][et_pb_column type=\u00bb1_3&#8243; _builder_version=\u00bb3.0.47&#8243;][et_pb_cta button_url=\u00bbhttps:\/\/www.instagram.com\/shadyakarawiname\/\u00bb button_text=\u00bbS\u00edgueme en Instagram\u00bb _builder_version=\u00bb3.21.1&#8243; background_image=\u00bbhttps:\/\/shadyakarawiname.com\/wp-content\/uploads\/2020\/08\/instagram-shadya.jpg\u00bb custom_padding=\u00bb80px||80px|\u00bb z_index_tablet=\u00bb500&#8243;][\/et_pb_cta][\/et_pb_column][\/et_pb_row][\/et_pb_section]<\/p>\n","protected":false},"excerpt":{"rendered":"<p>[et_pb_section fb_built=\u00bb1&#8243; _builder_version=\u00bb3.21.1&#8243; background_color=\u00bb#bfaee3&#8243; custom_padding=\u00bb0|0px|23px|0px|false|false\u00bb z_index_tablet=\u00bb500&#8243;][et_pb_row make_fullwidth=\u00bbon\u00bb custom_padding=\u00bb27px|0px|0|0px|false|false\u00bb _builder_version=\u00bb3.21.1&#8243; z_index_tablet=\u00bb500&#8243;][et_pb_column type=\u00bb1_2&#8243; _builder_version=\u00bb3.0.47&#8243;][et_pb_text _builder_version=\u00bb3.21.1&#8243; background_layout=\u00bbdark\u00bb z_index_tablet=\u00bb500&#8243;] \u00a1BIENVENIDA A HONRA TU LUNA! Estoy muy feliz de saber que est\u00e1s aqu\u00ed. Te felicito por tu valent\u00eda, por tu compromiso contigo misma y por abrirte a manifestar toda la magia que la vida tiene aqu\u00ed y ahora para ti. [&hellip;]<\/p>\n","protected":false},"author":2,"featured_media":0,"parent":0,"menu_order":0,"comment_status":"closed","ping_status":"closed","template":"","meta":{"_surecart_dashboard_logo_width":"180px","_surecart_dashboard_show_logo":true,"_surecart_dashboard_navigation_orders":true,"_surecart_dashboard_navigation_invoices":true,"_surecart_dashboard_navigation_subscriptions":true,"_surecart_dashboard_navigation_downloads":true,"_surecart_dashboard_navigation_billing":true,"_surecart_dashboard_navigation_account":true,"footnotes":""},"wf_page_folders":[],"class_list":["post-1785","page","type-page","status-publish","hentry","post-wrapper","thrv_wrapper"],"_links":{"self":[{"href":"https:\/\/shadyakarawiname.com\/en\/wp-json\/wp\/v2\/pages\/1785","targetHints":{"allow":["GET"]}}],"collection":[{"href":"https:\/\/shadyakarawiname.com\/en\/wp-json\/wp\/v2\/pages"}],"about":[{"href":"https:\/\/shadyakarawiname.com\/en\/wp-json\/wp\/v2\/types\/page"}],"author":[{"embeddable":true,"href":"https:\/\/shadyakarawiname.com\/en\/wp-json\/wp\/v2\/users\/2"}],"replies":[{"embeddable":true,"href":"https:\/\/shadyakarawiname.com\/en\/wp-json\/wp\/v2\/comments?post=1785"}],"version-history":[{"count":0,"href":"https:\/\/shadyakarawiname.com\/en\/wp-json\/wp\/v2\/pages\/1785\/revisions"}],"wp:attachment":[{"href":"https:\/\/shadyakarawiname.com\/en\/wp-json\/wp\/v2\/media?parent=1785"}],"wp:term":[{"taxonomy":"wf_page_folders","embeddable":true,"href":"https:\/\/shadyakarawiname.com\/en\/wp-json\/wp\/v2\/wf_page_folders?post=1785"}],"curies":[{"name":"wp","href":"https:\/\/api.w.org\/{rel}","templated":true}]}}