{"id":1900,"date":"2021-01-16T12:57:01","date_gmt":"2021-01-16T12:57:01","guid":{"rendered":"https:\/\/shadyakarawiname.com\/?page_id=1900"},"modified":"2021-01-16T12:57:09","modified_gmt":"2021-01-16T12:57:09","slug":"mentoria","status":"publish","type":"page","link":"https:\/\/shadyakarawiname.com\/en\/mentoria\/","title":{"rendered":"Mentor\u00eda"},"content":{"rendered":"<p>[et_pb_section fb_built=\u00bb1&#8243; disabled_on=\u00bboff||\u00bb _builder_version=\u00bb3.21.1&#8243; custom_margin=\u00bb|||\u00bb custom_padding=\u00bb0px|0px|0px|0px\u00bb z_index_tablet=\u00bb500&#8243;][et_pb_row make_fullwidth=\u00bbon\u00bb use_custom_gutter=\u00bbon\u00bb gutter_width=\u00bb1&#8243; custom_padding=\u00bb0px|0px|0|0px|false|false\u00bb make_equal=\u00bbon\u00bb bg_img_2=\u00bbhttps:\/\/shadyakarawiname.com\/wp-content\/uploads\/2020\/07\/sanacion-intuitiva.jpg\u00bb background_repeat_2=\u00bbno-repeat\u00bb _builder_version=\u00bb3.21.1&#8243; z_index_tablet=\u00bb500&#8243;][et_pb_column type=\u00bb1_2&#8243; _builder_version=\u00bb3.0.47&#8243;][et_pb_text _builder_version=\u00bb3.21.1&#8243; custom_padding=\u00bb50px|50px|50px|50px\u00bb z_index_tablet=\u00bb500&#8243;]<\/p>\n<h1 style=\"text-align: center;\"><span style=\"color: #800080;\"><strong>\u00a1VAMOS A ACTIVAR TU POTENCIAL INFINITO!<\/strong><\/span><\/h1>\n<p style=\"text-align: center;\"><span>Todos somos <strong>seres de amor<\/strong>, con un potencial infinito, viviendo una experiencia humana.\u00a0<\/span><\/p>\n<p style=\"text-align: center;\"><span>Con frecuencia, los condicionamientos sociales, las experiencias que has tenido, tus creencias y mecanismos de defensa, te han llevado a que olvides qui\u00e9n eres en realidad.<\/span><\/p>\n<p style=\"text-align: center;\"><span>Has trabajado muy duro en crear una vida que amas, pero hay algo que no termina de encajar y sabes que <strong>eres capaz de much\u00edsimo m\u00e1s<\/strong>.\u00a0\u00a0<\/span><\/p>\n<p style=\"text-align: center;\"><span>Repites los mismos patrones, una y otra vez, y <strong>no entiendes realmente por qu\u00e9.\u00a0<\/strong><\/span><\/p>\n<p style=\"text-align: center;\"><span>Te sientes sobrecargado o ansioso porque est\u00e1s tratando de gestionarlo todo y <strong>tienes demasiadas presiones ahora mismo.\u00a0\u00a0<\/strong><\/span><\/p>\n<p style=\"text-align: center;\"><span>No terminas de identificar cu\u00e1l \u00e1rea de <strong>tu vida no es tan satisfactoria como quisieras<\/strong> y qu\u00e9 puedes hacer para sentirte m\u00e1s lleno. <\/span><\/p>\n<p style=\"text-align: center;\"><span>Te gustar\u00eda <strong>hacer un cambio<\/strong> y no sabes c\u00f3mo hacerlo, ni qu\u00e9 camino tomar.\u00a0\u00a0<\/span><\/p>\n<p style=\"text-align: center;\"><span>Te gustar\u00eda conocerte mejor y <strong>estar m\u00e1s en sinton\u00eda con tus dones<\/strong> y talentos.\u00a0<\/span><\/p>\n<p style=\"text-align: center;\"><em>Si alguna de estas frases te ha resonado y te has sentido identificado, sigue leyendo que tengo m\u00e1s para<\/em> contarte.<em>\u00a0\u00a0<\/em><\/p>\n<p>[\/et_pb_text][\/et_pb_column][et_pb_column type=\u00bb1_2&#8243; _builder_version=\u00bb3.0.47&#8243;][et_pb_image src=\u00bbhttps:\/\/shadyakarawiname.com\/wp-content\/uploads\/2020\/07\/sanacion-intuitiva.jpg\u00bb _builder_version=\u00bb3.21.1&#8243;][\/et_pb_image][\/et_pb_column][\/et_pb_row][\/et_pb_section][et_pb_section fb_built=\u00bb1&#8243; disabled_on=\u00bboff||\u00bb _builder_version=\u00bb3.21.1&#8243; custom_margin=\u00bb|||\u00bb custom_padding=\u00bb0px|0px|0px|0px\u00bb z_index_tablet=\u00bb500&#8243;][et_pb_row make_fullwidth=\u00bbon\u00bb use_custom_gutter=\u00bbon\u00bb gutter_width=\u00bb1&#8243; custom_padding=\u00bb0px|0px|0px|0px\u00bb make_equal=\u00bbon\u00bb bg_img_2=\u00bbhttps:\/\/shadyakarawiname.com\/wp-content\/uploads\/2020\/07\/sanacion-intuitiva.jpg\u00bb background_repeat_2=\u00bbno-repeat\u00bb _builder_version=\u00bb3.21.1&#8243; z_index_tablet=\u00bb500&#8243;][et_pb_column type=\u00bb4_4&#8243; _builder_version=\u00bb3.0.47&#8243;][et_pb_text _builder_version=\u00bb3.21.1&#8243; custom_padding=\u00bb50px|50px|50px|50px\u00bb z_index_tablet=\u00bb500&#8243;]<\/p>\n<h1 style=\"text-align: center;\"><span color=\"#deb5d7\" style=\"color: #800080;\"><b>AQU\u00cd ES D\u00d3NDE ENTRO YO<\/b><\/span><\/h1>\n<p style=\"text-align: center;\"><span>Estoy aqu\u00ed para <strong>darte las herramientas y los recursos<\/strong> para que puedas volver a conectar con tu esencia verdadera, <\/span><span>a trav\u00e9s de poderosas sesiones de <strong>Sanaci\u00f3n Intuitiva.\u00a0\u00a0<\/strong><\/span><\/p>\n<p style=\"text-align: center;\"><span>En cada sesi\u00f3n, <strong>te llevar\u00e9 en un viaje profundo hacia tu interior.\u00a0<\/strong><\/span><\/p>\n<p style=\"text-align: center;\"><span>Podr\u00e1s ver tu pasado con claridad, saber c\u00f3mo las experiencias de tus <strong>ancestros<\/strong> tienen un efecto en ti, identificar las heridas profundas de tu <strong>ni\u00f1o interior<\/strong> y c\u00f3mo crearon lo que est\u00e1s viviendo ahora mismo.\u00a0\u00a0<\/span><\/p>\n<p style=\"text-align: center;\"><span>Podr\u00e1s <strong>abrazar al presente<\/strong> con fuerza, entender a profundidad las lecciones que te trae y el significado de las se\u00f1ales que has estado recibiendo.\u00a0\u00a0<\/span><\/p>\n<p style=\"text-align: center;\"><span>Podr\u00e1s hacer un mapa de la maravillosa vida que quieres tener, en d\u00f3nde te <strong>expandas y brilles<\/strong> cada vez m\u00e1s y m\u00e1s.\u00a0\u00a0<\/span><\/p>\n<p>[\/et_pb_text][\/et_pb_column][\/et_pb_row][\/et_pb_section][et_pb_section fb_built=\u00bb1&#8243; _builder_version=\u00bb3.21.1&#8243; custom_padding=\u00bb0|0px|0|0px|false|false\u00bb top_divider_height=\u00bb0px\u00bb][et_pb_row _builder_version=\u00bb3.21.1&#8243;][et_pb_column type=\u00bb1_2&#8243; _builder_version=\u00bb3.21.1&#8243;][et_pb_image src=\u00bbhttps:\/\/shadyakarawiname.com\/wp-content\/uploads\/2020\/11\/J6A9693-1-scaled.jpg\u00bb _builder_version=\u00bb3.21.1&#8243;][\/et_pb_image][\/et_pb_column][et_pb_column type=\u00bb1_2&#8243; _builder_version=\u00bb3.21.1&#8243;][et_pb_text _builder_version=\u00bb3.21.1&#8243; custom_padding=\u00bb50px|50px|50px|50px\u00bb z_index_tablet=\u00bb500&#8243;]<\/p>\n<h1><span color=\"#800080\" style=\"color: #800080;\"><b><\/b><\/span><\/h1>\n<h1><span color=\"#800080\" style=\"color: #800080;\"><b><\/b><\/span><\/h1>\n<h1><span color=\"#800080\" style=\"color: #800080;\"><b><\/b><\/span><\/h1>\n<h1 style=\"text-align: center;\"><span color=\"#800080\" style=\"color: #800080;\"><b>TE OFREZCO UN ENFOQUE HOL\u00cdSTICO<\/b><\/span><\/h1>\n<p style=\"text-align: center;\"><span><\/span><\/p>\n<p style=\"text-align: center;\"><span>Mi m\u00e9todo de <strong>Sanaci\u00f3n Intuitiva<\/strong> combina <strong>Psicolog\u00eda<\/strong> y una mezcla \u00fanica de <strong>Astrolog\u00eda, Constelaciones Familiares, EFT-Tapping, Canalizaci\u00f3n<\/strong> y mucho m\u00e1s, para ofrecerte un enfoque terap\u00e9utico poderoso, profundo y transformador.\u00a0<\/span><\/p>\n<p style=\"text-align: center;\"><span style=\"font-size: 17px;\">Con cada sesi\u00f3n tendr\u00e1s m\u00e1s claridad sobre cu\u00e1les son tus principales lecciones, los regalos y talentos que te hacen \u00fanico, tus lealtades familiares que te est\u00e1n manteniendo estancado, y activar esos botones de poder dentro de ti para <strong>potenciar al m\u00e1ximo tu magnetismo.\u00a0<\/strong><\/span><\/p>\n<p style=\"text-align: center;\"><span><strong>Mi trabajo es tan poderoso que podemos hacer una inmersi\u00f3n profunda y liberar a\u00f1os de trauma y bloqueos<\/strong>, sostener todo lo que surja, darle un lugar y transformarlo, para dar ese salto cu\u00e1ntico que necesitas, muy r\u00e1pidamente.\u00a0 Como la transformaci\u00f3n verdadera es un proceso, he creado una mentor\u00eda especial para permitirte experimentar cambios profundos y duraderos desde el inicio de tu proceso conmigo.\u00a0<\/span><\/p>\n<p>[\/et_pb_text][\/et_pb_column][\/et_pb_row][et_pb_row make_fullwidth=\u00bbon\u00bb use_custom_gutter=\u00bbon\u00bb gutter_width=\u00bb1&#8243; custom_padding=\u00bb0px|0px|0px|0px\u00bb make_equal=\u00bbon\u00bb bg_img_2=\u00bbhttps:\/\/shadyakarawiname.com\/wp-content\/uploads\/2020\/07\/sanacion-intuitiva.jpg\u00bb background_repeat_2=\u00bbno-repeat\u00bb _builder_version=\u00bb3.21.1&#8243; z_index_tablet=\u00bb500&#8243;][et_pb_column type=\u00bb4_4&#8243; _builder_version=\u00bb3.0.47&#8243;][et_pb_text _builder_version=\u00bb3.21.1&#8243; custom_padding=\u00bb50px|50px|50px|50px\u00bb z_index_tablet=\u00bb500&#8243;]<\/p>\n<h1 style=\"text-align: center;\"><span color=\"#deb5d7\" style=\"color: #800080;\"><b>\u00bfC\u00d3MO PODEMOS TRABAJAR JUNTOS?\u00a0<\/b><\/span><\/h1>\n<p style=\"text-align: center;\">Despu\u00e9s de a\u00f1os de experiencia y de acompa\u00f1ar a cientos de personas en sus procesos personales, <strong>estoy convencida que la verdadera transformaci\u00f3n es un proceso y, por eso, he creado Divine Core, una mentor\u00eda exclusiva<\/strong> en d\u00f3nde te acompa\u00f1ar\u00e9 durante dos meses para que puedas realmente reconectar con qui\u00e9n eres y tu m\u00e1ximo potencial.<\/p>\n<p style=\"text-align: center;\"><strong>Estoy convencida que es la mentor\u00eda de este tipo m\u00e1s completa que existe actualmente, por la combinaci\u00f3n de herramientas tan poderosas que utilizaremos, para poder abarcar de una forma m\u00e1s completa e integral tu esencia, tu genialidad, tu magnetismo y, as\u00ed, dejar ir lo que no est\u00e1 alineado con qui\u00e9n eres en realidad.<\/strong><\/p>\n<p style=\"text-align: center;\">Se que estos <strong>dos meses juntos<\/strong> ser\u00e1n absolutamente renovadores para ti y que tendr\u00e1s claridad, un sentimiento de paz y de comprensi\u00f3n profunda desde el inicio.<\/p>\n<h1 style=\"text-align: center;\"><span color=\"#800080\" style=\"color: #800080;\"><b>Con Divine Core tendr\u00e1s:\u00a0<\/b><\/span><\/h1>\n<ul style=\"text-align: center;\">\n<li><strong>4 sesiones poderosas de Sanaci\u00f3n Intuitiva.<\/strong> Cada sesi\u00f3n dura una hora y nos veremos, a trav\u00e9s de Zoom, cada dos semanas. En ellas, utilizaremos todas las herramientas necesarias para identificar realmente lo que necesitas en cada momento y poder procesarlo, integrarlo y transformarlo.<\/li>\n<\/ul>\n<p>&nbsp;<\/p>\n<ul style=\"text-align: center;\">\n<li>Tu <strong>MagicBook<\/strong> personalizado, que crear\u00e9 especialmente para ti, despu\u00e9s de nuestra primera sesi\u00f3n, para que tengas una comprensi\u00f3n m\u00e1s profunda e integral de qui\u00e9n eres, que incluye:<\/li>\n<\/ul>\n<p style=\"text-align: center;\">\u00b7 Los aspectos m\u00e1s importantes de tu <strong>Carta Natal<\/strong> (Sol, Luna, Ascendente, Nodo Norte y planetas principales)<\/p>\n<p style=\"text-align: center;\"><span>\u00b7 Los aspectos m\u00e1s importantes de tu <strong>Dise\u00f1o Humano<\/strong> (Energ\u00eda, Tipo, Estrategia, Autoridad, Perfil)\u00a0<\/span><\/p>\n<p style=\"text-align: center;\">\u00b7 Preguntas profundas de <strong>reflexi\u00f3n e introspecci\u00f3n<\/strong><\/p>\n<p style=\"text-align: center;\">\u00b7 <strong>Mantras y afirmaciones<\/strong> poderosas<\/p>\n<p style=\"text-align: center;\">\n<p style=\"text-align: center;\">\n<ul>\n<li style=\"text-align: center;\">\u00a0<span>Tu propio <strong>audio de reprogramaci\u00f3n profunda<\/strong>, especialmente creado para ti, despu\u00e9s de nuestra primera sesi\u00f3n, con afirmaciones poderosas, para reforzar, transformar o potenciar el \u00e1rea en el que hayamos elegido trabajar, para que lo escuches todas las veces que quieras y realmente reescribas tu historia.<\/span><\/li>\n<\/ul>\n<p style=\"text-align: center;\"><strong>La inversi\u00f3n son 3.333 \u20ac<\/strong><span><\/span><\/p>\n<p style=\"text-align: center;\"><strong><\/strong><\/p>\n<p style=\"text-align: center;\"><strong><\/strong><\/p>\n<p style=\"text-align: center;\"><span style=\"color: #800080; font-size: x-large;\"><strong>Amo a cada uno de mis clientes\u00a0con todo el coraz\u00f3n y me siento muy afortunada de ser testigo de la magia y los milagros que han ocurrido en sus vidas, desde que los he acompa\u00f1ado. <\/strong><\/span><\/p>\n<p style=\"text-align: center;\"><span style=\"color: #800080; font-size: x-large;\"><strong>Que sean sus voces las que te cuenten m\u00e1s.<\/strong><\/span><\/p>\n<p>[\/et_pb_text][\/et_pb_column][\/et_pb_row][\/et_pb_section][et_pb_section fb_built=\u00bb1&#8243; _builder_version=\u00bb3.21.1&#8243; custom_padding=\u00bb0|0px|0|0px|false|false\u00bb][et_pb_row _builder_version=\u00bb3.21.1&#8243;][et_pb_column type=\u00bb1_3&#8243; _builder_version=\u00bb3.21.1&#8243;][et_pb_testimonial portrait_url=\u00bbhttps:\/\/shadyakarawiname.com\/wp-content\/uploads\/2020\/11\/montse.jpg\u00bb _builder_version=\u00bb3.21.1&#8243; background_color=\u00bb#FFC5E6&#8243;]<\/p>\n<p style=\"text-align: center;\"><span>\u00abConoc\u00ed a Shadya en un momento en que mi vida estaba cambiando y desde el primer momento sent\u00ed como ella me trasmit\u00eda energ\u00eda y mucho amor para empezar esta nueva etapa. Inicie terapia con ella hace poco y me ha ayudado a sentirme segura y confiada, a reencontrarme, me ha ense\u00f1ado a creer en mi. Muchas gracias por compartir tu energ\u00eda y tus conocimientos. Eres una mujer incre\u00edble\u00bb.\u00a0<\/span><\/p>\n<p style=\"text-align: center;\"><strong>Montse<\/strong><span><\/span><\/p>\n<p>[\/et_pb_testimonial][\/et_pb_column][et_pb_column type=\u00bb1_3&#8243; _builder_version=\u00bb3.21.1&#8243;][et_pb_testimonial portrait_url=\u00bbhttps:\/\/shadyakarawiname.com\/wp-content\/uploads\/2020\/11\/juanita.jpg\u00bb _builder_version=\u00bb3.21.1&#8243; background_color=\u00bb#BFAEE3&#8243;]<\/p>\n<p style=\"text-align: center;\"><span><\/span><\/p>\n<p style=\"text-align: center;\"><span><\/span><\/p>\n<p style=\"text-align: center;\"><span>\u00abEl d\u00eda que tocaba conoc\u00ed Shadya y a trav\u00e9s de su terapia sano un pedazo de mi coraz\u00f3n. Sin culpas, sin dolor, con mucho amor ayud\u00f3 a que un pedazo de mi vida encajara por fin y me diera aun mas ganas de continuar. Gracias por ser tu y por tus bellas palabras de sanaci\u00f3n\u00bb.<\/span><\/p>\n<p style=\"text-align: center;\"><strong>Juana<\/strong><\/p>\n<p><span><\/span><\/p>\n<p><span><\/span><\/p>\n<p><span><\/span><\/p>\n<p><span><\/span><\/p>\n<p><span><\/span><\/p>\n<p>[\/et_pb_testimonial][\/et_pb_column][et_pb_column type=\u00bb1_3&#8243; _builder_version=\u00bb3.21.1&#8243;][et_pb_testimonial portrait_url=\u00bbhttps:\/\/shadyakarawiname.com\/wp-content\/uploads\/2020\/11\/WhatsApp-Image-2020-11-23-at-12.13.35-AM.jpeg\u00bb _builder_version=\u00bb3.21.1&#8243; background_color=\u00bb#FFC5E6&#8243;]<\/p>\n<p style=\"text-align: center;\"><span><\/span><\/p>\n<p style=\"text-align: center;\"><span>\u00abShadya tiene unas terapias y talleres que ayudan a sanar bloqueos que uno tiene desde hace tiempo de una forma muy amorosa y conciliadora. Me encanta como aborda los temas y como de una forma sencilla hace que podamos sanar nosotros mismos nuestras heridas. La recomiendo totalmente a ojo cerrado. Uno queda feliz y tranquilo despu\u00e9s de cada cita con ella.\u00bb<\/span><\/p>\n<p style=\"text-align: center;\"><strong>Alejandra<\/strong><\/p>\n<p>[\/et_pb_testimonial][\/et_pb_column][\/et_pb_row][et_pb_row _builder_version=\u00bb3.21.1&#8243;][et_pb_column type=\u00bb1_3&#8243; _builder_version=\u00bb3.21.1&#8243;][et_pb_testimonial portrait_url=\u00bbhttps:\/\/shadyakarawiname.com\/wp-content\/uploads\/2020\/11\/paola.jpg\u00bb _builder_version=\u00bb3.21.1&#8243; background_color=\u00bb#BFAEE3&#8243;]<\/p>\n<p style=\"text-align: center;\"><span><\/span><\/p>\n<p style=\"text-align: center;\"><span><\/span><\/p>\n<p style=\"text-align: center;\"><span>\u00abMi sesi\u00f3n con Shadya la disfrut\u00e9 much\u00edsimo! Sobretodo por la paz y tranquilidad que transmite, en especial por la energ\u00eda de amor que brota de ella. Permite abrirte y mostrarte tal como realmente eres y expresar lo que sientes. Fue maravillosa y me ayudo a entender mucho la ra\u00edz de mis problemas y sentimientos. Absolutamente recomendada\u00bb.<\/span><\/p>\n<p style=\"text-align: center;\"><strong>Paola<\/strong><\/p>\n<p style=\"text-align: center;\"><strong><\/strong><\/p>\n<p style=\"text-align: center;\"><strong><\/strong><\/p>\n<p style=\"text-align: center;\"><strong><\/strong><\/p>\n<p style=\"text-align: center;\"><strong><\/strong><\/p>\n<p>[\/et_pb_testimonial][\/et_pb_column][et_pb_column type=\u00bb1_3&#8243; _builder_version=\u00bb3.21.1&#8243;][et_pb_testimonial portrait_url=\u00bbhttps:\/\/shadyakarawiname.com\/wp-content\/uploads\/2020\/11\/raimy.jpg\u00bb _builder_version=\u00bb3.21.1&#8243; background_color=\u00bb#FFC5E6&#8243;]<\/p>\n<p style=\"text-align: center;\"><span style=\"font-size: 17px;\">\u00abHe tenido la hermosa oportunidad de conocer este gran ser humano, y tener varias sesiones juntas, donde ella con su amor, carisma, conocimiento y experiencia me ha brindado herramientas muy \u00fatiles para poder solucionar de la mejor manera las cosas. No dudo ni dudar\u00e9 en seguir contactando de sus servicios para cuando la necesito. La recomiendo al 100% quienes est\u00e9n en b\u00fasqueda de esa Mano Ayuda. Ella es un sol que ilumina mucha de nuestras vidas. Mil Gracias my Shadya\u00a0<\/span><span class=\"_47e3 _5mfr\" title=\"heart emoticon\" style=\"font-size: 17px;\"><img decoding=\"async\" class=\"img lazyload\" height=\"16\" role=\"presentation\" data-src=\"https:\/\/static.xx.fbcdn.net\/images\/emoji.php\/v9\/t6c\/1\/16\/2764.png\" width=\"16\" alt=\"\" src=\"data:image\/svg+xml;base64,PHN2ZyB3aWR0aD0iMSIgaGVpZ2h0PSIxIiB4bWxucz0iaHR0cDovL3d3dy53My5vcmcvMjAwMC9zdmciPjwvc3ZnPg==\" style=\"--smush-placeholder-width: 16px; --smush-placeholder-aspect-ratio: 16\/16;\" \/><\/span><span style=\"font-size: 17px;\">\u00a0\u00ab.<\/span><\/p>\n<p style=\"text-align: center;\"><strong>Raimy<\/strong><\/p>\n<p>[\/et_pb_testimonial][\/et_pb_column][et_pb_column type=\u00bb1_3&#8243; _builder_version=\u00bb3.21.1&#8243;][et_pb_testimonial portrait_url=\u00bbhttps:\/\/shadyakarawiname.com\/wp-content\/uploads\/2020\/11\/ana.jpg\u00bb _builder_version=\u00bb3.21.1&#8243; background_color=\u00bb#BFAEE3&#8243;]<\/p>\n<p style=\"text-align: center;\"><span><\/span><\/p>\n<p style=\"text-align: center;\"><span><\/span><\/p>\n<p style=\"text-align: center;\"><span><\/span><\/p>\n<p style=\"text-align: center;\"><span>\u00abShadya usa una combinaci\u00f3n de t\u00e9cnicas cient\u00edficas y alternativas para trabajar los bloqueos que nos impiden seguir adelante. Es muy intuitiva pero tambi\u00e9n muy aterrizada. Lo que m\u00e1s me gusta de ella es que no se queda en el diagn\u00f3stico, sino que pone un polo a tierra para ayudarnos a tomar acciones..\u00bb<\/span><\/p>\n<p style=\"text-align: center;\"><strong>Ana<\/strong><\/p>\n<p style=\"text-align: center;\"><strong><\/strong><\/p>\n<p style=\"text-align: center;\"><strong><\/strong><\/p>\n<p style=\"text-align: center;\"><strong><\/strong><\/p>\n<p style=\"text-align: center;\"><strong><\/strong><\/p>\n<p>[\/et_pb_testimonial][\/et_pb_column][\/et_pb_row][\/et_pb_section][et_pb_section fb_built=\u00bb1&#8243; _builder_version=\u00bb3.21.1&#8243; custom_padding=\u00bb0|0px|0|0px|false|false\u00bb][et_pb_row _builder_version=\u00bb3.21.1&#8243;][et_pb_column type=\u00bb1_2&#8243; _builder_version=\u00bb3.21.1&#8243;][et_pb_text _builder_version=\u00bb3.21.1&#8243; custom_padding=\u00bb50px|50px|50px|50px\u00bb z_index_tablet=\u00bb500&#8243;]<\/p>\n<h1><span color=\"#800080\" style=\"color: #800080;\"><b><\/b><\/span><\/h1>\n<h1><span color=\"#800080\" style=\"color: #800080;\"><b><\/b><\/span><\/h1>\n<h1 style=\"text-align: center;\"><span color=\"#800080\" style=\"color: #800080;\"><b><\/b><\/span><\/h1>\n<h1 style=\"text-align: center;\"><span color=\"#800080\" style=\"color: #800080;\"><b>\u00bfEST\u00c1S LISTO PARA CONECTAR CON TU ESENCIA DIVINA?\u00a0<\/b><\/span><\/h1>\n<p style=\"text-align: center;\"><span><\/span><\/p>\n<p style=\"text-align: center;\"><span><strong>Me entrego completamente a mis clientes<\/strong> y estoy totalmente comprometida con su transformaci\u00f3n profunda. Me encantar\u00eda ser parte de tu camino y acompa\u00f1arte a conectar con toda tu luz para que brilles en armon\u00eda con qui\u00e9n eres en realidad. <\/span><\/p>\n<p>[\/et_pb_text][et_pb_button button_url=\u00bbhttps:\/\/www.paypal.com\/cgi-bin\/webscr?cmd=_s-xclick&#038;hosted_button_id=WG6UUV9GXEHKJ\u00bb url_new_window=\u00bbon\u00bb button_text=\u00bb\u00a1quiero divine core!\u00bb button_alignment=\u00bbcenter\u00bb _builder_version=\u00bb3.21.1&#8243; transform_scale=\u00bb132%|132%\u00bb][\/et_pb_button][\/et_pb_column][et_pb_column type=\u00bb1_2&#8243; _builder_version=\u00bb3.21.1&#8243;][et_pb_image src=\u00bbhttps:\/\/shadyakarawiname.com\/wp-content\/uploads\/2020\/10\/WhatsApp-Image-2020-10-30-at-6.37.38-PM.jpeg\u00bb _builder_version=\u00bb3.21.1&#8243;][\/et_pb_image][\/et_pb_column][\/et_pb_row][\/et_pb_section]<\/p>\n","protected":false},"excerpt":{"rendered":"<p>[et_pb_section fb_built=\u00bb1&#8243; disabled_on=\u00bboff||\u00bb _builder_version=\u00bb3.21.1&#8243; custom_margin=\u00bb|||\u00bb custom_padding=\u00bb0px|0px|0px|0px\u00bb z_index_tablet=\u00bb500&#8243;][et_pb_row make_fullwidth=\u00bbon\u00bb use_custom_gutter=\u00bbon\u00bb gutter_width=\u00bb1&#8243; custom_padding=\u00bb0px|0px|0|0px|false|false\u00bb make_equal=\u00bbon\u00bb bg_img_2=\u00bbhttps:\/\/shadyakarawiname.com\/wp-content\/uploads\/2020\/07\/sanacion-intuitiva.jpg\u00bb background_repeat_2=\u00bbno-repeat\u00bb _builder_version=\u00bb3.21.1&#8243; z_index_tablet=\u00bb500&#8243;][et_pb_column type=\u00bb1_2&#8243; _builder_version=\u00bb3.0.47&#8243;][et_pb_text _builder_version=\u00bb3.21.1&#8243; custom_padding=\u00bb50px|50px|50px|50px\u00bb z_index_tablet=\u00bb500&#8243;] \u00a1VAMOS A ACTIVAR TU POTENCIAL INFINITO! Todos somos seres de amor, con un potencial infinito, viviendo una experiencia humana.\u00a0 Con frecuencia, los condicionamientos sociales, las experiencias que has tenido, tus creencias y mecanismos de [&hellip;]<\/p>\n","protected":false},"author":2,"featured_media":0,"parent":0,"menu_order":0,"comment_status":"closed","ping_status":"closed","template":"","meta":{"_surecart_dashboard_logo_width":"180px","_surecart_dashboard_show_logo":true,"_surecart_dashboard_navigation_orders":true,"_surecart_dashboard_navigation_invoices":true,"_surecart_dashboard_navigation_subscriptions":true,"_surecart_dashboard_navigation_downloads":true,"_surecart_dashboard_navigation_billing":true,"_surecart_dashboard_navigation_account":true,"footnotes":""},"wf_page_folders":[],"class_list":["post-1900","page","type-page","status-publish","hentry","post-wrapper","thrv_wrapper"],"_links":{"self":[{"href":"https:\/\/shadyakarawiname.com\/en\/wp-json\/wp\/v2\/pages\/1900","targetHints":{"allow":["GET"]}}],"collection":[{"href":"https:\/\/shadyakarawiname.com\/en\/wp-json\/wp\/v2\/pages"}],"about":[{"href":"https:\/\/shadyakarawiname.com\/en\/wp-json\/wp\/v2\/types\/page"}],"author":[{"embeddable":true,"href":"https:\/\/shadyakarawiname.com\/en\/wp-json\/wp\/v2\/users\/2"}],"replies":[{"embeddable":true,"href":"https:\/\/shadyakarawiname.com\/en\/wp-json\/wp\/v2\/comments?post=1900"}],"version-history":[{"count":0,"href":"https:\/\/shadyakarawiname.com\/en\/wp-json\/wp\/v2\/pages\/1900\/revisions"}],"wp:attachment":[{"href":"https:\/\/shadyakarawiname.com\/en\/wp-json\/wp\/v2\/media?parent=1900"}],"wp:term":[{"taxonomy":"wf_page_folders","embeddable":true,"href":"https:\/\/shadyakarawiname.com\/en\/wp-json\/wp\/v2\/wf_page_folders?post=1900"}],"curies":[{"name":"wp","href":"https:\/\/api.w.org\/{rel}","templated":true}]}}