{"id":2126,"date":"2021-05-15T13:30:24","date_gmt":"2021-05-15T13:30:24","guid":{"rendered":"https:\/\/shadyakarawiname.com\/?page_id=2126"},"modified":"2024-03-06T12:52:19","modified_gmt":"2024-03-06T12:52:19","slug":"astrosale","status":"publish","type":"page","link":"https:\/\/shadyakarawiname.com\/en\/astrosale\/","title":{"rendered":"AstroCode"},"content":{"rendered":"<p>[et_pb_section fb_built=\u00bb1&#8243; disabled_on=\u00bboff||\u00bb _builder_version=\u00bb3.22&#8243; background_color=\u00bb#ffffff\u00bb custom_margin=\u00bb|||\u00bb custom_padding=\u00bb0px|0px|0px|0px\u00bb z_index_tablet=\u00bb500&#8243;][et_pb_row _builder_version=\u00bb3.25&#8243;][et_pb_column type=\u00bb4_4&#8243; _builder_version=\u00bb3.25&#8243; custom_padding=\u00bb|||\u00bb custom_padding__hover=\u00bb|||\u00bb][et_pb_image src=\u00bbhttps:\/\/shadyakarawiname.com\/wp-content\/uploads\/2021\/02\/WhatsApp-Image-2020-04-21-at-1.39.13-PM.jpeg\u00bb align_tablet=\u00bbcenter\u00bb align_phone=\u00bb\u00bb align_last_edited=\u00bbon|desktop\u00bb _builder_version=\u00bb3.23&#8243;][\/et_pb_image][\/et_pb_column][\/et_pb_row][\/et_pb_section][et_pb_section fb_built=\u00bb1&#8243; disabled_on=\u00bboff||\u00bb _builder_version=\u00bb3.22&#8243; custom_margin=\u00bb|||\u00bb custom_padding=\u00bb0px|0px|0px|0px\u00bb z_index_tablet=\u00bb500&#8243;][et_pb_row use_custom_gutter=\u00bbon\u00bb gutter_width=\u00bb1&#8243; make_equal=\u00bbon\u00bb module_class=\u00bb et_pb_row_fullwidth\u00bb _builder_version=\u00bb3.25&#8243; width=\u00bb100%\u00bb width_tablet=\u00bb100%\u00bb width_phone=\u00bb\u00bb width_last_edited=\u00bbon|desktop\u00bb max_width=\u00bb100%\u00bb max_width_tablet=\u00bb100%\u00bb max_width_phone=\u00bb\u00bb max_width_last_edited=\u00bbon|desktop\u00bb custom_padding=\u00bb0px|0px|0px|0px\u00bb z_index_tablet=\u00bb500&#8243; make_fullwidth=\u00bbon\u00bb][et_pb_column type=\u00bb4_4&#8243; _builder_version=\u00bb3.25&#8243; custom_padding=\u00bb|||\u00bb custom_padding__hover=\u00bb|||\u00bb][et_pb_text _builder_version=\u00bb4.5.3&#8243; custom_padding=\u00bb50px|50px|50px|50px\u00bb z_index_tablet=\u00bb500&#8243; inline_fonts=\u00bbAbhaya Libre\u00bb]<\/p>\n<h1 style=\"text-align: center;\"><span style=\"color: #800080;\"><b>ASTROCODE<\/b><\/span><\/h1>\n<p style=\"text-align: center;\"><span style=\"font-size: x-large; color: #cc59c2;\">Conecta con tu ADN Astrol\u00f3gico<\/span><\/p>\n<p style=\"text-align: center;\"><span style=\"font-size: large; font-family: 'Abhaya Libre'; font-weight: normal;\">A trav\u00e9s de la <strong>Astrolog\u00eda<\/strong> podemos conocernos a profundidad, conectar con los <strong>mensajes<\/strong> sabios de nuestra alma,\u00a0 saber que <strong>todo el tiempo estamos siendo guiados, inspirados, apoyados.\u00a0<\/strong><\/span><\/p>\n<p style=\"text-align: center;\"><span style=\"font-size: large; font-family: 'Abhaya Libre'; font-weight: normal;\">He creado <strong>AstroCode<\/strong> para que, de una manera pr\u00e1ctica, puedas acceder a la informaci\u00f3n m\u00e1s relevante en tu carta natal. <strong>AstroCode<\/strong> es tu propia gu\u00eda de m\u00e1s de\u00a0<strong>30 p\u00e1ginas<\/strong>, en d\u00f3nde detallo tu ADN Astrol\u00f3gico, para que conectes c\u00f3mo <strong>est\u00e1s dise\u00f1ado para brillar<\/strong>, establecer <strong>relaciones<\/strong>, disfrutar y compartir de tus <strong>talentos<\/strong> y mucho m\u00e1s.<\/span><\/p>\n<p style=\"text-align: center;\"><span style=\"font-size: large; font-family: 'Abhaya Libre'; font-weight: normal;\">\u00a0<\/span><\/p>\n<p style=\"text-align: center;\"><span style=\"font-size: large; font-family: 'Abhaya Libre'; font-weight: normal;\">Te cuento d\u00f3nde est\u00e1n tus planetas, qu\u00e9 quiere decir y c\u00f3mo te impacta, <strong>para que puedas conectar con tus fortalezas, grandes aprendizajes y ventanas de oportunidad, para que vivas realmente desde tu esencia magn\u00e9tica y m\u00e1gica.<\/strong><\/span><\/p>\n<p style=\"text-align: center;\"><span style=\"font-size: large; font-family: 'Abhaya Libre'; font-weight: normal;\">\u00a0<\/span><\/p>\n<p style=\"text-align: center;\"><span style=\"font-size: large; font-family: 'Abhaya Libre'; font-weight: normal;\">Est\u00e1 dise\u00f1ado de una forma hermosa y especialmente para ti. <strong>El baile de tu Carta Natal te hace \u00fanica<\/strong>\u00a0y quiero que, a trav\u00e9s de tu <strong>AstroCode<\/strong>, puedas siempre recordarlo.<\/span><\/p>\n<p style=\"text-align: center;\"><span style=\"font-size: large;\"><strong><span style=\"font-family: 'Abhaya Libre';\">88 euros<\/span><\/strong><\/span><\/p>\n<p>[\/et_pb_text][\/et_pb_column][\/et_pb_row][et_pb_row _builder_version=\u00bb3.25&#8243;][et_pb_column type=\u00bb4_4&#8243; _builder_version=\u00bb3.25&#8243; custom_padding=\u00bb|||\u00bb custom_padding__hover=\u00bb|||\u00bb][et_pb_button button_url=\u00bbhttps:\/\/www.paypal.com\/cgi-bin\/webscr?cmd=_s-xclick&#038;hosted_button_id=MRA9G38FQAC5W\u00bb url_new_window=\u00bbon\u00bb button_text=\u00bb\u00a1Quiero mi AstroCODE ahora!\u00bb button_alignment=\u00bbcenter\u00bb _builder_version=\u00bb4.5.3&#8243; transform_scale=\u00bb150%|150%\u00bb][\/et_pb_button][\/et_pb_column][\/et_pb_row][\/et_pb_section][et_pb_section fb_built=\u00bb1&#8243; _builder_version=\u00bb3.22&#8243; custom_padding=\u00bb0|0px|0|0px|false|false\u00bb top_divider_height=\u00bb0px\u00bb][et_pb_row column_structure=\u00bb1_2,1_2&#8243; _builder_version=\u00bb3.25&#8243;][et_pb_column type=\u00bb1_2&#8243; _builder_version=\u00bb3.25&#8243; custom_padding=\u00bb|||\u00bb custom_padding__hover=\u00bb|||\u00bb][et_pb_image src=\u00bbhttps:\/\/shadyakarawiname.com\/wp-content\/uploads\/2020\/11\/J6A9693-1-scaled.jpg\u00bb align_tablet=\u00bbcenter\u00bb align_phone=\u00bb\u00bb align_last_edited=\u00bbon|desktop\u00bb _builder_version=\u00bb3.23&#8243;][\/et_pb_image][\/et_pb_column][et_pb_column type=\u00bb1_2&#8243; _builder_version=\u00bb3.25&#8243; custom_padding=\u00bb|||\u00bb custom_padding__hover=\u00bb|||\u00bb][et_pb_text _builder_version=\u00bb4.5.3&#8243; custom_padding=\u00bb50px|50px|50px|50px\u00bb z_index_tablet=\u00bb500&#8243;]<\/p>\n<p style=\"text-align: center;\">La Astrolog\u00eda ha cambiado mi vida por completo y estoy convencida que tambi\u00e9n cambiar\u00e1 la tuya.<\/p>\n<p style=\"text-align: center;\"><span style=\"font-family: 'Abhaya Libre'; font-weight: normal;\">Soy <strong>Mentora Espiritual y enciendo procesos de transformaci\u00f3n profunda<\/strong> en la vida de miles de personas alrededor del mundo, con mi m\u00e9todo \u00fanico de <strong>Sanaci\u00f3n Intuitiva<\/strong>\u00a0que combina <strong>Psicolog\u00eda,\u00a0<\/strong>\u00a0<strong>Astrolog\u00eda, Constelaciones Familiares, EFT-Tapping, Canalizaci\u00f3n<\/strong> y mucho m\u00e1s, para ofrecerte un enfoque terap\u00e9utico poderoso, profundo y transformador.\u00a0<\/span><\/p>\n<p style=\"text-align: center;\"><span style=\"font-family: 'Abhaya Libre'; font-weight: normal;\">Utilizo la <strong>Astrolog\u00eda Psicol\u00f3gica e Intuitiva<\/strong> y, por eso, he creado <strong>AstroCode<\/strong> especiamente para ti:\u00a0<\/span><\/p>\n<p style=\"text-align: center;\"><span style=\"font-family: 'Abhaya Libre'; font-weight: normal; color: #cc59c2;\">Ha llegado el momento de que escuches lo que tu alma est\u00e1 tratando de decirte y conectes con qui\u00e9n eres en realidad.<\/span><\/p>\n<p style=\"text-align: center;\"><span style=\"font-family: 'Abhaya Libre'; font-weight: normal; color: #cc59c2;\">88 euros<\/span><\/p>\n<p style=\"text-align: center;\"><span style=\"font-family: 'Abhaya Libre'; font-weight: normal; color: #cc59c2;\"><\/span><\/p>\n<p style=\"text-align: center;\"><span style=\"font-family: 'Abhaya Libre'; font-weight: normal; color: #cc59c2;\"><\/span><\/p>\n<p>[\/et_pb_text][et_pb_button button_url=\u00bbhttps:\/\/www.paypal.com\/cgi-bin\/webscr?cmd=_s-xclick&#038;hosted_button_id=MRA9G38FQAC5W\u00bb url_new_window=\u00bbon\u00bb button_text=\u00bb\u00a1Quiero mi AstroCODE!\u00bb button_alignment=\u00bbcenter\u00bb _builder_version=\u00bb4.5.3&#8243; transform_scale=\u00bb150%|150%\u00bb][\/et_pb_button][\/et_pb_column][\/et_pb_row][et_pb_row use_custom_gutter=\u00bbon\u00bb gutter_width=\u00bb1&#8243; make_equal=\u00bbon\u00bb module_class=\u00bb et_pb_row_fullwidth\u00bb _builder_version=\u00bb3.25&#8243; width=\u00bb100%\u00bb width_tablet=\u00bb100%\u00bb width_phone=\u00bb\u00bb width_last_edited=\u00bbon|desktop\u00bb max_width=\u00bb100%\u00bb max_width_tablet=\u00bb100%\u00bb max_width_phone=\u00bb\u00bb max_width_last_edited=\u00bbon|desktop\u00bb custom_padding=\u00bb0px|0px|0px|0px\u00bb z_index_tablet=\u00bb500&#8243; make_fullwidth=\u00bbon\u00bb][et_pb_column type=\u00bb4_4&#8243; _builder_version=\u00bb3.25&#8243; custom_padding=\u00bb|||\u00bb custom_padding__hover=\u00bb|||\u00bb][et_pb_text _builder_version=\u00bb3.27.4&#8243; custom_padding=\u00bb50px|50px|50px|50px\u00bb z_index_tablet=\u00bb500&#8243;]&nbsp;<\/p>\n<p style=\"text-align: center;\"><span style=\"color: #800080; font-size: x-large;\"><strong>A lo largo de los a\u00f1os, he acompa\u00f1ado a miles de personas en sus procesos de transformaci\u00f3n profunda. Amo a cada uno de ellos y me siento muy afortunada de ser testigo de la magia y los milagros que han ocurrido en sus vidas, desde que los he acompa\u00f1ado. <\/strong><\/span><\/p>\n<p style=\"text-align: center;\"><span style=\"color: #800080; font-size: x-large;\"><strong>Que sean sus voces las que te cuenten m\u00e1s.<\/strong><\/span><\/p>\n<p>[\/et_pb_text][\/et_pb_column][\/et_pb_row][\/et_pb_section][et_pb_section fb_built=\u00bb1&#8243; _builder_version=\u00bb3.22&#8243; custom_padding=\u00bb0|0px|0|0px|false|false\u00bb][et_pb_row column_structure=\u00bb1_3,1_3,1_3&#8243; _builder_version=\u00bb3.25&#8243;][et_pb_column type=\u00bb1_3&#8243; _builder_version=\u00bb3.25&#8243; custom_padding=\u00bb|||\u00bb custom_padding__hover=\u00bb|||\u00bb][et_pb_testimonial portrait_url=\u00bbhttps:\/\/shadyakarawiname.com\/wp-content\/uploads\/2020\/11\/montse.jpg\u00bb _builder_version=\u00bb3.21.1&#8243; background_color=\u00bb#FFC5E6&#8243;]<\/p>\n<p style=\"text-align: center;\"><span>\u00abConoc\u00ed a Shadya en un momento en que mi vida estaba cambiando y desde el primer momento sent\u00ed como ella me trasmit\u00eda energ\u00eda y mucho amor para empezar esta nueva etapa. Inicie terapia con ella hace poco y me ha ayudado a sentirme segura y confiada, a reencontrarme, me ha ense\u00f1ado a creer en mi. Muchas gracias por compartir tu energ\u00eda y tus conocimientos. Eres una mujer incre\u00edble\u00bb.&nbsp;<\/span><\/p>\n<p style=\"text-align: center;\"><strong>Montse<\/strong><span><\/span><\/p>\n<p>[\/et_pb_testimonial][\/et_pb_column][et_pb_column type=\u00bb1_3&#8243; _builder_version=\u00bb3.25&#8243; custom_padding=\u00bb|||\u00bb custom_padding__hover=\u00bb|||\u00bb][et_pb_testimonial portrait_url=\u00bbhttps:\/\/shadyakarawiname.com\/wp-content\/uploads\/2020\/11\/juanita.jpg\u00bb _builder_version=\u00bb3.21.1&#8243; background_color=\u00bb#BFAEE3&#8243;]<\/p>\n<p style=\"text-align: center;\"><span><\/span><\/p>\n<p style=\"text-align: center;\"><span><\/span><\/p>\n<p style=\"text-align: center;\"><span>\u00abEl d\u00eda que tocaba conoc\u00ed Shadya y a trav\u00e9s de su terapia sano un pedazo de mi coraz\u00f3n. Sin culpas, sin dolor, con mucho amor ayud\u00f3 a que un pedazo de mi vida encajara por fin y me diera aun mas ganas de continuar. Gracias por ser tu y por tus bellas palabras de sanaci\u00f3n\u00bb.<\/span><\/p>\n<p style=\"text-align: center;\"><strong>Juana<\/strong><\/p>\n<p><span><\/span><\/p>\n<p><span><\/span><\/p>\n<p><span><\/span><\/p>\n<p><span><\/span><\/p>\n<p><span><\/span>[\/et_pb_testimonial][\/et_pb_column][et_pb_column type=\u00bb1_3&#8243; _builder_version=\u00bb3.25&#8243; custom_padding=\u00bb|||\u00bb custom_padding__hover=\u00bb|||\u00bb][et_pb_testimonial portrait_url=\u00bbhttps:\/\/shadyakarawiname.com\/wp-content\/uploads\/2020\/11\/WhatsApp-Image-2020-11-23-at-12.13.35-AM.jpeg\u00bb _builder_version=\u00bb3.21.1&#8243; background_color=\u00bb#FFC5E6&#8243;]<\/p>\n<p style=\"text-align: center;\"><span><\/span><\/p>\n<p style=\"text-align: center;\"><span>\u00abShadya tiene unas terapias y talleres que ayudan a sanar bloqueos que uno tiene desde hace tiempo de una forma muy amorosa y conciliadora. Me encanta como aborda los temas y como de una forma sencilla hace que podamos sanar nosotros mismos nuestras heridas. La recomiendo totalmente a ojo cerrado. Uno queda feliz y tranquilo despu\u00e9s de cada cita con ella.\u00bb<\/span><\/p>\n<p style=\"text-align: center;\"><strong>Alejandra<\/strong><\/p>\n<p>[\/et_pb_testimonial][\/et_pb_column][\/et_pb_row][et_pb_row column_structure=\u00bb1_3,1_3,1_3&#8243; _builder_version=\u00bb3.25&#8243;][et_pb_column type=\u00bb1_3&#8243; _builder_version=\u00bb3.25&#8243; custom_padding=\u00bb|||\u00bb custom_padding__hover=\u00bb|||\u00bb][et_pb_testimonial portrait_url=\u00bbhttps:\/\/shadyakarawiname.com\/wp-content\/uploads\/2020\/11\/paola.jpg\u00bb _builder_version=\u00bb3.21.1&#8243; background_color=\u00bb#BFAEE3&#8243;]<\/p>\n<p style=\"text-align: center;\"><span><\/span><\/p>\n<p style=\"text-align: center;\"><span><\/span><\/p>\n<p style=\"text-align: center;\"><span>\u00abMi sesi\u00f3n con Shadya la disfrut\u00e9 much\u00edsimo! Sobretodo por la paz y tranquilidad que transmite, en especial por la energ\u00eda de amor que brota de ella. Permite abrirte y mostrarte tal como realmente eres y expresar lo que sientes. Fue maravillosa y me ayudo a entender mucho la ra\u00edz de mis problemas y sentimientos. Absolutamente recomendada\u00bb.<\/span><\/p>\n<p style=\"text-align: center;\"><strong>Paola<\/strong><\/p>\n<p style=\"text-align: center;\"><strong><\/strong><\/p>\n<p style=\"text-align: center;\"><strong><\/strong><\/p>\n<p style=\"text-align: center;\"><strong><\/strong><\/p>\n<p style=\"text-align: center;\"><strong><\/strong><\/p>\n<p>[\/et_pb_testimonial][\/et_pb_column][et_pb_column type=\u00bb1_3&#8243; _builder_version=\u00bb3.25&#8243; custom_padding=\u00bb|||\u00bb custom_padding__hover=\u00bb|||\u00bb][et_pb_testimonial portrait_url=\u00bbhttps:\/\/shadyakarawiname.com\/wp-content\/uploads\/2020\/11\/raimy.jpg\u00bb _builder_version=\u00bb3.21.1&#8243; background_color=\u00bb#FFC5E6&#8243;]<\/p>\n<p style=\"text-align: center;\"><span style=\"font-size: 17px;\">\u00abHe tenido la hermosa oportunidad de conocer este gran ser humano, y tener varias sesiones juntas, donde ella con su amor, carisma, conocimiento y experiencia me ha brindado herramientas muy \u00fatiles para poder solucionar de la mejor manera las cosas. No dudo ni dudar\u00e9 en seguir contactando de sus servicios para cuando la necesito. La recomiendo al 100% quienes est\u00e9n en b\u00fasqueda de esa Mano Ayuda. Ella es un sol que ilumina mucha de nuestras vidas. Mil Gracias my Shadya&nbsp;<\/span><span class=\"_47e3 _5mfr\" title=\"heart emoticon\" style=\"font-size: 17px;\"><img decoding=\"async\" class=\"img lazyload\" height=\"16\" role=\"presentation\" data-src=\"https:\/\/static.xx.fbcdn.net\/images\/emoji.php\/v9\/t6c\/1\/16\/2764.png\" width=\"16\" alt=\"\" src=\"data:image\/svg+xml;base64,PHN2ZyB3aWR0aD0iMSIgaGVpZ2h0PSIxIiB4bWxucz0iaHR0cDovL3d3dy53My5vcmcvMjAwMC9zdmciPjwvc3ZnPg==\" style=\"--smush-placeholder-width: 16px; --smush-placeholder-aspect-ratio: 16\/16;\"><\/span><span style=\"font-size: 17px;\">&nbsp;\u00ab.<\/span><\/p>\n<p style=\"text-align: center;\"><strong>Raimy<\/strong><\/p>\n<p>[\/et_pb_testimonial][\/et_pb_column][et_pb_column type=\u00bb1_3&#8243; _builder_version=\u00bb3.25&#8243; custom_padding=\u00bb|||\u00bb custom_padding__hover=\u00bb|||\u00bb][et_pb_testimonial portrait_url=\u00bbhttps:\/\/shadyakarawiname.com\/wp-content\/uploads\/2020\/11\/ana.jpg\u00bb _builder_version=\u00bb3.21.1&#8243; background_color=\u00bb#BFAEE3&#8243;]<\/p>\n<p style=\"text-align: center;\"><span><\/span><\/p>\n<p style=\"text-align: center;\"><span><\/span><\/p>\n<p style=\"text-align: center;\"><span><\/span><\/p>\n<p style=\"text-align: center;\"><span>\u00abShadya usa una combinaci\u00f3n de t\u00e9cnicas cient\u00edficas y alternativas para trabajar los bloqueos que nos impiden seguir adelante. Es muy intuitiva pero tambi\u00e9n muy aterrizada. Lo que m\u00e1s me gusta de ella es que no se queda en el diagn\u00f3stico, sino que pone un polo a tierra para ayudarnos a tomar acciones..\u00bb<\/span><\/p>\n<p style=\"text-align: center;\"><strong>Ana<\/strong><\/p>\n<p style=\"text-align: center;\"><strong><\/strong><\/p>\n<p style=\"text-align: center;\"><strong><\/strong><\/p>\n<p style=\"text-align: center;\"><strong><\/strong><\/p>\n<p style=\"text-align: center;\"><strong><\/strong><\/p>\n<p>[\/et_pb_testimonial][\/et_pb_column][\/et_pb_row][\/et_pb_section][et_pb_section fb_built=\u00bb1&#8243; _builder_version=\u00bb3.22&#8243; custom_padding=\u00bb0|0px|0|0px|false|false\u00bb][et_pb_row column_structure=\u00bb1_2,1_2&#8243; _builder_version=\u00bb3.25&#8243;][et_pb_column type=\u00bb1_2&#8243; _builder_version=\u00bb3.25&#8243; custom_padding=\u00bb|||\u00bb custom_padding__hover=\u00bb|||\u00bb][et_pb_text _builder_version=\u00bb3.27.4&#8243; custom_padding=\u00bb50px|50px|50px|50px\u00bb z_index_tablet=\u00bb500&#8243;]<\/p>\n<h1><span color=\"#800080\" style=\"color: #800080;\"><b><\/b><\/span><\/h1>\n<h1><span color=\"#800080\" style=\"color: #800080;\"><b><\/b><\/span><\/h1>\n<h1><span color=\"#800080\" style=\"color: #800080;\"><b><\/b><\/span><\/h1>\n<h1 style=\"text-align: center;\"><span color=\"#800080\" style=\"color: #800080;\"><b>\u00bfEst\u00e1s lista para conectar con tu ADN Astrol\u00f3gico?<\/b><\/span><\/h1>\n<p style=\"text-align: center;\"><span><\/span><\/p>\n<p style=\"text-align: center;\"><span face=\"Abhaya Libre\" style=\"font-family: 'Abhaya Libre';\"><strong>AstroCode<\/strong> es el punto de referencia al que siempre puedes volver. Tenerlo, es un susurro del alma, que te recuerda que existe un Plan Divino, que nunca est\u00e1s sola y que tu existencia cumple un profundo prop\u00f3sito de amor.&nbsp;<\/span><\/p>\n<p style=\"text-align: center;\"><strong><span style=\"color: #8300e9;\">DISFRUTA DE ESTE PRECIO ESPECIAL QUE HE CREADO PARA TI AHORA.<\/span><\/strong><span face=\"Abhaya Libre\" style=\"font-family: 'Abhaya Libre';\"><\/span><\/p>\n<p style=\"text-align: center;\">\n<p>[\/et_pb_text][et_pb_button button_url=\u00bbhttps:\/\/www.paypal.com\/cgi-bin\/webscr?cmd=_s-xclick&#038;hosted_button_id=MRA9G38FQAC5W\u00bb url_new_window=\u00bbon\u00bb button_text=\u00bb\u00a1S\u00cd, ESTE ES MI MOMENTO!\u00bb button_alignment=\u00bbcenter\u00bb _builder_version=\u00bb4.5.3&#8243; transform_scale=\u00bb150%|150%\u00bb][\/et_pb_button][\/et_pb_column][et_pb_column type=\u00bb1_2&#8243; _builder_version=\u00bb3.25&#8243; custom_padding=\u00bb|||\u00bb custom_padding__hover=\u00bb|||\u00bb][et_pb_image src=\u00bbhttps:\/\/shadyakarawiname.com\/wp-content\/uploads\/2020\/10\/WhatsApp-Image-2020-10-30-at-6.37.38-PM.jpeg\u00bb align_tablet=\u00bbcenter\u00bb align_phone=\u00bb\u00bb align_last_edited=\u00bbon|desktop\u00bb _builder_version=\u00bb3.23&#8243;][\/et_pb_image][\/et_pb_column][\/et_pb_row][\/et_pb_section]<\/p>\n","protected":false},"excerpt":{"rendered":"<p>[et_pb_section fb_built=\u00bb1&#8243; disabled_on=\u00bboff||\u00bb _builder_version=\u00bb3.22&#8243; background_color=\u00bb#ffffff\u00bb custom_margin=\u00bb|||\u00bb custom_padding=\u00bb0px|0px|0px|0px\u00bb z_index_tablet=\u00bb500&#8243;][et_pb_row _builder_version=\u00bb3.25&#8243;][et_pb_column type=\u00bb4_4&#8243; _builder_version=\u00bb3.25&#8243; custom_padding=\u00bb|||\u00bb custom_padding__hover=\u00bb|||\u00bb][et_pb_image src=\u00bbhttps:\/\/shadyakarawiname.com\/wp-content\/uploads\/2021\/02\/WhatsApp-Image-2020-04-21-at-1.39.13-PM.jpeg\u00bb align_tablet=\u00bbcenter\u00bb align_phone=\u00bb\u00bb align_last_edited=\u00bbon|desktop\u00bb _builder_version=\u00bb3.23&#8243;][\/et_pb_image][\/et_pb_column][\/et_pb_row][\/et_pb_section][et_pb_section fb_built=\u00bb1&#8243; disabled_on=\u00bboff||\u00bb _builder_version=\u00bb3.22&#8243; custom_margin=\u00bb|||\u00bb custom_padding=\u00bb0px|0px|0px|0px\u00bb z_index_tablet=\u00bb500&#8243;][et_pb_row use_custom_gutter=\u00bbon\u00bb gutter_width=\u00bb1&#8243; make_equal=\u00bbon\u00bb module_class=\u00bb et_pb_row_fullwidth\u00bb _builder_version=\u00bb3.25&#8243; width=\u00bb100%\u00bb width_tablet=\u00bb100%\u00bb width_phone=\u00bb\u00bb width_last_edited=\u00bbon|desktop\u00bb max_width=\u00bb100%\u00bb max_width_tablet=\u00bb100%\u00bb max_width_phone=\u00bb\u00bb max_width_last_edited=\u00bbon|desktop\u00bb custom_padding=\u00bb0px|0px|0px|0px\u00bb z_index_tablet=\u00bb500&#8243; make_fullwidth=\u00bbon\u00bb][et_pb_column type=\u00bb4_4&#8243; _builder_version=\u00bb3.25&#8243; custom_padding=\u00bb|||\u00bb custom_padding__hover=\u00bb|||\u00bb][et_pb_text _builder_version=\u00bb4.5.3&#8243; custom_padding=\u00bb50px|50px|50px|50px\u00bb z_index_tablet=\u00bb500&#8243; inline_fonts=\u00bbAbhaya Libre\u00bb] ASTROCODE Conecta con tu ADN [&hellip;]<\/p>\n","protected":false},"author":2,"featured_media":0,"parent":0,"menu_order":0,"comment_status":"closed","ping_status":"closed","template":"","meta":{"_surecart_dashboard_logo_width":"180px","_surecart_dashboard_show_logo":true,"_surecart_dashboard_navigation_orders":true,"_surecart_dashboard_navigation_invoices":true,"_surecart_dashboard_navigation_subscriptions":true,"_surecart_dashboard_navigation_downloads":true,"_surecart_dashboard_navigation_billing":true,"_surecart_dashboard_navigation_account":true,"footnotes":""},"wf_page_folders":[],"class_list":["post-2126","page","type-page","status-publish","hentry","post-wrapper","thrv_wrapper"],"_links":{"self":[{"href":"https:\/\/shadyakarawiname.com\/en\/wp-json\/wp\/v2\/pages\/2126","targetHints":{"allow":["GET"]}}],"collection":[{"href":"https:\/\/shadyakarawiname.com\/en\/wp-json\/wp\/v2\/pages"}],"about":[{"href":"https:\/\/shadyakarawiname.com\/en\/wp-json\/wp\/v2\/types\/page"}],"author":[{"embeddable":true,"href":"https:\/\/shadyakarawiname.com\/en\/wp-json\/wp\/v2\/users\/2"}],"replies":[{"embeddable":true,"href":"https:\/\/shadyakarawiname.com\/en\/wp-json\/wp\/v2\/comments?post=2126"}],"version-history":[{"count":0,"href":"https:\/\/shadyakarawiname.com\/en\/wp-json\/wp\/v2\/pages\/2126\/revisions"}],"wp:attachment":[{"href":"https:\/\/shadyakarawiname.com\/en\/wp-json\/wp\/v2\/media?parent=2126"}],"wp:term":[{"taxonomy":"wf_page_folders","embeddable":true,"href":"https:\/\/shadyakarawiname.com\/en\/wp-json\/wp\/v2\/wf_page_folders?post=2126"}],"curies":[{"name":"wp","href":"https:\/\/api.w.org\/{rel}","templated":true}]}}