{"id":2225,"date":"2021-07-16T14:54:04","date_gmt":"2021-07-16T14:54:04","guid":{"rendered":"https:\/\/shadyakarawiname.com\/?page_id=2225"},"modified":"2021-07-16T14:58:45","modified_gmt":"2021-07-16T14:58:45","slug":"eresestelar","status":"publish","type":"page","link":"https:\/\/shadyakarawiname.com\/en\/eresestelar\/","title":{"rendered":"\u00a1YA ERES PARTE DE YO ESTELAR!"},"content":{"rendered":"<p>[et_pb_section fb_built=\u00bb1&#8243; _builder_version=\u00bb3.21.1&#8243; background_color=\u00bb#bfaee3&#8243; custom_padding=\u00bb0|0px|23px|0px|false|false\u00bb z_index_tablet=\u00bb500&#8243;][et_pb_row _builder_version=\u00bb3.21.1&#8243;][et_pb_column type=\u00bb4_4&#8243; _builder_version=\u00bb3.21.1&#8243;][et_pb_text _builder_version=\u00bb3.21.1&#8243;]<\/p>\n<h1 style=\"text-align: center;\"><span style=\"color: #ffffff; font-size: xx-large;\">\u00a1YA ERES PARTE DE YO ESTELAR!<\/span><\/h1>\n<p><span style=\"color: #993366;\"><\/span><\/p>\n<h3 style=\"text-align: center;\"><span style=\"color: #993366;\">ESTOY MUY FELIZ DE TENERTE POR AQU\u00cd Y TE FELICITO POR ESTE GRAN ACTO DE AMOR HACIA TI.<\/span><\/h3>\n<p><span style=\"color: #993366;\"><\/span><\/p>\n<h3 style=\"text-align: center;\"><span style=\"color: #993366;\">AQU\u00cd ESTOY CONTIGO.<\/span><\/h3>\n<p><span style=\"color: #993366;\"><\/span><\/p>\n<h3 style=\"text-align: center;\"><span style=\"color: #993366;\">PRONTO DEBES ESTAR RECIBIENDO UN EMAIL CON M\u00c1S INFORMACI\u00d3N.<\/span><\/h3>\n<p>&nbsp;<\/p>\n<p>[\/et_pb_text][\/et_pb_column][\/et_pb_row][\/et_pb_section][et_pb_section fb_built=\u00bb1&#8243; _builder_version=\u00bb3.0.47&#8243;][et_pb_row _builder_version=\u00bb3.21.1&#8243;][et_pb_column type=\u00bb4_4&#8243; _builder_version=\u00bb3.21.1&#8243;][et_pb_video src_webm=\u00bbhttps:\/\/shadyakarawiname.com\/wp-content\/uploads\/2021\/07\/IMG_1473-1.mov\u00bb _builder_version=\u00bb3.21.1&#8243;][\/et_pb_video][\/et_pb_column][\/et_pb_row][et_pb_row make_fullwidth=\u00bbon\u00bb _builder_version=\u00bb3.21.1&#8243; z_index_tablet=\u00bb500&#8243;][et_pb_column type=\u00bb1_3&#8243; _builder_version=\u00bb3.0.47&#8243;][et_pb_cta button_url=\u00bbhttps:\/\/shadyakarawiname.com\/inicio\u00bb button_text=\u00bbVolver a la p\u00e1gina web\u00bb _builder_version=\u00bb3.21.1&#8243; background_image=\u00bbhttps:\/\/shadyakarawiname.com\/wp-content\/uploads\/2020\/07\/banner-inicio.jpg\u00bb custom_padding=\u00bb80px||80px|\u00bb z_index_tablet=\u00bb500&#8243;][\/et_pb_cta][\/et_pb_column][et_pb_column type=\u00bb1_3&#8243; _builder_version=\u00bb3.0.47&#8243;][et_pb_cta button_url=\u00bbhttps:\/\/shadyakarawiname.com\/inicio\u00bb button_text=\u00bbVer m\u00e1s recursos\u00bb _builder_version=\u00bb3.21.1&#8243; background_image=\u00bbhttps:\/\/shadyakarawiname.com\/wp-content\/uploads\/2020\/07\/mockup-cursos.jpg\u00bb custom_padding=\u00bb80px||80px|\u00bb z_index_tablet=\u00bb500&#8243;][\/et_pb_cta][\/et_pb_column][et_pb_column type=\u00bb1_3&#8243; _builder_version=\u00bb3.0.47&#8243;][et_pb_cta button_url=\u00bbhttps:\/\/www.instagram.com\/shadyakarawiname\/\u00bb button_text=\u00bbS\u00edgueme en Instagram\u00bb _builder_version=\u00bb3.21.1&#8243; background_image=\u00bbhttps:\/\/shadyakarawiname.com\/wp-content\/uploads\/2020\/08\/instagram-shadya.jpg\u00bb custom_padding=\u00bb80px||80px|\u00bb z_index_tablet=\u00bb500&#8243;][\/et_pb_cta][\/et_pb_column][\/et_pb_row][\/et_pb_section]<\/p>\n","protected":false},"excerpt":{"rendered":"<p>[et_pb_section fb_built=\u00bb1&#8243; _builder_version=\u00bb3.21.1&#8243; background_color=\u00bb#bfaee3&#8243; custom_padding=\u00bb0|0px|23px|0px|false|false\u00bb z_index_tablet=\u00bb500&#8243;][et_pb_row _builder_version=\u00bb3.21.1&#8243;][et_pb_column type=\u00bb4_4&#8243; _builder_version=\u00bb3.21.1&#8243;][et_pb_text _builder_version=\u00bb3.21.1&#8243;] \u00a1YA ERES PARTE DE YO ESTELAR! ESTOY MUY FELIZ DE TENERTE POR AQU\u00cd Y TE FELICITO POR ESTE GRAN ACTO DE AMOR HACIA TI. AQU\u00cd ESTOY CONTIGO. PRONTO DEBES ESTAR RECIBIENDO UN EMAIL CON M\u00c1S INFORMACI\u00d3N. &nbsp; [\/et_pb_text][\/et_pb_column][\/et_pb_row][\/et_pb_section][et_pb_section fb_built=\u00bb1&#8243; _builder_version=\u00bb3.0.47&#8243;][et_pb_row _builder_version=\u00bb3.21.1&#8243;][et_pb_column type=\u00bb4_4&#8243; _builder_version=\u00bb3.21.1&#8243;][et_pb_video src_webm=\u00bbhttps:\/\/shadyakarawiname.com\/wp-content\/uploads\/2021\/07\/IMG_1473-1.mov\u00bb _builder_version=\u00bb3.21.1&#8243;][\/et_pb_video][\/et_pb_column][\/et_pb_row][et_pb_row [&hellip;]<\/p>\n","protected":false},"author":2,"featured_media":0,"parent":0,"menu_order":0,"comment_status":"closed","ping_status":"closed","template":"","meta":{"_surecart_dashboard_logo_width":"180px","_surecart_dashboard_show_logo":true,"_surecart_dashboard_navigation_orders":true,"_surecart_dashboard_navigation_invoices":true,"_surecart_dashboard_navigation_subscriptions":true,"_surecart_dashboard_navigation_downloads":true,"_surecart_dashboard_navigation_billing":true,"_surecart_dashboard_navigation_account":true,"footnotes":""},"wf_page_folders":[],"class_list":["post-2225","page","type-page","status-publish","hentry","post-wrapper","thrv_wrapper"],"_links":{"self":[{"href":"https:\/\/shadyakarawiname.com\/en\/wp-json\/wp\/v2\/pages\/2225","targetHints":{"allow":["GET"]}}],"collection":[{"href":"https:\/\/shadyakarawiname.com\/en\/wp-json\/wp\/v2\/pages"}],"about":[{"href":"https:\/\/shadyakarawiname.com\/en\/wp-json\/wp\/v2\/types\/page"}],"author":[{"embeddable":true,"href":"https:\/\/shadyakarawiname.com\/en\/wp-json\/wp\/v2\/users\/2"}],"replies":[{"embeddable":true,"href":"https:\/\/shadyakarawiname.com\/en\/wp-json\/wp\/v2\/comments?post=2225"}],"version-history":[{"count":0,"href":"https:\/\/shadyakarawiname.com\/en\/wp-json\/wp\/v2\/pages\/2225\/revisions"}],"wp:attachment":[{"href":"https:\/\/shadyakarawiname.com\/en\/wp-json\/wp\/v2\/media?parent=2225"}],"wp:term":[{"taxonomy":"wf_page_folders","embeddable":true,"href":"https:\/\/shadyakarawiname.com\/en\/wp-json\/wp\/v2\/wf_page_folders?post=2225"}],"curies":[{"name":"wp","href":"https:\/\/api.w.org\/{rel}","templated":true}]}}