{"id":2746,"date":"2022-01-03T12:07:53","date_gmt":"2022-01-03T12:07:53","guid":{"rendered":"https:\/\/shadyakarawiname.com\/?page_id=2746"},"modified":"2022-01-17T14:31:43","modified_gmt":"2022-01-17T14:31:43","slug":"reprogramacion-abundancia-yo-estelar-free-trial","status":"publish","type":"page","link":"https:\/\/shadyakarawiname.com\/en\/reprogramacion-abundancia-yo-estelar-free-trial\/","title":{"rendered":"Reprogramaci\u00f3n Abundancia + YO ESTELAR Free trial"},"content":{"rendered":"<p>DESC\u00c1RGATE LA REPROGRAMACI\u00d3N \u00abYO SOY ABUNDANCIA\u00bb DE FORMA GRATUITA<\/p>\n<h2>\u00abReconecta con tu <br \/>abundancia\u00bb<\/h2>\n<p>DESC\u00c1RGATE LA REPROGRAMACI\u00d3N \u00abYO SOY ABUNDANCIA\u00bb<\/p>\n<p>Rellena el formulario y recibir\u00e1s de forma inmediata la meditaci\u00f3n a tu email<\/p>\n<h2>YO SOY ABUNDANCIA<\/h2>\n<p><strong>Eres abundancia.<\/strong> No tienes que buscarla. No tienes que crearla. Simplemente, tienes que reconectar con ella.<\/p>\n<p>Es f\u00e1cil que se nos olvide qui\u00e9n somos en realidad, que entremos en bucle, que pensemos que todo tiene que costar mucho esfuerzo. Sin embargo, <strong>mejorar tus finanzas, transformar tu historia con el dinero y, especialmente, sentirte reamente abundante, es much\u00edsimo m\u00e1s f\u00e1cil de lo que crees.<\/strong><\/p>\n<p>Quiero regalarte<strong> YO SOY ABUNDANCIA<\/strong> precisamente para eso. Para que puedas reconectar con tu verdadera esencia.<\/p>\n<p>Esta herramienta es una reprogramaci\u00f3n poderosa, en d\u00f3nde hay <strong>m\u00e1s de 200 afirmaciones<\/strong> en positivo para que te sientas m\u00e1s en sinton\u00eda con la vida, con m\u00e1s fuerza y m\u00e1s confianza.<\/p>\n<p>He utilizado, tambi\u00e9n, una m\u00fasica especial, as\u00ed como frequencias poderosas para elevar tu vibraci\u00f3n al m\u00e1ximo.<\/p>\n<p>Vuelve a ti. A tu magnetismo. A tu poder. Escucha YO SOY ABUNDANCIA, varias veces al d\u00eda y ver\u00e1s c\u00f3mo tu historia con la abundancia se transforma por completo.<\/p>\n<p><strong>Brilla con fuerza, cari\u00f1o, que aqu\u00ed viniste a ser feliz.<\/strong><\/p>\n<p>Te abrazo,<\/p>\n<p>\t\t\t\t\t\t\t\t\t\t\t\t\t\t\t<img decoding=\"async\" width=\"1024\" height=\"384\" data-src=\"https:\/\/shadyakarawiname.com\/wp-content\/uploads\/2020\/07\/Logotipo-Shadya-new-1024x384.png\" alt=\"\" data-srcset=\"https:\/\/shadyakarawiname.com\/wp-content\/uploads\/2020\/07\/Logotipo-Shadya-new-1024x384.png 1024w, https:\/\/shadyakarawiname.com\/wp-content\/uploads\/2020\/07\/Logotipo-Shadya-new-600x225.png 600w, https:\/\/shadyakarawiname.com\/wp-content\/uploads\/2020\/07\/Logotipo-Shadya-new-300x113.png 300w, https:\/\/shadyakarawiname.com\/wp-content\/uploads\/2020\/07\/Logotipo-Shadya-new-768x288.png 768w, https:\/\/shadyakarawiname.com\/wp-content\/uploads\/2020\/07\/Logotipo-Shadya-new-320x120.png 320w, https:\/\/shadyakarawiname.com\/wp-content\/uploads\/2020\/07\/Logotipo-Shadya-new-640x240.png 640w, https:\/\/shadyakarawiname.com\/wp-content\/uploads\/2020\/07\/Logotipo-Shadya-new-360x135.png 360w, https:\/\/shadyakarawiname.com\/wp-content\/uploads\/2020\/07\/Logotipo-Shadya-new-720x270.png 720w, https:\/\/shadyakarawiname.com\/wp-content\/uploads\/2020\/07\/Logotipo-Shadya-new-1080x405.png 1080w, https:\/\/shadyakarawiname.com\/wp-content\/uploads\/2020\/07\/Logotipo-Shadya-new-800x300.png 800w, https:\/\/shadyakarawiname.com\/wp-content\/uploads\/2020\/07\/Logotipo-Shadya-new.png 1122w\" data-sizes=\"auto, (max-width: 1024px) 100vw, 1024px\" src=\"data:image\/svg+xml;base64,PHN2ZyB3aWR0aD0iMSIgaGVpZ2h0PSIxIiB4bWxucz0iaHR0cDovL3d3dy53My5vcmcvMjAwMC9zdmciPjwvc3ZnPg==\" class=\"lazyload\" style=\"--smush-placeholder-width: 1024px; --smush-placeholder-aspect-ratio: 1024\/384;\" \/>\t\t\t\t\t\t\t\t\t\t\t\t\t\t\t<\/p>\n<p>DESC\u00c1RGATE LA REPROGRAMACI\u00d3N \u00abYO SOY ABUNDANCIA\u00bb<\/p>\n<p>Rellena el formulario y recibir\u00e1s de forma inmediata la meditaci\u00f3n a tu email<\/p>\n<p>\u00a1SOY SHADYA Y ESTOY AQU\u00cd CONTIGO!<\/p>\n<p>Soy Mentora Espiritual y enciendo procesos de transformaci\u00f3n profunda en la vida de miles de personas alrededor del mundo, con mi m\u00e9todo \u00fanico de <b>Sanaci\u00f3n Intuitiva que combina Psicolog\u00eda, Astrolog\u00eda, Constelaciones Familiares, EFT-Tapping, Canalizaci\u00f3n y mucho m\u00e1s<\/b>, para ofrecerte un enfoque terap\u00e9utico poderoso, profundo y transformador.<\/p>\n<p>BRILLA SIN L\u00cdMITES, POR FAVOR, EL MUNDO TE NECESITA<\/p>\n<p>Eres magia pura y yo estoy aqu\u00ed para record\u00e1rtelo. \u00c1brete a recibir. Deja ir lo que no cumple un prop\u00f3sito de amor en tu vida y brilla desde todo tu magnetismo ahora.<\/p>\n<p>\t\t\t\t\t\t\t\t\t\t\t\t\t\t\t<img decoding=\"async\" width=\"750\" height=\"1080\" data-src=\"https:\/\/shadyakarawiname.com\/wp-content\/uploads\/2020\/10\/WhatsApp-Image-2020-10-30-at-6.37.38-PM-1.jpeg\" alt=\"\" data-srcset=\"https:\/\/shadyakarawiname.com\/wp-content\/uploads\/2020\/10\/WhatsApp-Image-2020-10-30-at-6.37.38-PM-1.jpeg 750w, https:\/\/shadyakarawiname.com\/wp-content\/uploads\/2020\/10\/WhatsApp-Image-2020-10-30-at-6.37.38-PM-1-600x864.jpeg 600w, https:\/\/shadyakarawiname.com\/wp-content\/uploads\/2020\/10\/WhatsApp-Image-2020-10-30-at-6.37.38-PM-1-208x300.jpeg 208w, https:\/\/shadyakarawiname.com\/wp-content\/uploads\/2020\/10\/WhatsApp-Image-2020-10-30-at-6.37.38-PM-1-711x1024.jpeg 711w\" data-sizes=\"auto, (max-width: 750px) 100vw, 750px\" src=\"data:image\/svg+xml;base64,PHN2ZyB3aWR0aD0iMSIgaGVpZ2h0PSIxIiB4bWxucz0iaHR0cDovL3d3dy53My5vcmcvMjAwMC9zdmciPjwvc3ZnPg==\" class=\"lazyload\" style=\"--smush-placeholder-width: 750px; --smush-placeholder-aspect-ratio: 750\/1080;\" \/>\t\t\t\t\t\t\t\t\t\t\t\t\t\t\t<\/p>\n<h2>UN LUGAR D\u00d3NDE VOLVER A TI Y BRILLAR AL M\u00c1XIMO<\/h2>\n<h4>I love each of my clients with all my heart and I feel so grateful to be a witness to the magic and miracles that have happened in their lives, since they\u2019ve worked with me.<\/h4>\n<p>&nbsp;<\/p>\n<h4><b>May their voices share with you more of what they\u2019ve experienced during our time together:<\/b><\/h4>\n<p>\t\t\t\t\t\t\t\t\t\t\t\t\t\t\t<img decoding=\"async\" width=\"960\" height=\"960\" data-src=\"https:\/\/shadyakarawiname.com\/wp-content\/uploads\/2020\/11\/montse.jpg\" alt=\"\" data-srcset=\"https:\/\/shadyakarawiname.com\/wp-content\/uploads\/2020\/11\/montse.jpg 960w, https:\/\/shadyakarawiname.com\/wp-content\/uploads\/2020\/11\/montse-300x300.jpg 300w, https:\/\/shadyakarawiname.com\/wp-content\/uploads\/2020\/11\/montse-100x100.jpg 100w, https:\/\/shadyakarawiname.com\/wp-content\/uploads\/2020\/11\/montse-600x600.jpg 600w, https:\/\/shadyakarawiname.com\/wp-content\/uploads\/2020\/11\/montse-150x150.jpg 150w, https:\/\/shadyakarawiname.com\/wp-content\/uploads\/2020\/11\/montse-768x768.jpg 768w\" data-sizes=\"auto, (max-width: 960px) 100vw, 960px\" src=\"data:image\/svg+xml;base64,PHN2ZyB3aWR0aD0iMSIgaGVpZ2h0PSIxIiB4bWxucz0iaHR0cDovL3d3dy53My5vcmcvMjAwMC9zdmciPjwvc3ZnPg==\" class=\"lazyload\" style=\"--smush-placeholder-width: 960px; --smush-placeholder-aspect-ratio: 960\/960;\" \/>\t\t\t\t\t\t\t\t\t\t\t\t\t\t\t<\/p>\n<p>\u00abConoc\u00ed a Shadya en un momento en que mi vida estaba cambiando y desde el primer momento sent\u00ed como ella me trasmit\u00eda energ\u00eda y mucho amor para empezar esta nueva etapa. Me ha ayudado a sentirme segura y confiada, a reencontrarme, me ha ense\u00f1ado a creer en mi. Muchas gracias por compartir tu energ\u00eda y tus conocimientos. Eres una mujer incre\u00edble\u00bb.<\/p>\n<h2>Montse<\/h2>\n<p>\t\t\t\t\t\t\t\t\t\t\t\t\t\t\t<img decoding=\"async\" width=\"960\" height=\"960\" data-src=\"https:\/\/shadyakarawiname.com\/wp-content\/uploads\/2020\/11\/juanita.jpg\" alt=\"\" data-srcset=\"https:\/\/shadyakarawiname.com\/wp-content\/uploads\/2020\/11\/juanita.jpg 960w, https:\/\/shadyakarawiname.com\/wp-content\/uploads\/2020\/11\/juanita-300x300.jpg 300w, https:\/\/shadyakarawiname.com\/wp-content\/uploads\/2020\/11\/juanita-100x100.jpg 100w, https:\/\/shadyakarawiname.com\/wp-content\/uploads\/2020\/11\/juanita-600x600.jpg 600w, https:\/\/shadyakarawiname.com\/wp-content\/uploads\/2020\/11\/juanita-150x150.jpg 150w, https:\/\/shadyakarawiname.com\/wp-content\/uploads\/2020\/11\/juanita-768x768.jpg 768w\" data-sizes=\"auto, (max-width: 960px) 100vw, 960px\" src=\"data:image\/svg+xml;base64,PHN2ZyB3aWR0aD0iMSIgaGVpZ2h0PSIxIiB4bWxucz0iaHR0cDovL3d3dy53My5vcmcvMjAwMC9zdmciPjwvc3ZnPg==\" class=\"lazyload\" style=\"--smush-placeholder-width: 960px; --smush-placeholder-aspect-ratio: 960\/960;\" \/>\t\t\t\t\t\t\t\t\t\t\t\t\t\t\t<\/p>\n<p>\u00abEl d\u00eda que tocaba conoc\u00ed Shadya y san\u00f3 un pedazo de mi coraz\u00f3n. Sin culpas, sin dolor, con mucho amor ayud\u00f3 a que un pedazo de mi vida encajara por fin y me diera aun mas ganas de continuar. Gracias por ser tu y por tus bellas palabras de sanaci\u00f3n\u00bb.<\/p>\n<h2>Juana<\/h2>\n<p>\t\t\t\t\t\t\t\t\t\t\t\t\t\t\t<img decoding=\"async\" width=\"682\" height=\"1024\" data-src=\"https:\/\/shadyakarawiname.com\/wp-content\/uploads\/2020\/11\/WhatsApp-Image-2020-11-23-at-12.13.35-AM-682x1024.jpeg\" alt=\"\" data-srcset=\"https:\/\/shadyakarawiname.com\/wp-content\/uploads\/2020\/11\/WhatsApp-Image-2020-11-23-at-12.13.35-AM-682x1024.jpeg 682w, https:\/\/shadyakarawiname.com\/wp-content\/uploads\/2020\/11\/WhatsApp-Image-2020-11-23-at-12.13.35-AM-600x901.jpeg 600w, https:\/\/shadyakarawiname.com\/wp-content\/uploads\/2020\/11\/WhatsApp-Image-2020-11-23-at-12.13.35-AM-200x300.jpeg 200w, https:\/\/shadyakarawiname.com\/wp-content\/uploads\/2020\/11\/WhatsApp-Image-2020-11-23-at-12.13.35-AM-768x1153.jpeg 768w, https:\/\/shadyakarawiname.com\/wp-content\/uploads\/2020\/11\/WhatsApp-Image-2020-11-23-at-12.13.35-AM-1023x1536.jpeg 1023w, https:\/\/shadyakarawiname.com\/wp-content\/uploads\/2020\/11\/WhatsApp-Image-2020-11-23-at-12.13.35-AM.jpeg 1066w\" data-sizes=\"auto, (max-width: 682px) 100vw, 682px\" src=\"data:image\/svg+xml;base64,PHN2ZyB3aWR0aD0iMSIgaGVpZ2h0PSIxIiB4bWxucz0iaHR0cDovL3d3dy53My5vcmcvMjAwMC9zdmciPjwvc3ZnPg==\" class=\"lazyload\" style=\"--smush-placeholder-width: 682px; --smush-placeholder-aspect-ratio: 682\/1024;\" \/>\t\t\t\t\t\t\t\t\t\t\t\t\t\t\t<\/p>\n<p>\u00abShadya ayuda a sanar bloqueos que uno tiene desde hace tiempo de una forma muy amorosa y conciliadora. Me encanta como aborda los temas y como de una forma sencilla hace que podamos sanar nosotros mismos nuestras heridas. La recomiendo totalmente a ojo cerrado.\u00bb<\/p>\n<h2>Alejandra<\/h2>\n<p>\t\t\t\t\t\t\t\t\t\t\t\t\t\t\t<img decoding=\"async\" width=\"512\" height=\"512\" data-src=\"https:\/\/shadyakarawiname.com\/wp-content\/uploads\/2020\/11\/paola.jpg\" alt=\"\" data-srcset=\"https:\/\/shadyakarawiname.com\/wp-content\/uploads\/2020\/11\/paola.jpg 512w, https:\/\/shadyakarawiname.com\/wp-content\/uploads\/2020\/11\/paola-300x300.jpg 300w, https:\/\/shadyakarawiname.com\/wp-content\/uploads\/2020\/11\/paola-100x100.jpg 100w, https:\/\/shadyakarawiname.com\/wp-content\/uploads\/2020\/11\/paola-150x150.jpg 150w\" data-sizes=\"auto, (max-width: 512px) 100vw, 512px\" src=\"data:image\/svg+xml;base64,PHN2ZyB3aWR0aD0iMSIgaGVpZ2h0PSIxIiB4bWxucz0iaHR0cDovL3d3dy53My5vcmcvMjAwMC9zdmciPjwvc3ZnPg==\" class=\"lazyload\" style=\"--smush-placeholder-width: 512px; --smush-placeholder-aspect-ratio: 512\/512;\" \/>\t\t\t\t\t\t\t\t\t\t\t\t\t\t\t<\/p>\n<p>\u00abMi sesi\u00f3n con Shadya la disfrut\u00e9 much\u00edsimo! Sobretodo por la paz y tranquilidad que transmite, en especial por la energ\u00eda de amor que brota de ella. Permite abrirte y mostrarte tal como realmente eres y expresar lo que sientes. Fue maravillosa y me ayudo a entender mucho la ra\u00edz de mis problemas y sentimientos. Absolutamente recomendada\u00bb.<\/p>\n<h2>Paola<\/h2>\n<p>\t\t\t\t\t\t\t\t\t\t\t\t\t\t\t<img decoding=\"async\" width=\"958\" height=\"959\" data-src=\"https:\/\/shadyakarawiname.com\/wp-content\/uploads\/2020\/11\/raimy.jpg\" alt=\"\" data-srcset=\"https:\/\/shadyakarawiname.com\/wp-content\/uploads\/2020\/11\/raimy.jpg 958w, https:\/\/shadyakarawiname.com\/wp-content\/uploads\/2020\/11\/raimy-300x300.jpg 300w, https:\/\/shadyakarawiname.com\/wp-content\/uploads\/2020\/11\/raimy-100x100.jpg 100w, https:\/\/shadyakarawiname.com\/wp-content\/uploads\/2020\/11\/raimy-600x601.jpg 600w, https:\/\/shadyakarawiname.com\/wp-content\/uploads\/2020\/11\/raimy-150x150.jpg 150w, https:\/\/shadyakarawiname.com\/wp-content\/uploads\/2020\/11\/raimy-768x769.jpg 768w\" data-sizes=\"auto, (max-width: 958px) 100vw, 958px\" src=\"data:image\/svg+xml;base64,PHN2ZyB3aWR0aD0iMSIgaGVpZ2h0PSIxIiB4bWxucz0iaHR0cDovL3d3dy53My5vcmcvMjAwMC9zdmciPjwvc3ZnPg==\" class=\"lazyload\" style=\"--smush-placeholder-width: 958px; --smush-placeholder-aspect-ratio: 958\/959;\" \/>\t\t\t\t\t\t\t\t\t\t\t\t\t\t\t<\/p>\n<p>\u00abHe tenido la hermosa oportunidad de conocer este gran ser humano\u2026ella con su amor, carisma, conocimiento y experiencia me ha brindado herramientas muy \u00fatiles para poder solucionar de la mejor manera las cosas. No dudo ni dudar\u00e9 en seguir contactando de sus servicios para cuando la necesito. La recomiendo al 100% quienes est\u00e9n en b\u00fasqueda de esa Mano Ayuda. Ella es un sol que ilumina mucha de nuestras vidas. Mil Gracias my Shadya\u00a0<img decoding=\"async\" role=\"presentation\" data-src=\"https:\/\/static.xx.fbcdn.net\/images\/emoji.php\/v9\/t6c\/1\/16\/2764.png\" alt=\"\" width=\"16\" height=\"16\" src=\"data:image\/svg+xml;base64,PHN2ZyB3aWR0aD0iMSIgaGVpZ2h0PSIxIiB4bWxucz0iaHR0cDovL3d3dy53My5vcmcvMjAwMC9zdmciPjwvc3ZnPg==\" class=\"lazyload\" style=\"--smush-placeholder-width: 16px; --smush-placeholder-aspect-ratio: 16\/16;\" \/>\u00a0\u00ab.<\/p>\n<h2>Raimy<\/h2>\n<p>\t\t\t\t\t\t\t\t\t\t\t\t\t\t\t<img decoding=\"async\" width=\"960\" height=\"960\" data-src=\"https:\/\/shadyakarawiname.com\/wp-content\/uploads\/2020\/11\/ana.jpg\" alt=\"\" data-srcset=\"https:\/\/shadyakarawiname.com\/wp-content\/uploads\/2020\/11\/ana.jpg 960w, https:\/\/shadyakarawiname.com\/wp-content\/uploads\/2020\/11\/ana-300x300.jpg 300w, https:\/\/shadyakarawiname.com\/wp-content\/uploads\/2020\/11\/ana-100x100.jpg 100w, https:\/\/shadyakarawiname.com\/wp-content\/uploads\/2020\/11\/ana-600x600.jpg 600w, https:\/\/shadyakarawiname.com\/wp-content\/uploads\/2020\/11\/ana-150x150.jpg 150w, https:\/\/shadyakarawiname.com\/wp-content\/uploads\/2020\/11\/ana-768x768.jpg 768w\" data-sizes=\"auto, (max-width: 960px) 100vw, 960px\" src=\"data:image\/svg+xml;base64,PHN2ZyB3aWR0aD0iMSIgaGVpZ2h0PSIxIiB4bWxucz0iaHR0cDovL3d3dy53My5vcmcvMjAwMC9zdmciPjwvc3ZnPg==\" class=\"lazyload\" style=\"--smush-placeholder-width: 960px; --smush-placeholder-aspect-ratio: 960\/960;\" \/>\t\t\t\t\t\t\t\t\t\t\t\t\t\t\t<\/p>\n<p>\u00abShadya usa una combinaci\u00f3n de t\u00e9cnicas cient\u00edficas y alternativas para trabajar los bloqueos que nos impiden seguir adelante. Es muy intuitiva pero tambi\u00e9n muy aterrizada. Lo que m\u00e1s me gusta de ella es que no se queda en el diagn\u00f3stico, sino que pone un polo a tierra para ayudarnos a tomar acciones..\u00bb<\/p>\n<h2>Ana<\/h2>\n<p>DESC\u00c1RGATE LA REPROGRAMACI\u00d3N \u00abYO SOY ABUNDANCIA\u00bb<\/p>\n<p>Rellena el formulario y recibir\u00e1s de forma inmediata la meditaci\u00f3n a tu email<\/p>","protected":false},"excerpt":{"rendered":"<p>DESC\u00c1RGATE LA REPROGRAMACI\u00d3N \u00abYO SOY ABUNDANCIA\u00bb DE FORMA GRATUITA \u00abReconecta con tu abundancia\u00bb DESC\u00c1RGATE LA REPROGRAMACI\u00d3N \u00abYO SOY ABUNDANCIA\u00bb Rellena el formulario y recibir\u00e1s de forma inmediata la meditaci\u00f3n a tu email YO SOY ABUNDANCIA Eres abundancia. No tienes que buscarla. No tienes que crearla. Simplemente, tienes que reconectar con ella. Es f\u00e1cil que se [&hellip;]<\/p>\n","protected":false},"author":2,"featured_media":0,"parent":0,"menu_order":0,"comment_status":"closed","ping_status":"closed","template":"elementor_canvas","meta":{"_surecart_dashboard_logo_width":"180px","_surecart_dashboard_show_logo":true,"_surecart_dashboard_navigation_orders":true,"_surecart_dashboard_navigation_invoices":true,"_surecart_dashboard_navigation_subscriptions":true,"_surecart_dashboard_navigation_downloads":true,"_surecart_dashboard_navigation_billing":true,"_surecart_dashboard_navigation_account":true,"footnotes":""},"wf_page_folders":[],"class_list":["post-2746","page","type-page","status-publish","hentry","post-wrapper","thrv_wrapper"],"_links":{"self":[{"href":"https:\/\/shadyakarawiname.com\/en\/wp-json\/wp\/v2\/pages\/2746","targetHints":{"allow":["GET"]}}],"collection":[{"href":"https:\/\/shadyakarawiname.com\/en\/wp-json\/wp\/v2\/pages"}],"about":[{"href":"https:\/\/shadyakarawiname.com\/en\/wp-json\/wp\/v2\/types\/page"}],"author":[{"embeddable":true,"href":"https:\/\/shadyakarawiname.com\/en\/wp-json\/wp\/v2\/users\/2"}],"replies":[{"embeddable":true,"href":"https:\/\/shadyakarawiname.com\/en\/wp-json\/wp\/v2\/comments?post=2746"}],"version-history":[{"count":0,"href":"https:\/\/shadyakarawiname.com\/en\/wp-json\/wp\/v2\/pages\/2746\/revisions"}],"wp:attachment":[{"href":"https:\/\/shadyakarawiname.com\/en\/wp-json\/wp\/v2\/media?parent=2746"}],"wp:term":[{"taxonomy":"wf_page_folders","embeddable":true,"href":"https:\/\/shadyakarawiname.com\/en\/wp-json\/wp\/v2\/wf_page_folders?post=2746"}],"curies":[{"name":"wp","href":"https:\/\/api.w.org\/{rel}","templated":true}]}}