{"id":3371,"date":"2023-04-04T21:25:44","date_gmt":"2023-04-04T21:25:44","guid":{"rendered":"https:\/\/shadyakarawiname.com\/?page_id=3371"},"modified":"2023-10-23T11:55:53","modified_gmt":"2023-10-23T11:55:53","slug":"flowflash","status":"publish","type":"page","link":"https:\/\/shadyakarawiname.com\/en\/flowflash\/","title":{"rendered":"Flow"},"content":{"rendered":"<p>[et_pb_section fb_built=\u00bb1&#8243; _builder_version=\u00bb3.22&#8243; background_color=\u00bb#ffffff\u00bb use_background_color_gradient=\u00bbon\u00bb background_color_gradient_start=\u00bb#ffffff\u00bb background_color_gradient_end=\u00bb#f1d4f4&#8243; background_color_gradient_overlays_image=\u00bbon\u00bb custom_padding=\u00bb0|0px|40px|0px|false|false\u00bb][et_pb_row _builder_version=\u00bb4.5.3&#8243; _module_preset=\u00bbdefault\u00bb][et_pb_column type=\u00bb4_4&#8243; _builder_version=\u00bb4.5.3&#8243; _module_preset=\u00bbdefault\u00bb][et_pb_text _builder_version=\u00bb3.27.4&#8243; z_index_tablet=\u00bb500&#8243;]<\/p>\n<h1 style=\"text-align: center;\"><strong style=\"color: #8300e9; font-size: 42px;\">FLOW<\/strong><\/h1>\n<p style=\"text-align: center;\">Mis programas online son una herramienta maravillosa para que puedas sanar a tu propio ritmo. Utilizo <strong>Tapping<\/strong> (T\u00e9cnica de Liberaci\u00f3n Emocional), <strong>meditaciones guiadas<\/strong>, <strong>Canalizaci\u00f3n<\/strong>, <strong>Astrolog\u00eda<\/strong>, <strong>Constelaciones Familiares<\/strong>, <strong>Colorterapia<\/strong> y muchas otras t\u00e9cnicas poderosas para que transformes tu vida, desde la comodidad de tu casa y puedas volver a ellos las veces que lo necesites.<\/p>\n<p>&nbsp;<\/p>\n<p>[\/et_pb_text][et_pb_button button_url=\u00bbhttps:\/\/shadya.mykajabi.com\/offers\/JCWxALBw\u00bb url_new_window=\u00bbon\u00bb button_text=\u00bbMe encanta, \u00a1los quiero todos! \u00bb button_alignment=\u00bbcenter\u00bb _builder_version=\u00bb4.5.3&#8243;][\/et_pb_button][\/et_pb_column][\/et_pb_row][et_pb_row column_structure=\u00bb1_2,1_2&#8243; _builder_version=\u00bb4.5.3&#8243; _module_preset=\u00bbdefault\u00bb][et_pb_column type=\u00bb1_2&#8243; _builder_version=\u00bb4.5.3&#8243; _module_preset=\u00bbdefault\u00bb][et_pb_image src=\u00bbhttps:\/\/shadyakarawiname.com\/wp-content\/uploads\/2022\/10\/Untitled-design-13.png\u00bb title_text=\u00bbUntitled design (13)\u00bb _builder_version=\u00bb4.5.3&#8243; _module_preset=\u00bbdefault\u00bb][\/et_pb_image][\/et_pb_column][et_pb_column type=\u00bb1_2&#8243; _builder_version=\u00bb4.5.3&#8243; _module_preset=\u00bbdefault\u00bb][et_pb_text _builder_version=\u00bb4.5.3&#8243; hover_enabled=\u00bb0&#8243; z_index_tablet=\u00bb500&#8243; custom_padding=\u00bb||0px|||\u00bb]<\/p>\n<h2 style=\"text-align: center;\"><span style=\"color: #cc59c2;\"><strong>\u00a0 \u00a1ACTIVA TU MAGIA!\u00a0<\/strong><\/span><span style=\"color: #deb5d7;\"><strong><br \/> <\/strong><\/span><\/h2>\n<p style=\"text-align: center;\"><strong><span>Deja ir lo que no est\u00e1 en resonancia contigo. Activa tu magnetismo al m\u00e1ximo. Vive la vida de tus sue\u00f1os.\u00a0<\/span><\/strong><\/p>\n<p>Este poderoso pack incluye:<\/p>\n<ul class=\"bullet-arrow-yellow\">\n<li>Soltar el pasado: una meditaci\u00f3n profunda para\u00a0que dejes ir todo eso que no est\u00e1 en resonancia contigo y as\u00ed puedas abrir espacio para lo que s\u00ed<\/li>\n<\/ul>\n<ul class=\"bullet-arrow-yellow\">\n<li>Activaci\u00f3n para bendecir los nuevos comienzos: una transformadora pr\u00e1ctica energ\u00e9tica para abrirte a la sinton\u00eda de nuevas posibilidades, oportunidades y experiencias<\/li>\n<\/ul>\n<ul class=\"bullet-arrow-yellow\">\n<li>Vivir en gratitud: un hermoso ejercicio de Tapping que te permitir\u00e1 conectar con toda la magia que ya est\u00e1 presente en tu vida ahora mismo, para as\u00ed amplificarla y recordar lo afortunada que ya eres<\/li>\n<\/ul>\n<ul class=\"bullet-arrow-yellow\">\n<li>Activaci\u00f3n para manifestar tus deseos m\u00e1s profundos: un viaje meditativo que te llevar\u00e1 a conectar con lo que realmente quieres, para que seas un im\u00e1n maravilloso para todo lo bueno<\/li>\n<\/ul>\n<p><strong>\u00a1Cada una de estas poderosas herramientas dura menos de 10 minutos, lo que las hace muy f\u00e1ciles de incorporar en tu d\u00eda a d\u00eda!<\/strong><\/p>\n<p style=\"text-align: center;\"><strong>55<b>\u20ac\u00a0<\/b><\/strong><\/p>\n<p>[\/et_pb_text][et_pb_button button_url=\u00bbhttp:\/\/bit.ly\/activatumagia\u00bb url_new_window=\u00bbon\u00bb button_text=\u00bb\u00a1QUIERO ACTIVAR MI MAGIA!\u00bb button_alignment=\u00bbcenter\u00bb _builder_version=\u00bb4.5.3&#8243;][\/et_pb_button][\/et_pb_column][\/et_pb_row][et_pb_row column_structure=\u00bb1_2,1_2&#8243; _builder_version=\u00bb3.25&#8243;][et_pb_column type=\u00bb1_2&#8243; _builder_version=\u00bb3.25&#8243; custom_padding=\u00bb|||\u00bb custom_padding__hover=\u00bb|||\u00bb][et_pb_image src=\u00bbhttps:\/\/shadyakarawiname.com\/wp-content\/uploads\/2020\/08\/dinero-divino.jpg\u00bb align=\u00bbcenter\u00bb align_tablet=\u00bbcenter\u00bb align_phone=\u00bb\u00bb align_last_edited=\u00bbon|desktop\u00bb _builder_version=\u00bb3.23&#8243; max_width=\u00bb80%\u00bb z_index_tablet=\u00bb500&#8243;][\/et_pb_image][et_pb_text _builder_version=\u00bb4.5.3&#8243; hover_enabled=\u00bb0&#8243; z_index_tablet=\u00bb500&#8243;]<\/p>\n<h2 style=\"text-align: center;\"><span style=\"color: #deb5d7;\"><strong><span style=\"color: #cc59c2;\">Dinero Divino<\/span><br \/> <\/strong><\/span><\/h2>\n<p style=\"text-align: center;\"><strong>Conecta con tu verdadera esencia de abundancia\u00a0<\/strong><\/p>\n<p style=\"text-align: center;\">Si quieres transformar tu relaci\u00f3n con el dinero,\u00a0 \u00a0 \u00a1este es tu momento!<\/p>\n<p style=\"text-align: center;\"><strong>55<b>\u20ac\u00a0<\/b><\/strong><\/p>\n<p>[\/et_pb_text][et_pb_toggle title=\u00bbSaber m\u00e1s\u00bb closed_toggle_background_color=\u00bb#ffffff\u00bb icon_color=\u00bb#deb5d7&#8243; _builder_version=\u00bb3.21.1&#8243; title_font_size=\u00bb17px\u00bb z_index_tablet=\u00bb500&#8243; border_color_all=\u00bb#deb5d7&#8243;]\u00bfC\u00f3mo es tu relaci\u00f3n con el dinero?<\/p>\n<p>\u00bfC\u00f3mo se viv\u00eda el tema econ\u00f3mico en tu casa?<\/p>\n<p>\u00bfCu\u00e1les son las creencias que gu\u00edan la forma como ves el dinero?<\/p>\n<p>Si quieres realmente t<strong>ransformar tu relaci\u00f3n con el dinero<\/strong>, \u00a1este es tu momento!<\/p>\n<p>El dinero es maravilloso.<\/p>\n<p>Es la manifestaci\u00f3n f\u00edsica de la energ\u00eda divina para vivir en este plano terrenal.<\/p>\n<p>Todos tenemos derecho a disfrutarlo, sin embargo, nuestras creencias limitantes y nuestras lealtades familiares rigen por completo nuestra relaci\u00f3n con \u00e9l.<\/p>\n<p>Por eso, he creado Dinero Divino, un programa revolucionario de <strong>5 d\u00edas<\/strong>, en d\u00f3nde a trav\u00e9s de <strong>meditaciones guiadas<\/strong> profundas y otras herramientas como <strong>cristales<\/strong>, <strong>colorterapia<\/strong>, <strong>c\u00f3digos<\/strong> <strong>sagrados<\/strong>, <strong>mantras<\/strong> y <strong>aceites esenciales<\/strong>, lograr\u00e1s conectar con tu poder de manifestaci\u00f3n para atraer el dinero con el que est\u00e1s so\u00f1ando.&nbsp;<\/p>\n<p>Si quieres identificar:<\/p>\n<p>\u00b7 Cu\u00e1l es tu historia con el dinero<\/p>\n<p>\u00b7 De qu\u00e9 forma las vivencias de tus ancestros est\u00e1n influyendo en tus niveles de abundancia<\/p>\n<p>\u00b7 C\u00f3mo lo que viviste en tu ni\u00f1ez determina c\u00f3mo es tu relaci\u00f3n con el dinero<\/p>\n<p>Y descubrir herramientas poderosas para eliminar bloqueos y manifestar dinero y todo lo que deseas, Dinero Divino es para ti.<\/p>\n<p>&nbsp;[\/et_pb_toggle][et_pb_button button_url=\u00bbhttps:\/\/shadya.mykajabi.com\/offers\/bFAdnezG\u00bb url_new_window=\u00bbon\u00bb button_text=\u00bb\u00a1QUIERO DINERO DIVINO!\u00bb button_alignment=\u00bbcenter\u00bb _builder_version=\u00bb4.5.3&#8243;][\/et_pb_button][\/et_pb_column][et_pb_column type=\u00bb1_2&#8243; _builder_version=\u00bb3.25&#8243; custom_padding=\u00bb|||\u00bb custom_padding__hover=\u00bb|||\u00bb][et_pb_image src=\u00bbhttps:\/\/shadyakarawiname.com\/wp-content\/uploads\/2020\/07\/intuicion-poderosa.jpg\u00bb align=\u00bbcenter\u00bb align_tablet=\u00bbcenter\u00bb align_phone=\u00bb\u00bb align_last_edited=\u00bbon|desktop\u00bb _builder_version=\u00bb3.23&#8243; max_width=\u00bb80%\u00bb z_index_tablet=\u00bb500&#8243;][\/et_pb_image][et_pb_text _builder_version=\u00bb4.5.3&#8243; hover_enabled=\u00bb0&#8243; z_index_tablet=\u00bb500&#8243;]<\/p>\n<h2 style=\"text-align: center;\"><span style=\"color: #deb5d7;\"><strong><span style=\"color: #cc59c2;\">Intuici\u00f3n Poderosa<\/span><br \/> <\/strong><\/span><\/h2>\n<p style=\"text-align: center;\"><strong>5 d\u00edas para reconectar con qui\u00e9n eres en realidad<\/strong><\/p>\n<p style=\"text-align: center;\">Ha llegado el momento de que recuerdes qui\u00e9n eres. Tienes dentro todas las respuestas que\u00a0 buscas.<\/p>\n<p style=\"text-align: center;\"><strong>55<b>\u20ac\u00a0<\/b><\/strong><\/p>\n<p>[\/et_pb_text][et_pb_toggle title=\u00bbSaber m\u00e1s\u00bb closed_toggle_background_color=\u00bb#ffffff\u00bb icon_color=\u00bb#deb5d7&#8243; _builder_version=\u00bb3.21.1&#8243; title_font_size=\u00bb17px\u00bb z_index_tablet=\u00bb500&#8243; border_color_all=\u00bb#deb5d7&#8243;]<\/p>\n<p class=\"ql-align-justify\" style=\"box-sizing: inherit; padding-bottom: 0px; counter-reset: list-1 0 list-2 0 list-3 0 list-4 0 list-5 0 list-6 0 list-7 0 list-8 0 list-9 0; text-align: justify; color: #000000; font-family: 'Open Sans', sans-serif; font-size: 16px; white-space: pre-wrap; word-spacing: 1px; background-color: #faf4f4;\"><span style=\"box-sizing: inherit;\"><\/span><\/p>\n<p>\u00bfEst\u00e1s viendo se\u00f1ales por todos lados pero no tienes muy claro qu\u00e9 quieren decir?<\/p>\n<p>\u00bfIntuyes que hay algo grande dentro de ti que desea ser expresado?<\/p>\n<p>\u00bfEst\u00e1s repitiendo patrones y no sabes por qu\u00e9?<\/p>\n<p>\u00bfQuieres confiar m\u00e1s en ti y recibir gu\u00eda en todo momento?<\/p>\n<p>Si es as\u00ed, Intuici\u00f3n Poderosa es para ti.&nbsp; <strong>Ha llegado el momento de que recuerdes qui\u00e9n eres<\/strong>. Tienes dentro de ti todas las respuestas que est\u00e1s buscando y estoy completamente convencida que puedes manifestar todo aquello con lo que sue\u00f1as.<\/p>\n<p>Con frecuencia, se nos olvida precisamente eso y necesitamos un recordatorio que nos haga conectar nuevamente con nuestro poder y divinidad.<\/p>\n<p>Nuestra intuici\u00f3n es esa br\u00fajula maravillosa que llevamos dentro, que nos va mostrando el camino, que nos va dando las se\u00f1ales. Con Intuici\u00f3n Poderosa, mi programa revolucionario de <strong>5 d\u00edas<\/strong>, lograr\u00e1s a trav\u00e9s de <strong>meditaciones profundas<\/strong> e <strong>informaci\u00f3n poderosa<\/strong> saber qu\u00e9 colores, minerales, mantras, aceites y n\u00fameros utilizar para potenciarla. Tendr\u00e1s acceso a una herramienta pr\u00e1ctica y \u00fatil para que reconectes contigo cada vez que lo necesites.<\/p>\n<p>Puedes ir a tu ritmo y escuchar las meditaciones las veces que lo necesites, para poder amplificar la voz de tu intuici\u00f3n.<\/p>\n<p>Si sientes que quieres darle un vuelco a tu vida. Si est\u00e1s buscando respuestas. Si sabes que debes tomar acci\u00f3n y no sabes c\u00f3mo, no esperes m\u00e1s. Intuici\u00f3n Poderosa <strong>cambiar\u00e1 la forma en la que conectas contigo para siempre<\/strong>.[\/et_pb_toggle][et_pb_button button_url=\u00bbhttps:\/\/shadya.mykajabi.com\/offers\/AhjZznjw\u00bb url_new_window=\u00bbon\u00bb button_text=\u00bb\u00a1QUIERO INTUICI\u00d3N PODEROSA!\u00bb button_alignment=\u00bbcenter\u00bb _builder_version=\u00bb4.5.3&#8243;][\/et_pb_button][\/et_pb_column][\/et_pb_row][et_pb_row column_structure=\u00bb1_2,1_2&#8243; _builder_version=\u00bb3.25&#8243;][et_pb_column type=\u00bb1_2&#8243; _builder_version=\u00bb3.25&#8243; custom_padding=\u00bb|||\u00bb custom_padding__hover=\u00bb|||\u00bb][et_pb_image src=\u00bbhttps:\/\/shadyakarawiname.com\/wp-content\/uploads\/2020\/07\/relaciones-extraordinarias.jpg\u00bb align=\u00bbcenter\u00bb align_tablet=\u00bbcenter\u00bb align_phone=\u00bb\u00bb align_last_edited=\u00bbon|desktop\u00bb _builder_version=\u00bb3.23&#8243; max_width=\u00bb80%\u00bb z_index_tablet=\u00bb500&#8243;][\/et_pb_image][et_pb_text _builder_version=\u00bb4.5.3&#8243; hover_enabled=\u00bb0&#8243; z_index_tablet=\u00bb500&#8243;]<\/p>\n<h2 style=\"text-align: center;\"><span style=\"color: #cc59c2;\"><strong>Relaciones Extraordinarias<\/strong><\/span><\/h2>\n<p style=\"text-align: center;\"><strong>Mereces vivir en equilibrio y amor<\/strong><\/p>\n<p style=\"text-align: center;\">Compartir\u00e9 contigo las herramientas que necesitas para tener relaciones felices y armoniosas.<\/p>\n<p style=\"text-align: center;\"><strong>55<b>\u20ac\u00a0<\/b><\/strong><\/p>\n<p>[\/et_pb_text][et_pb_toggle title=\u00bbSaber m\u00e1s\u00bb closed_toggle_background_color=\u00bb#ffffff\u00bb icon_color=\u00bb#deb5d7&#8243; _builder_version=\u00bb3.21.1&#8243; title_font_size=\u00bb17px\u00bb z_index_tablet=\u00bb500&#8243; border_color_all=\u00bb#deb5d7&#8243;]\u00bfAlguna vez has sentido que eres la \u00fanica persona a la que le cuesta lograr relaciones realmente armoniosas?<\/p>\n<p>\u00bfSientes frustraci\u00f3n porque sabes que tienes mucha<strong> capacidad para amar y disfrutar de una relaci\u00f3n plena<\/strong>, pero siempre te detiene ese patr\u00f3n que te ha acompa\u00f1ado durante a\u00f1os?<\/p>\n<p>\u00bfTienes un gran deseo de conexi\u00f3n, pero parece una tarea imposible encontrar a alguien que vibre como t\u00fa? \u00bfSientes que ya que tal vez es muy tarde para ti?<\/p>\n<p>Descubre c\u00f3mo tener relaciones felices y armoniosas y comienza ya a <strong>amar y a recibir amor como te mereces<\/strong>.<\/p>\n<p>Creo que puede ser posible que retos como estos te est\u00e1n impidiendo vivir relaciones extraordinarias y satisfactorias:<\/p>\n<ul>\n<li><strong>Repites los mismos patrones y no entiendes por qu\u00e9<\/strong>.<\/li>\n<li><strong>Das en exceso, anteponiendo siempre las necesidades del otro<\/strong>.<\/li>\n<li><strong>No tienes modelos de relaci\u00f3n verdaderamente sanos y expansivos<\/strong>.<\/li>\n<\/ul>\n<p>Si es as\u00ed, quiero que sepas que <strong>no solo te pasa a ti<\/strong>. Que, de alguna u otra forma, todos hemos pasado por ah\u00ed. Y, dolorosamente, si no hacemos cambios en esa repetici\u00f3n, viviremos los mismos patrones, una y otra vez, con los mismos resultados.<\/p>\n<p><span style=\"font-size: 17px;\">Por eso, he creado Relaciones Extraordinarias, mi programa intensivo en d\u00f3nde en solo <\/span><strong style=\"font-size: 17px;\">5 d\u00edas<\/strong><span style=\"font-size: 17px;\"> compartir\u00e9 contigo las <\/span><strong style=\"font-size: 17px;\">herramientas que han transformado mi vida y mis relaciones<\/strong><span style=\"font-size: 17px;\"> para siempre.<\/span><\/p>\n<p><span style=\"font-size: 17px;\"><\/span><\/p>\n<p><span style=\"font-size: 17px;\"><\/span>[\/et_pb_toggle][et_pb_button button_url=\u00bbhttps:\/\/shadya.mykajabi.com\/offers\/eMzHuaah\u00bb url_new_window=\u00bbon\u00bb button_text=\u00bb\u00a1QUIERO RELACIONES EXTRAORDINARIAS!\u00bb button_alignment=\u00bbcenter\u00bb _builder_version=\u00bb4.5.3&#8243;][\/et_pb_button][\/et_pb_column][et_pb_column type=\u00bb1_2&#8243; _builder_version=\u00bb3.25&#8243; custom_padding=\u00bb|||\u00bb custom_padding__hover=\u00bb|||\u00bb][et_pb_image src=\u00bbhttps:\/\/shadyakarawiname.com\/wp-content\/uploads\/2020\/08\/yo-soy-amor.jpg\u00bb align=\u00bbcenter\u00bb align_tablet=\u00bbcenter\u00bb align_phone=\u00bb\u00bb align_last_edited=\u00bbon|desktop\u00bb _builder_version=\u00bb3.23&#8243; max_width=\u00bb80%\u00bb z_index_tablet=\u00bb500&#8243;][\/et_pb_image][et_pb_text _builder_version=\u00bb4.5.3&#8243; hover_enabled=\u00bb0&#8243; z_index_tablet=\u00bb500&#8243;]<\/p>\n<h2 style=\"text-align: center;\"><span style=\"color: #cc59c2;\"><strong>Yo soy amor<\/strong><\/span><span style=\"color: #deb5d7;\"><strong><br \/> <\/strong><\/span><\/h2>\n<p style=\"text-align: center;\"><strong>Un viaje hacia tu interior<\/strong><\/p>\n<p style=\"text-align: center;\">Reconecta con los recursos que hay dentro de ti para poder amarte y aceptarte tal y c\u00f3mo eres.<\/p>\n<p style=\"text-align: center;\"><strong><b>88\u20ac\u00a0<\/b><\/strong><\/p>\n<p>[\/et_pb_text][et_pb_toggle title=\u00bbSaber m\u00e1s\u00bb closed_toggle_background_color=\u00bb#ffffff\u00bb icon_color=\u00bb#deb5d7&#8243; _builder_version=\u00bb4.5.3&#8243; title_font_size=\u00bb17px\u00bb z_index_tablet=\u00bb500&#8243; border_color_all=\u00bb#deb5d7&#8243;]<strong>La relaci\u00f3n m\u00e1s importante es la que tenemos con nosotros mismos<\/strong>. La gran mayor\u00eda, hemos vivido situaciones a lo largo de nuestras vidas que han sido golpes para nuestra autoestima. En este curso reconectar\u00e1s con los recursos que hay dentro de ti para poder amarte y aceptarte tal y c\u00f3mo eres. Podr\u00e1s aprender a utilizar el <strong>Tapping<\/strong> (T\u00e9cnica de Liberaci\u00f3n Emocional) como una herramienta poderosa para desbloquear lo que te est\u00e9 impidiendo tener una relaci\u00f3n m\u00e1s amorosa contigo mismo. Cuando tu relaci\u00f3n contigo mejora, tambi\u00e9n mejora tu relaci\u00f3n con los dem\u00e1s y con el mudo exterior.<\/p>\n<p>Con este programa online lograr\u00e1s:<\/p>\n<ul>\n<li>Fortalecer tu autoestima<\/li>\n<li>Conocerte m\u00e1s a profundidad<\/li>\n<li>Sanar heridas de tu ni\u00f1ez<\/li>\n<li>Identificar cu\u00e1les son tus fortalezas<\/li>\n<li>Comprender que tienes derecho a vivir una vida que ames<\/li>\n<li>Utilizar la T\u00e9cnica de Liberaci\u00f3n Emocional como herramienta de transformaci\u00f3n<\/li>\n<li>Gestionar mejor las relaciones<\/li>\n<\/ul>\n<p>[\/et_pb_toggle][et_pb_button button_url=\u00bbhttps:\/\/shadya.mykajabi.com\/offers\/bAziPo2m\u00bb url_new_window=\u00bbon\u00bb button_text=\u00bb\u00a1QUIERO YO SOY AMOR!\u00bb button_alignment=\u00bbcenter\u00bb _builder_version=\u00bb4.5.3&#8243;][\/et_pb_button][\/et_pb_column][\/et_pb_row][et_pb_row _builder_version=\u00bb3.25&#8243;][et_pb_column type=\u00bb4_4&#8243; _builder_version=\u00bb3.25&#8243; custom_padding=\u00bb|||\u00bb custom_padding__hover=\u00bb|||\u00bb][et_pb_image src=\u00bbhttps:\/\/shadyakarawiname.com\/wp-content\/uploads\/2020\/12\/DSC_0794-scaled.jpg\u00bb align_tablet=\u00bbcenter\u00bb align_phone=\u00bb\u00bb align_last_edited=\u00bbon|desktop\u00bb _builder_version=\u00bb3.23&#8243;][\/et_pb_image][et_pb_text _builder_version=\u00bb4.5.3&#8243; hover_enabled=\u00bb0&#8243; z_index_tablet=\u00bb500&#8243;]<\/p>\n<h2 style=\"text-align: center;\"><span style=\"color: #cc59c2;\"><strong>\u00a1SI QUIERES TENER ACCESO A TODOS MIS PROGRAMAS DIGITALES, AHORA PUEDES HACERLO A UN S\u00daPER PRECIO!<\/strong><\/span><\/h2>\n<p style=\"text-align: center;\"><b>Al comprar el pack de transformaci\u00f3n accedes a mis 5 programas digitales. Recibes uno de regalo, pagando solo por 4.\u00a0<\/b><\/p>\n<p style=\"text-align: center;\"><span style=\"color: #800080;\"><b>\u00a1Puedes tener ahora mismo \u00a1ACTIVA TU MAGIA!, Dinero Divino, Intuici\u00f3n Poderosa, Relaciones Extraordinarias y YO SOY AMOR!<\/b><\/span><\/p>\n<p style=\"text-align: center;\"><b><strong>253\u20ac\u00a0<\/strong><\/b><\/p>\n<p style=\"text-align: center;\">\n[\/et_pb_text][et_pb_button button_url=\u00bbhttps:\/\/shadya.mykajabi.com\/offers\/JCWxALBw\u00bb url_new_window=\u00bbon\u00bb button_text=\u00bbMe encanta, \u00a1los quiero todos! \u00bb button_alignment=\u00bbcenter\u00bb _builder_version=\u00bb3.21.1&#8243;][\/et_pb_button][\/et_pb_column][\/et_pb_row][\/et_pb_section]<\/p>\n","protected":false},"excerpt":{"rendered":"<p>[et_pb_section fb_built=\u00bb1&#8243; _builder_version=\u00bb3.22&#8243; background_color=\u00bb#ffffff\u00bb use_background_color_gradient=\u00bbon\u00bb background_color_gradient_start=\u00bb#ffffff\u00bb background_color_gradient_end=\u00bb#f1d4f4&#8243; background_color_gradient_overlays_image=\u00bbon\u00bb custom_padding=\u00bb0|0px|40px|0px|false|false\u00bb][et_pb_row _builder_version=\u00bb4.5.3&#8243; _module_preset=\u00bbdefault\u00bb][et_pb_column type=\u00bb4_4&#8243; _builder_version=\u00bb4.5.3&#8243; _module_preset=\u00bbdefault\u00bb][et_pb_text _builder_version=\u00bb3.27.4&#8243; z_index_tablet=\u00bb500&#8243;] FLOW Mis programas online son una herramienta maravillosa para que puedas sanar a tu propio ritmo. Utilizo Tapping (T\u00e9cnica de Liberaci\u00f3n Emocional), meditaciones guiadas, Canalizaci\u00f3n, Astrolog\u00eda, Constelaciones Familiares, Colorterapia y muchas otras t\u00e9cnicas poderosas para que transformes tu vida, [&hellip;]<\/p>\n","protected":false},"author":2,"featured_media":0,"parent":0,"menu_order":0,"comment_status":"closed","ping_status":"closed","template":"","meta":{"_surecart_dashboard_logo_width":"180px","_surecart_dashboard_show_logo":true,"_surecart_dashboard_navigation_orders":true,"_surecart_dashboard_navigation_invoices":true,"_surecart_dashboard_navigation_subscriptions":true,"_surecart_dashboard_navigation_downloads":true,"_surecart_dashboard_navigation_billing":true,"_surecart_dashboard_navigation_account":true,"footnotes":""},"wf_page_folders":[],"class_list":["post-3371","page","type-page","status-publish","hentry","post-wrapper","thrv_wrapper"],"_links":{"self":[{"href":"https:\/\/shadyakarawiname.com\/en\/wp-json\/wp\/v2\/pages\/3371","targetHints":{"allow":["GET"]}}],"collection":[{"href":"https:\/\/shadyakarawiname.com\/en\/wp-json\/wp\/v2\/pages"}],"about":[{"href":"https:\/\/shadyakarawiname.com\/en\/wp-json\/wp\/v2\/types\/page"}],"author":[{"embeddable":true,"href":"https:\/\/shadyakarawiname.com\/en\/wp-json\/wp\/v2\/users\/2"}],"replies":[{"embeddable":true,"href":"https:\/\/shadyakarawiname.com\/en\/wp-json\/wp\/v2\/comments?post=3371"}],"version-history":[{"count":0,"href":"https:\/\/shadyakarawiname.com\/en\/wp-json\/wp\/v2\/pages\/3371\/revisions"}],"wp:attachment":[{"href":"https:\/\/shadyakarawiname.com\/en\/wp-json\/wp\/v2\/media?parent=3371"}],"wp:term":[{"taxonomy":"wf_page_folders","embeddable":true,"href":"https:\/\/shadyakarawiname.com\/en\/wp-json\/wp\/v2\/wf_page_folders?post=3371"}],"curies":[{"name":"wp","href":"https:\/\/api.w.org\/{rel}","templated":true}]}}