{"id":3781,"date":"2024-06-08T02:27:49","date_gmt":"2024-06-08T02:27:49","guid":{"rendered":"https:\/\/shadyakarawiname.com\/?page_id=3781"},"modified":"2025-04-03T02:13:35","modified_gmt":"2025-04-03T02:13:35","slug":"astrocode","status":"publish","type":"page","link":"https:\/\/shadyakarawiname.com\/en\/astrocode\/","title":{"rendered":"AstroCode"},"content":{"rendered":"<h1 style=\"text-align: center;\"><span><span style=\"--tcb-gradient-text-value: linear-gradient(180deg, rgb(250, 227, 191) 15%, var(--tcb-color-4) 39%, rgb(233, 173, 81) 71%, rgb(61, 60, 36) 92%);\">AstroCode<\/span><\/span><\/h1>\n<p style=\"text-align: center;\"><strong><span style=\"\">CONNECT WITH YOUR ASTROLOGICAL DNA<\/span><\/strong><\/p>\n<p style=\"text-align: center;\">AstroCode is your personalized guide, detailing your Astrological DNA to help you deeply understand yourself and harness the wisdom of the stars in every area of your life.<\/p>\n<p style=\"text-align: center;\"><strong>UNA VERSI\u00d3N RENOVADA TE ESPERA<\/strong><\/p>\n<p><span><img decoding=\"async\" alt=\"\" data-id=\"3872\" width=\"481\" data-init-width=\"1080\" height=\"481\" data-init-height=\"1080\" title=\"UNIQUE (1)\" data-src=\"https:\/\/shadyakarawiname.com\/wp-content\/uploads\/2024\/06\/UNIQUE-1.png\" data-width=\"481\" data-height=\"481\" style=\"--smush-placeholder-width: 481px; --smush-placeholder-aspect-ratio: 481\/481;aspect-ratio: auto 1080 \/ 1080;\" src=\"data:image\/svg+xml;base64,PHN2ZyB3aWR0aD0iMSIgaGVpZ2h0PSIxIiB4bWxucz0iaHR0cDovL3d3dy53My5vcmcvMjAwMC9zdmciPjwvc3ZnPg==\" class=\"lazyload\"><\/span><span><img decoding=\"async\" alt=\"\" data-id=\"3785\" width=\"689\" data-init-width=\"1080\" height=\"689\" data-init-height=\"1080\" title=\"UNIQUE (2)\" data-src=\"https:\/\/shadyakarawiname.com\/wp-content\/uploads\/2024\/06\/UNIQUE-2.jpg\" data-width=\"689\" data-height=\"689\" style=\"--smush-placeholder-width: 689px; --smush-placeholder-aspect-ratio: 689\/689;aspect-ratio: auto 1080 \/ 1080;\" src=\"data:image\/svg+xml;base64,PHN2ZyB3aWR0aD0iMSIgaGVpZ2h0PSIxIiB4bWxucz0iaHR0cDovL3d3dy53My5vcmcvMjAwMC9zdmciPjwvc3ZnPg==\" class=\"lazyload\"><\/span><\/p>\n<p><span><\/span><span>Through Psychological Astrology and Channeling, I decipher the sacred code held within your astrological DNA to provide you with the ultimate guide to self-knowledge:<\/span><\/p>\n<h4><strong><span>THE UNIQUE AND POWERFUL MESSAGE YOUR SOUL HAS TO SHARE WITH YOU<\/span><\/strong><\/h4>\n<p><span><img decoding=\"async\" alt=\"\" data-id=\"3782\" width=\"292\" data-init-width=\"2048\" height=\"292\" data-init-height=\"2048\" title=\"Shadya Flor\" data-src=\"https:\/\/shadyakarawiname.com\/wp-content\/uploads\/2024\/06\/Shadya-Flor.png\" data-width=\"292\" data-height=\"292\" style=\"--smush-placeholder-width: 292px; --smush-placeholder-aspect-ratio: 292\/292;aspect-ratio: auto 2048 \/ 2048;\" src=\"data:image\/svg+xml;base64,PHN2ZyB3aWR0aD0iMSIgaGVpZ2h0PSIxIiB4bWxucz0iaHR0cDovL3d3dy53My5vcmcvMjAwMC9zdmciPjwvc3ZnPg==\" class=\"lazyload\"><\/span><\/p>\n<p style=\"\"><strong>30+ CUSTOM PAGES<\/strong><\/p>\n<p>Through your AstroCode, you will gain a deep understanding of the codes within your birth chart, allowing you to access the information the stars have for you. It is a recognition, a remembrance, a validation, a certainty.<\/p>\n<p>I share with you where your planets are and how that impacts you, so that you can connect with your strengths, your greatest lessons and windows of opportunity so that you can truly live from your most magical and magnetic self.<\/p>\n<h2 style=\"text-align: center;\">What will you find in your AstroCode?<\/h2>\n<p style=\"text-align: center;\">The channeled information that the planets hold for you<\/p>\n<p><span><img decoding=\"async\" alt=\"\" data-id=\"3788\" width=\"95\" data-init-width=\"1080\" data-init-height=\"1080\" title=\"5\" data-src=\"https:\/\/shadyakarawiname.com\/wp-content\/uploads\/2024\/06\/5.png\" data-width=\"95\" height=\"95\" style=\"--smush-placeholder-width: 95px; --smush-placeholder-aspect-ratio: 95\/95;aspect-ratio: auto 1080 \/ 1080;\" data-height=\"95\" src=\"data:image\/svg+xml;base64,PHN2ZyB3aWR0aD0iMSIgaGVpZ2h0PSIxIiB4bWxucz0iaHR0cDovL3d3dy53My5vcmcvMjAwMC9zdmciPjwvc3ZnPg==\" class=\"lazyload\"><\/span><\/p>\n<h5 style=\"text-align: center;\">Sun<\/h5>\n<p style=\"text-align: center;\">It represents the ego, identity, and life purpose. It symbolizes the inner self and vitality.<\/p>\n<p><span><img decoding=\"async\" alt=\"\" data-id=\"3789\" width=\"95\" data-init-width=\"1080\" data-init-height=\"1080\" title=\"6\" data-src=\"https:\/\/shadyakarawiname.com\/wp-content\/uploads\/2024\/06\/6.png\" data-width=\"95\" height=\"95\" style=\"--smush-placeholder-width: 95px; --smush-placeholder-aspect-ratio: 95\/95;aspect-ratio: auto 1080 \/ 1080;\" data-height=\"95\" src=\"data:image\/svg+xml;base64,PHN2ZyB3aWR0aD0iMSIgaGVpZ2h0PSIxIiB4bWxucz0iaHR0cDovL3d3dy53My5vcmcvMjAwMC9zdmciPjwvc3ZnPg==\" class=\"lazyload\"><\/span><\/p>\n<h5 style=\"text-align: center;\">Moon<\/h5>\n<p style=\"text-align: center;\">It represents emotions, instincts, and the subconscious mind. It reflects our emotional needs and how we respond to them.<\/p>\n<p><span><img decoding=\"async\" alt=\"\" data-id=\"3790\" width=\"95\" data-init-width=\"1080\" data-init-height=\"1080\" title=\"7\" data-src=\"https:\/\/shadyakarawiname.com\/wp-content\/uploads\/2024\/06\/7.png\" data-width=\"95\" height=\"95\" style=\"--smush-placeholder-width: 95px; --smush-placeholder-aspect-ratio: 95\/95;aspect-ratio: auto 1080 \/ 1080;\" data-height=\"95\" src=\"data:image\/svg+xml;base64,PHN2ZyB3aWR0aD0iMSIgaGVpZ2h0PSIxIiB4bWxucz0iaHR0cDovL3d3dy53My5vcmcvMjAwMC9zdmciPjwvc3ZnPg==\" class=\"lazyload\"><\/span><\/p>\n<h5 style=\"text-align: center;\">Mercury<\/h5>\n<p style=\"text-align: center;\">It represents communication, intellect, and reasoning. It influences how we think, speak, and process information.<\/p>\n<p><span><img decoding=\"async\" alt=\"\" data-id=\"3791\" width=\"95\" data-init-width=\"1080\" data-init-height=\"1080\" title=\"8\" data-src=\"https:\/\/shadyakarawiname.com\/wp-content\/uploads\/2024\/06\/8.png\" data-width=\"95\" height=\"95\" style=\"--smush-placeholder-width: 95px; --smush-placeholder-aspect-ratio: 95\/95;aspect-ratio: auto 1080 \/ 1080;\" data-height=\"95\" src=\"data:image\/svg+xml;base64,PHN2ZyB3aWR0aD0iMSIgaGVpZ2h0PSIxIiB4bWxucz0iaHR0cDovL3d3dy53My5vcmcvMjAwMC9zdmciPjwvc3ZnPg==\" class=\"lazyload\"><\/span><\/p>\n<h5 style=\"text-align: center;\">Venus<\/h5>\n<p style=\"text-align: center;\">It represents love, beauty, and values. It governs relationships, attraction, art, and pleasure.<\/p>\n<p><span><img decoding=\"async\" alt=\"\" data-id=\"3792\" width=\"95\" data-init-width=\"1080\" data-init-height=\"1080\" title=\"9\" data-src=\"https:\/\/shadyakarawiname.com\/wp-content\/uploads\/2024\/06\/9.png\" data-width=\"95\" height=\"95\" style=\"--smush-placeholder-width: 95px; --smush-placeholder-aspect-ratio: 95\/95;aspect-ratio: auto 1080 \/ 1080;\" data-height=\"95\" src=\"data:image\/svg+xml;base64,PHN2ZyB3aWR0aD0iMSIgaGVpZ2h0PSIxIiB4bWxucz0iaHR0cDovL3d3dy53My5vcmcvMjAwMC9zdmciPjwvc3ZnPg==\" class=\"lazyload\"><\/span><\/p>\n<h5 style=\"text-align: center;\">Mars<\/h5>\n<p style=\"text-align: center;\">It represents energy, action, and impulse. It symbolizes motivation, spontaneity, and strength.<\/p>\n<p><span><img decoding=\"async\" alt=\"\" data-id=\"3793\" width=\"95\" data-init-width=\"1080\" data-init-height=\"1080\" title=\"10\" data-src=\"https:\/\/shadyakarawiname.com\/wp-content\/uploads\/2024\/06\/10.png\" data-width=\"95\" height=\"95\" style=\"--smush-placeholder-width: 95px; --smush-placeholder-aspect-ratio: 95\/95;aspect-ratio: auto 1080 \/ 1080;\" data-height=\"95\" src=\"data:image\/svg+xml;base64,PHN2ZyB3aWR0aD0iMSIgaGVpZ2h0PSIxIiB4bWxucz0iaHR0cDovL3d3dy53My5vcmcvMjAwMC9zdmciPjwvc3ZnPg==\" class=\"lazyload\"><\/span><\/p>\n<h5 style=\"text-align: center;\">Jupiter<\/h5>\n<p style=\"text-align: center;\">It represents expansion, luck and wisdom. Associated with growth, prosperity and philosophy.<\/p>\n<p><span><img decoding=\"async\" alt=\"\" data-id=\"3794\" width=\"95\" data-init-width=\"1080\" data-init-height=\"1080\" title=\"11\" data-src=\"https:\/\/shadyakarawiname.com\/wp-content\/uploads\/2024\/06\/11.png\" data-width=\"95\" height=\"95\" style=\"--smush-placeholder-width: 95px; --smush-placeholder-aspect-ratio: 95\/95;aspect-ratio: auto 1080 \/ 1080;\" data-height=\"95\" src=\"data:image\/svg+xml;base64,PHN2ZyB3aWR0aD0iMSIgaGVpZ2h0PSIxIiB4bWxucz0iaHR0cDovL3d3dy53My5vcmcvMjAwMC9zdmciPjwvc3ZnPg==\" class=\"lazyload\"><\/span><\/p>\n<h5 style=\"text-align: center;\">Saturn<\/h5>\n<p style=\"text-align: center;\">It represents structure, discipline, and responsibility. It influences boundaries, authority, and life lessons.<\/p>\n<p><span><img decoding=\"async\" alt=\"\" data-id=\"3796\" width=\"95\" data-init-width=\"1080\" data-init-height=\"1080\" title=\"13\" data-src=\"https:\/\/shadyakarawiname.com\/wp-content\/uploads\/2024\/06\/13.png\" data-width=\"95\" height=\"95\" style=\"--smush-placeholder-width: 95px; --smush-placeholder-aspect-ratio: 95\/95;aspect-ratio: auto 1080 \/ 1080;\" data-height=\"95\" src=\"data:image\/svg+xml;base64,PHN2ZyB3aWR0aD0iMSIgaGVpZ2h0PSIxIiB4bWxucz0iaHR0cDovL3d3dy53My5vcmcvMjAwMC9zdmciPjwvc3ZnPg==\" class=\"lazyload\"><\/span><\/p>\n<h5 style=\"text-align: center;\">Uranus<\/h5>\n<p style=\"text-align: center;\">It represents innovation, individuality, and change. It symbolizes originality, technology, and revolution.<\/p>\n<p><span><img decoding=\"async\" alt=\"\" data-id=\"3795\" width=\"95\" data-init-width=\"1080\" data-init-height=\"1080\" title=\"12\" data-src=\"https:\/\/shadyakarawiname.com\/wp-content\/uploads\/2024\/06\/12.png\" data-width=\"95\" height=\"95\" style=\"--smush-placeholder-width: 95px; --smush-placeholder-aspect-ratio: 95\/95;aspect-ratio: auto 1080 \/ 1080;\" data-height=\"95\" src=\"data:image\/svg+xml;base64,PHN2ZyB3aWR0aD0iMSIgaGVpZ2h0PSIxIiB4bWxucz0iaHR0cDovL3d3dy53My5vcmcvMjAwMC9zdmciPjwvc3ZnPg==\" class=\"lazyload\"><\/span><\/p>\n<h5 style=\"text-align: center;\">Neptune<\/h5>\n<p style=\"text-align: center;\">It represents illusion, spirituality, and dreams. It is associated with creativity, intuition, and compassion.<\/p>\n<p><span><img decoding=\"async\" alt=\"\" data-id=\"3797\" width=\"95\" data-init-width=\"1080\" data-init-height=\"1080\" title=\"14\" data-src=\"https:\/\/shadyakarawiname.com\/wp-content\/uploads\/2024\/06\/14.png\" data-width=\"95\" height=\"95\" style=\"--smush-placeholder-width: 95px; --smush-placeholder-aspect-ratio: 95\/95;aspect-ratio: auto 1080 \/ 1080;\" data-height=\"95\" src=\"data:image\/svg+xml;base64,PHN2ZyB3aWR0aD0iMSIgaGVpZ2h0PSIxIiB4bWxucz0iaHR0cDovL3d3dy53My5vcmcvMjAwMC9zdmciPjwvc3ZnPg==\" class=\"lazyload\"><\/span><\/p>\n<h5 style=\"text-align: center;\">Pluto<\/h5>\n<p style=\"text-align: center;\">It represents transformation, power, and rebirth. It influences control, regeneration, and the depths of the subconscious.<\/p>\n<p><span><img decoding=\"async\" alt=\"\" data-id=\"3798\" width=\"95\" data-init-width=\"1080\" data-init-height=\"1080\" title=\"15\" data-src=\"https:\/\/shadyakarawiname.com\/wp-content\/uploads\/2024\/06\/15.png\" data-width=\"95\" height=\"95\" style=\"--smush-placeholder-width: 95px; --smush-placeholder-aspect-ratio: 95\/95;aspect-ratio: auto 1080 \/ 1080;\" data-height=\"95\" src=\"data:image\/svg+xml;base64,PHN2ZyB3aWR0aD0iMSIgaGVpZ2h0PSIxIiB4bWxucz0iaHR0cDovL3d3dy53My5vcmcvMjAwMC9zdmciPjwvc3ZnPg==\" class=\"lazyload\"><\/span><\/p>\n<h5 style=\"text-align: center;\">Chiron<\/h5>\n<p style=\"text-align: center;\">It represents transformation, power, and rebirth. It influences control, regeneration, and the depths of the subconscious.<\/p>\n<p><span><img decoding=\"async\" alt=\"\" data-id=\"3772\" width=\"95\" data-init-width=\"875\" data-init-height=\"875\" title=\"Icon 2-2\" data-src=\"https:\/\/shadyakarawiname.com\/wp-content\/uploads\/2024\/05\/Icon-2-2.png\" data-width=\"95\" height=\"95\" style=\"--smush-placeholder-width: 95px; --smush-placeholder-aspect-ratio: 95\/95;aspect-ratio: auto 875 \/ 875;\" data-height=\"95\" src=\"data:image\/svg+xml;base64,PHN2ZyB3aWR0aD0iMSIgaGVpZ2h0PSIxIiB4bWxucz0iaHR0cDovL3d3dy53My5vcmcvMjAwMC9zdmciPjwvc3ZnPg==\" class=\"lazyload\"><\/span><\/p>\n<h5 style=\"text-align: center;\">Ascendant<\/h5>\n<p style=\"text-align: center;\">It represents outward appearance, personality, and how others perceive us. It influences our first impression, approach to life, and instinctive response to new situations.<\/p>\n<p><span><img decoding=\"async\" alt=\"\" data-id=\"3787\" width=\"348\" data-init-width=\"1080\" height=\"348\" data-init-height=\"1080\" title=\"Planet 5\" data-src=\"https:\/\/shadyakarawiname.com\/wp-content\/uploads\/2024\/06\/Planet-5.jpg\" data-width=\"348\" data-height=\"348\" style=\"--smush-placeholder-width: 348px; --smush-placeholder-aspect-ratio: 348\/348;aspect-ratio: auto 1080 \/ 1080;\" src=\"data:image\/svg+xml;base64,PHN2ZyB3aWR0aD0iMSIgaGVpZ2h0PSIxIiB4bWxucz0iaHR0cDovL3d3dy53My5vcmcvMjAwMC9zdmciPjwvc3ZnPg==\" class=\"lazyload\"><\/span><\/p>\n<h2 style=\"\"><span style=\"font-style: normal;\">Know your Astrological DNA and discover exactly how your being operates <\/span>from your deepest essence.<\/h2>\n<h2 dir=\"ltr\">Astrology has changed my life completely and I am convinced that <strong><span style=\"font-family: &quot;Playfair Display&quot;; font-weight: 400;\"><em><span style=\"--tcb-applied-color: var$(--tcb-color-0) !important; color: var(--tcb-color-0) !important;\">it will change yours too.<\/span><\/em><span style=\"--tcb-applied-color: var$(--tcb-color-4) !important; color: var(--tcb-color-4) !important;\"> <\/span><\/span><\/strong><\/h2>\n<p dir=\"ltr\">Through Psychological and Intuitive Astrology and Channeling, I have created AstroCode especially for you:&nbsp;<\/p>\n<p dir=\"ltr\">It is time for you to listen to what your soul is trying to tell you and connect with who you truly are.<\/p>\n<p style=\"\">I am obsessed with my AstroCode! I have read about different aspects of my chart online in the past, however nothing compares to what you have channeled inside my AstroCode. Soaking into your words and the energy of it is like a beautiful activation and remembering of who I am at my core. Each time I soak into it it\u2019s like I am reading it again for the first time as different pieces speak to me based on what I\u2019m navigating in my life. It is truly powerful. Thank you so much Shadya \ud83d\udc96 <img decoding=\"async\" role=\"img\" alt=\"\ud83d\udc96\" data-src=\"https:\/\/s.w.org\/images\/core\/emoji\/15.0.3\/svg\/1f496.svg\" src=\"data:image\/svg+xml;base64,PHN2ZyB3aWR0aD0iMSIgaGVpZ2h0PSIxIiB4bWxucz0iaHR0cDovL3d3dy53My5vcmcvMjAwMC9zdmciPjwvc3ZnPg==\" class=\"lazyload\"><\/p>\n<h4 style=\"\">Felicity<\/h4>","protected":false},"excerpt":{"rendered":"<p>AstroCode CONECTA CON TU ADN ASTROL\u00d3GICO AstroCode es tu gu\u00eda personalizada, en d\u00f3nde detallo tu ADN Astrol\u00f3gico, para que te conozcas a profundidad y puedas utilizar la sabidur\u00eda de los astros en todas las \u00e1reas de tu vida. UNA VERSI\u00d3N RENOVADA TE ESPERA A trav\u00e9s de la Astrolog\u00eda Psicol\u00f3gica y la Canalizaci\u00f3n descifro el c\u00f3digo [&hellip;]<\/p>\n","protected":false},"author":2,"featured_media":0,"parent":0,"menu_order":0,"comment_status":"closed","ping_status":"closed","template":"","meta":{"_surecart_dashboard_logo_width":"180px","_surecart_dashboard_show_logo":true,"_surecart_dashboard_navigation_orders":true,"_surecart_dashboard_navigation_invoices":true,"_surecart_dashboard_navigation_subscriptions":true,"_surecart_dashboard_navigation_downloads":true,"_surecart_dashboard_navigation_billing":true,"_surecart_dashboard_navigation_account":true,"footnotes":""},"wf_page_folders":[90],"class_list":["post-3781","page","type-page","status-publish","hentry","post-wrapper","thrv_wrapper"],"_links":{"self":[{"href":"https:\/\/shadyakarawiname.com\/en\/wp-json\/wp\/v2\/pages\/3781","targetHints":{"allow":["GET"]}}],"collection":[{"href":"https:\/\/shadyakarawiname.com\/en\/wp-json\/wp\/v2\/pages"}],"about":[{"href":"https:\/\/shadyakarawiname.com\/en\/wp-json\/wp\/v2\/types\/page"}],"author":[{"embeddable":true,"href":"https:\/\/shadyakarawiname.com\/en\/wp-json\/wp\/v2\/users\/2"}],"replies":[{"embeddable":true,"href":"https:\/\/shadyakarawiname.com\/en\/wp-json\/wp\/v2\/comments?post=3781"}],"version-history":[{"count":0,"href":"https:\/\/shadyakarawiname.com\/en\/wp-json\/wp\/v2\/pages\/3781\/revisions"}],"wp:attachment":[{"href":"https:\/\/shadyakarawiname.com\/en\/wp-json\/wp\/v2\/media?parent=3781"}],"wp:term":[{"taxonomy":"wf_page_folders","embeddable":true,"href":"https:\/\/shadyakarawiname.com\/en\/wp-json\/wp\/v2\/wf_page_folders?post=3781"}],"curies":[{"name":"wp","href":"https:\/\/api.w.org\/{rel}","templated":true}]}}