{"id":3807,"date":"2024-06-08T02:17:14","date_gmt":"2024-06-08T02:17:14","guid":{"rendered":"https:\/\/shadyakarawiname.com\/?page_id=3807"},"modified":"2025-01-08T15:09:53","modified_gmt":"2025-01-08T15:09:53","slug":"speaker","status":"publish","type":"page","link":"https:\/\/shadyakarawiname.com\/en\/speaker\/","title":{"rendered":"Speaker"},"content":{"rendered":"<p style=\"\"><strong>IMPACT SPEAKER<\/strong><\/p>\n<h3 style=\"\"><strong><span style=\"\"><span style=\"\">CONNECT WITH YOUR AUTHENTICITY <span style=\"--tcb-applied-color: var$(--tcb-color-4) !important; color: var(--tcb-color-4) !important;\">AND ACTIVATE YOUR INNER POWER<\/span><\/span><\/span><\/strong><\/h3>\n<p style=\"text-align: center;\"><span style=\"--tcb-applied-color: rgb(255, 255, 255) !important; color: rgb(255, 255, 255) !important;\">MY TWO PILLARS OF<\/span><\/p>\n<h4 style=\"text-align: center;\">HIGH IMPACT<\/h4>\n<h2 style=\"text-align: center;\">Integral Wellbeing<\/h2>\n<p dir=\"ltr\" style=\"text-align: center;\">Integral Wellbeing is a unique approach I\u2019ve developed to guide you on a transformative journey of self-awareness and personal growth. Using tools like Psychological Astrology, Human Design, and innovative practices, we integrate deep insights to help you uncover the invisible patterns that shape the way you think, feel, and act.<\/p>\n<p dir=\"ltr\" style=\"text-align: center;\">With Integral Wellbeing, you\u2019ll discover the internal forces that drive your decisions and behaviors, gaining clarity on your purpose, strengths, and the areas of your life you can elevate. This process is designed to unlock your full potential, enhance your quality of life, and foster a profound connection with yourself.<\/p>\n<p><span><img decoding=\"async\" alt=\"\" data-id=\"3785\" width=\"351\" data-init-width=\"1080\" height=\"351\" data-init-height=\"1080\" title=\"UNIQUE (2)\" data-src=\"https:\/\/shadyakarawiname.com\/wp-content\/uploads\/2024\/06\/UNIQUE-2.jpg\" data-width=\"351\" data-height=\"351\" style=\"--smush-placeholder-width: 351px; --smush-placeholder-aspect-ratio: 351\/351;aspect-ratio: auto 1080 \/ 1080;\" src=\"data:image\/svg+xml;base64,PHN2ZyB3aWR0aD0iMSIgaGVpZ2h0PSIxIiB4bWxucz0iaHR0cDovL3d3dy53My5vcmcvMjAwMC9zdmciPjwvc3ZnPg==\" class=\"lazyload\"><\/span><\/p>\n<h2 style=\"text-align: center;\">Transgenerational Expansion<\/h2>\n<p dir=\"ltr\" style=\"text-align: center;\">A menudo, llevamos en nuestro ser no s\u00f3lo nuestras propias experiencias, sino tambi\u00e9n las de nuestros ancestros, influencias que pueden moldear nuestra forma de ser, pensar y sentir sin que siquiera seamos conscientes de ello.<\/p>\n<p dir=\"ltr\" style=\"text-align: center;\">Al transformarnos a nivel transgeneracional, no solo estamos trabajando en nuestro propio bienestar, sino que tambi\u00e9n estamos contribuyendo a sanar las heridas de nuestros antepasados y a liberar a las generaciones futuras de las cargas que hemos llevado. Es un acto de amor hacia nosotros mismos, hacia nuestras familias y hacia las generaciones venideras, que, adem\u00e1s, impactan a todos aquellos con qui\u00e9nes nos relacionamos y permiten mayor fluidez en todas las \u00e1reas de nuestras vidas.<\/p>\n<p><span><img decoding=\"async\" alt=\"\" data-id=\"3703\" width=\"351\" data-init-width=\"875\" height=\"351\" data-init-height=\"875\" title=\"1 (1)\" data-src=\"https:\/\/shadyakarawiname.com\/wp-content\/uploads\/2024\/05\/1-1.png\" data-width=\"351\" data-height=\"351\" style=\"--smush-placeholder-width: 351px; --smush-placeholder-aspect-ratio: 351\/351;aspect-ratio: auto 875 \/ 875;\" src=\"data:image\/svg+xml;base64,PHN2ZyB3aWR0aD0iMSIgaGVpZ2h0PSIxIiB4bWxucz0iaHR0cDovL3d3dy53My5vcmcvMjAwMC9zdmciPjwvc3ZnPg==\" class=\"lazyload\"><\/span><\/p>\n<h2 style=\"text-align: center;\">Find out what they say about me<\/h2>\n<h2 style=\"padding-top: 0px !important; margin-top: 0px !important; text-align: center;\"> <span data-shortcode=\"tvo_testimonial_title\" data-shortcode-name=\"Testimonial title\" data-option-inline=\"1\">She has many tools at her disposal.<\/span>  <\/h2>\n<p><span data-extra_key=\"\" data-option-inline=\"1\" data-shortcode=\"tvo_testimonial_content\" data-shortcode-name=\"Testimonial content\"><\/p>\n<p style=\"text-align: center;\">\"I would like to share my experience with Shadya, and it's that from the very beginning, she connects with you and with what you need. She has a wide range of tools that she uses throughout the session, accompanying you with great care every step of the way, delving deeper and supporting you wherever you choose to go. My feeling after the session was very liberating, and I understood the need to delve deeper and how complex it can be to flow and be yourself in certain situations. Thank you so much, Shadya, for your help!\"<\/p>\n<p><\/span> <span data-extra_key=\"\" data-shortcode=\"tvo_testimonial_author\" data-option-inline=\"1\">Gemma<\/span>  <\/p>\n<h2 style=\"padding-top: 0px !important; margin-top: 0px !important; text-align: center;\"> <span data-shortcode=\"tvo_testimonial_title\" data-shortcode-name=\"Testimonial title\" data-option-inline=\"1\">Going through her consultation is like shedding light on dark places.<\/span>  <\/h2>\n<p><span data-extra_key=\"\" data-option-inline=\"1\" data-shortcode=\"tvo_testimonial_content\" data-shortcode-name=\"Testimonial content\"><\/p>\n<p style=\"text-align: center;\">\"Empathetic, highly professional, and a radiant being of light, the experience with Shadya is wonderful. Going through her sessions is like illuminating dark places and filling oneself with purpose and love.\"<\/p>\n<p><\/span> <span data-extra_key=\"\" data-shortcode=\"tvo_testimonial_author\" data-option-inline=\"1\">Pamela<\/span>  <\/p>\n<h2 style=\"padding-top: 0px !important; margin-top: 0px !important; text-align: center;\"> <span data-shortcode=\"tvo_testimonial_title\" data-shortcode-name=\"Testimonial title\" data-option-inline=\"1\">She is so receptive to energy that I connect with her on a deep level<\/span>  <\/h2>\n<p><span data-extra_key=\"\" data-option-inline=\"1\" data-shortcode=\"tvo_testimonial_content\" data-shortcode-name=\"Testimonial content\"><\/p>\n<p style=\"text-align: center;\">\"I am grateful to life for putting her on my path. I don't know if it happens to others, but she is so receptive to energy that I connect with her on a deep level. She helps me focus my thoughts, guides me when I feel stuck in a loop, has taught me to always highlight the positive aspects of myself, to manage my anxieties, to believe in the power of dreaming, and that it is okay to receive. She is an unconditional support, and I will always be immensely grateful to her.\"<\/p>\n<p><\/span> <span data-extra_key=\"\" data-shortcode=\"tvo_testimonial_author\" data-option-inline=\"1\">Paola<\/span>  <\/p>\n<h2 style=\"padding-top: 0px !important; margin-top: 0px !important; text-align: center;\"> <span data-shortcode=\"tvo_testimonial_title\" data-shortcode-name=\"Testimonial title\" data-option-inline=\"1\">I highly recommend both her workshops and individual therapy sessions.<\/span>  <\/h2>\n<p><span data-extra_key=\"\" data-option-inline=\"1\" data-shortcode=\"tvo_testimonial_content\" data-shortcode-name=\"Testimonial content\"><\/p>\n<p style=\"text-align: center;\">\"I would like to share with you that a few days ago, I attended a workshop facilitated by Shadya. It was a beautiful workshop that I would repeat without hesitation. A special atmosphere was created where we all felt connected. It was an incredible experience. I highly recommend both her workshops and individual therapy sessions.\"<\/p>\n<p><\/span> <span data-extra_key=\"\" data-shortcode=\"tvo_testimonial_author\" data-option-inline=\"1\">Anna Mar\u00eda<\/span>  <\/p>\n<h2 style=\"padding-top: 0px !important; margin-top: 0px !important; text-align: center;\"> <span data-shortcode=\"tvo_testimonial_title\" data-shortcode-name=\"Testimonial title\" data-option-inline=\"1\">She is highly intuitive but also grounded.<\/span>  <\/h2>\n<p><span data-extra_key=\"\" data-option-inline=\"1\" data-shortcode=\"tvo_testimonial_content\" data-shortcode-name=\"Testimonial content\"><\/p>\n<p style=\"text-align: center;\">\"Shadya is a combination of scientific and alternative techniques to work through the blocks that prevent us from moving forward. She is highly intuitive but also grounded. What I like most about her is that she doesn't just stop at diagnosis; she provides a grounded perspective to help us take action.\"<\/p>\n<p><\/span> <span data-extra_key=\"\" data-shortcode=\"tvo_testimonial_author\" data-option-inline=\"1\">Ana<\/span>  <\/p>\n<h2 style=\"padding-top: 0px !important; margin-top: 0px !important; text-align: center;\"> <span data-shortcode=\"tvo_testimonial_title\" data-shortcode-name=\"Testimonial title\" data-option-inline=\"1\">I've only had two sessions with Shadya, and I'm delighted.<\/span>  <\/h2>\n<p><span data-extra_key=\"\" data-option-inline=\"1\" data-shortcode=\"tvo_testimonial_content\" data-shortcode-name=\"Testimonial content\"><\/p>\n<p style=\"text-align: center;\">\"I've only had two sessions with Shadya, and I'm delighted. I've had therapy at various points in my life, and she truly stands out. She is very warm and able to empathize with the situation of those who come to her seeking help. Moreover, she has many resources and elements to work with, making each session unique. I love how she incorporates playfulness and works with images, symbols, and elements that aid in the process. My husband has started seeing her as well, and he is also very happy.\"<\/p>\n<p><\/span> <span data-extra_key=\"\" data-shortcode=\"tvo_testimonial_author\" data-option-inline=\"1\">Claudia<\/span>  <\/p>\n<h2 style=\"padding-top: 0px !important; margin-top: 0px !important; text-align: center;\"> <span data-shortcode=\"tvo_testimonial_title\" data-shortcode-name=\"Testimonial title\" data-option-inline=\"1\">She made me feel calm and secure throughout the session.<\/span>  <\/h2>\n<p><span data-extra_key=\"\" data-option-inline=\"1\" data-shortcode=\"tvo_testimonial_content\" data-shortcode-name=\"Testimonial content\"><\/p>\n<p style=\"text-align: center;\">\"In the therapy session I had with Shadya, I felt very welcomed and supported by her. I sensed that she understood what I needed very well, and she also gave me the necessary space and time to feel comfortable. Shadya is a loving person who works from the heart, and she made me feel calm and secure throughout the session. I left the therapy feeling lighter, with a sense of having healed a part of myself. Thank you, Shadya! Sending you a tantric embrace.\"<\/p>\n<p><\/span> <span data-extra_key=\"\" data-shortcode=\"tvo_testimonial_author\" data-option-inline=\"1\">Cristina<\/span>  <\/p>\n<h2 style=\"padding-top: 0px !important; margin-top: 0px !important; text-align: center;\"> <span data-shortcode=\"tvo_testimonial_title\" data-shortcode-name=\"Testimonial title\" data-option-inline=\"1\">I do not hesitate, nor will I hesitate, to continue using your services.<\/span>  <\/h2>\n<p><span data-extra_key=\"\" data-option-inline=\"1\" data-shortcode=\"tvo_testimonial_content\" data-shortcode-name=\"Testimonial content\"><\/p>\n<p style=\"text-align: center;\">\"I have had the beautiful opportunity to meet this wonderful human being and have several sessions together. With her love, charisma, knowledge, and experience, she has provided me with very useful tools to solve things in the best possible way. I have no doubt, and I will continue to seek her services whenever I need them. I wholeheartedly recommend her to anyone who is in search of a helping hand. She is a sun that brightens many of our lives. Thank you so much, my Shadya.\"<\/p>\n<p><\/span> <span data-extra_key=\"\" data-shortcode=\"tvo_testimonial_author\" data-option-inline=\"1\">Raimy<\/span>  <\/p>\n<h2 style=\"padding-top: 0px !important; margin-top: 0px !important; text-align: center;\"> <span data-shortcode=\"tvo_testimonial_title\" data-shortcode-name=\"Testimonial title\" data-option-inline=\"1\">From the very first moment, I felt how she transmitted energy and a lot of love to me.<\/span>  <\/h2>\n<p><span data-extra_key=\"\" data-option-inline=\"1\" data-shortcode=\"tvo_testimonial_content\" data-shortcode-name=\"Testimonial content\"><\/p>\n<p style=\"text-align: center;\">\"I met Shadya at a time when my life was changing, and from the very beginning, I felt how she transmitted energy and so much love to embark on this new stage. I started therapy with her recently, and she has helped me feel secure and confident, rediscover myself, and taught me to believe in myself. Thank you so much for sharing your energy and knowledge. You are an incredible woman.\"<\/p>\n<p><\/span> <span data-extra_key=\"\" data-shortcode=\"tvo_testimonial_author\" data-option-inline=\"1\">Montse<\/span>  <\/p>","protected":false},"excerpt":{"rendered":"<p>CHARLAS Y CONFERENCIAS CONECTA CON TU AUTENTICIDAD Y ACTIVA TU PODER INTERIOR MIS DOS GRANDES PILARES DE ALTO IMPACTO Bienestar Integral El Bienestar Integral es un enfoque \u00fanico que he creado para acompa\u00f1arte en un viaje transformador de autoconocimiento y expansi\u00f3n personal. A trav\u00e9s de herramientas como la Astrolog\u00eda Psicol\u00f3gica, el Dise\u00f1o Humano y pr\u00e1cticas [&hellip;]<\/p>\n","protected":false},"author":2,"featured_media":0,"parent":0,"menu_order":0,"comment_status":"closed","ping_status":"closed","template":"","meta":{"_surecart_dashboard_logo_width":"180px","_surecart_dashboard_show_logo":true,"_surecart_dashboard_navigation_orders":true,"_surecart_dashboard_navigation_invoices":true,"_surecart_dashboard_navigation_subscriptions":true,"_surecart_dashboard_navigation_downloads":true,"_surecart_dashboard_navigation_billing":true,"_surecart_dashboard_navigation_account":true,"footnotes":""},"wf_page_folders":[90],"class_list":["post-3807","page","type-page","status-publish","hentry","post-wrapper","thrv_wrapper"],"_links":{"self":[{"href":"https:\/\/shadyakarawiname.com\/en\/wp-json\/wp\/v2\/pages\/3807","targetHints":{"allow":["GET"]}}],"collection":[{"href":"https:\/\/shadyakarawiname.com\/en\/wp-json\/wp\/v2\/pages"}],"about":[{"href":"https:\/\/shadyakarawiname.com\/en\/wp-json\/wp\/v2\/types\/page"}],"author":[{"embeddable":true,"href":"https:\/\/shadyakarawiname.com\/en\/wp-json\/wp\/v2\/users\/2"}],"replies":[{"embeddable":true,"href":"https:\/\/shadyakarawiname.com\/en\/wp-json\/wp\/v2\/comments?post=3807"}],"version-history":[{"count":0,"href":"https:\/\/shadyakarawiname.com\/en\/wp-json\/wp\/v2\/pages\/3807\/revisions"}],"wp:attachment":[{"href":"https:\/\/shadyakarawiname.com\/en\/wp-json\/wp\/v2\/media?parent=3807"}],"wp:term":[{"taxonomy":"wf_page_folders","embeddable":true,"href":"https:\/\/shadyakarawiname.com\/en\/wp-json\/wp\/v2\/wf_page_folders?post=3807"}],"curies":[{"name":"wp","href":"https:\/\/api.w.org\/{rel}","templated":true}]}}