{"id":4085,"date":"2024-09-23T11:15:34","date_gmt":"2024-09-23T11:15:34","guid":{"rendered":"https:\/\/shadyakarawiname.com\/pago\/"},"modified":"2024-09-23T11:15:34","modified_gmt":"2024-09-23T11:15:34","slug":"pago","status":"publish","type":"page","link":"https:\/\/shadyakarawiname.com\/en\/pago\/","title":{"rendered":"Pago"},"content":{"rendered":"<div class=\"wp-block-surecart-checkout-form\"><sc-checkout\n\tclass=\"checkout\"\n\tid=\"sc-checkout-4084\"\n\tstyle=\"text-align: left;--sc-form-row-spacing: 25px;\"\n\tmodified=\"2024-09-26 03:41:48\"\n\talignment=\"\"\n\tsuccess-url=\"\"\n>\n\t<sc-form>\n\t\t\t\t\t<sc-checkbox name=\"get_feedback\" value=\"Feedback\" style=\"display: none !important;\"><\/sc-checkbox>\n\t\t\t\t\n\n<div class=\"wp-block-surecart-columns is-full-height is-reversed-on-mobile has-background is-layout-flex wp-container-surecart-columns-is-layout-6516cd2e wp-block-surecart-columns-is-layout-flex\" style=\"background-color:#f3f4f6\">\n<div class=\"wp-block-surecart-column is-layout-constrained is-horizontally-aligned-right has-white-background-color has-background\" style=\"padding-top:60px;padding-right:60px;padding-bottom:60px;padding-left:60px;--sc-column-content-width:450px;--sc-form-row-spacing:30px\">\n\n\n<sc-checkout-form-errors><\/sc-checkout-form-errors>\n\n\n\n\t\t<sc-customer-email\n\t\t\tclass=\"\"\n\t\t\tlabel=\"Email\"\n\t\t\tplaceholder=\"email@email.com\"\t\t\t\t\t\t\t\t\t\t\t\trequired\n\t\t\tautocomplete='email'\n\t\t\tinputmode='email'\n\t\t>\n\t\t<\/sc-customer-email>\n\n\t\t\n\n\n<sc-customer-name label=\"Nombre\/Name\" placeholder=\"Tu nombre completo\" required class=\"wp-block-surecart-name\"><\/sc-customer-name>\n\n\n\t\t<sc-order-shipping-address\n\t\t\tlabel=\"Pa\u00eds\/Country\"\n\t\t\t\t\t\t\t\t\t\t\t\trequired=\"false\"\n\t\t\tdefault-country=\"ES\"\n\t\t><\/sc-order-shipping-address>\n\t\t\t\t\t<sc-order-billing-address\n\t\t\tlabel=\"Direcci\u00f3n de Facturaci\u00f3n \/ Billing Address\"\n\t\t\ttoggle-label=\"Direcci\u00f3n de facturaci\u00f3n es la misma que la direcci\u00f3n de env\u00edo\"\n\t\t\t\t\t\t\t\t\tdefault-country=\"ES\"\n\t\t><\/sc-order-billing-address>\n\t\t\t\n\n\n\t\t<sc-payment\n\t\t\tid=\"sc-payment-0\"\n\t\t\tclass=\"\"\n\t\t>\n\t\t\t\t\t\t\t<sc-stripe-payment-element slot=\"stripe\"><\/sc-stripe-payment-element>\n\t\t\t\n\t\t\t\t\t<\/sc-payment>\n\t\t\n\n\t\t<sc-order-submit\n\t\t\ttype=\"primary\"\n\t\t\tfull=\"true\"\n\t\t\tsize=\"large\"\n\t\t\ticon=\"lock\"\t\t\tshow-total=\"true\"\n\t\t\tsecure-notice=\"true\"\n\t\t\tsecure-notice-text=\"\u00c1rea encriptada de pago seguro.\"\n\t\t\t\t\t\t\t\t\tclass=\"wp-block-surecart-submit\"\n\t\t>Comprar\/Buy<\/sc-order-submit>\n\t\t<\/div>\n\n\n\n<div class=\"wp-block-surecart-column is-sticky is-layout-constrained is-horizontally-aligned-left\" style=\"padding-top:60px;padding-right:60px;padding-bottom:60px;padding-left:60px;--sc-column-content-width:450px;--sc-form-row-spacing:30px\">\n<sc-order-summary collapsible=\"1\" closed-text=\"\" open-text=\"\" collapsed-on-mobile=\"1\" class=\"wp-block-surecart-totals\">\n<sc-divider><\/sc-divider>\n\n\n\n<sc-line-items removable=\"1\" editable=\"1\" class=\"wp-block-surecart-line-items\"><\/sc-line-items>\n\n\n\n<sc-divider><\/sc-divider>\n\n\n\n<sc-line-item-total total=\"subtotal\" class=\"wp-block-surecart-subtotal\"><span slot=\"description\">Subtotal<\/span><span slot=\"total-payments-description\">Total payment in installments<\/span><span slot=\"first-payment-subtotal-description\">Paying today:<\/span><\/sc-line-item-total>\n\n\n\t\t<sc-order-coupon-form\n\t\t\tlabel=\"\"\n\t\t\tplaceholder=\"Introduce el c\u00f3digo del cup\u00f3n\"\n\t\t\tbutton-text=\"\"\n\t\t\tcollapsed>\n\t\t<\/sc-order-coupon-form>\n\t\t\n\n\n<sc-line-item-tax class=\"wp-block-surecart-tax-line-item\"><\/sc-line-item-tax>\n\n\n\n<sc-divider><\/sc-divider>\n\n\n\n<sc-line-item-total total=\"total\" size=\"large\" show-currency=\"1\" class=\"wp-block-surecart-total\"><span slot=\"title\">Total<\/span><span slot=\"subscription-title\">Total Due Today<\/span><span slot=\"first-payment-total-description\">Subtotal<\/span><span slot=\"free-trial-description\">Periodo de prueba<\/span><span slot=\"due-amount-description\">Importe pendiente<\/span><\/sc-line-item-total>\n<\/sc-order-summary>\n<\/div>\n<\/div>\n\n\t<\/sc-form>\n<\/sc-checkout>\n<\/div>","protected":false},"excerpt":{"rendered":"","protected":false},"author":1,"featured_media":0,"parent":0,"menu_order":0,"comment_status":"closed","ping_status":"closed","template":"pages\/template-surecart-blank.php","meta":{"_surecart_dashboard_logo_width":"180px","_surecart_dashboard_show_logo":true,"_surecart_dashboard_navigation_orders":true,"_surecart_dashboard_navigation_invoices":true,"_surecart_dashboard_navigation_subscriptions":true,"_surecart_dashboard_navigation_downloads":true,"_surecart_dashboard_navigation_billing":true,"_surecart_dashboard_navigation_account":true,"footnotes":""},"wf_page_folders":[],"class_list":["post-4085","page","type-page","status-publish","hentry","post-wrapper","thrv_wrapper"],"_links":{"self":[{"href":"https:\/\/shadyakarawiname.com\/en\/wp-json\/wp\/v2\/pages\/4085","targetHints":{"allow":["GET"]}}],"collection":[{"href":"https:\/\/shadyakarawiname.com\/en\/wp-json\/wp\/v2\/pages"}],"about":[{"href":"https:\/\/shadyakarawiname.com\/en\/wp-json\/wp\/v2\/types\/page"}],"author":[{"embeddable":true,"href":"https:\/\/shadyakarawiname.com\/en\/wp-json\/wp\/v2\/users\/1"}],"replies":[{"embeddable":true,"href":"https:\/\/shadyakarawiname.com\/en\/wp-json\/wp\/v2\/comments?post=4085"}],"version-history":[{"count":0,"href":"https:\/\/shadyakarawiname.com\/en\/wp-json\/wp\/v2\/pages\/4085\/revisions"}],"wp:attachment":[{"href":"https:\/\/shadyakarawiname.com\/en\/wp-json\/wp\/v2\/media?parent=4085"}],"wp:term":[{"taxonomy":"wf_page_folders","embeddable":true,"href":"https:\/\/shadyakarawiname.com\/en\/wp-json\/wp\/v2\/wf_page_folders?post=4085"}],"curies":[{"name":"wp","href":"https:\/\/api.w.org\/{rel}","templated":true}]}}