{"id":4247,"date":"2024-10-17T21:47:48","date_gmt":"2024-10-17T21:47:48","guid":{"rendered":"https:\/\/shadyakarawiname.com\/?page_id=4247"},"modified":"2025-05-06T16:48:58","modified_gmt":"2025-05-06T16:48:58","slug":"ingresa-flow","status":"publish","type":"page","link":"https:\/\/shadyakarawiname.com\/en\/ingresa-flow\/","title":{"rendered":"FLOW"},"content":{"rendered":"<p><span style=\"\"><img decoding=\"async\" alt=\"\" data-id=\"4253\" width=\"824\" data-init-width=\"1316\" height=\"464\" data-init-height=\"740\" title=\"Flow White\" data-src=\"https:\/\/shadyakarawiname.com\/wp-content\/uploads\/2024\/10\/Flow-White.png\" data-width=\"824\" data-height=\"464\" style=\"--smush-placeholder-width: 824px; --smush-placeholder-aspect-ratio: 824\/464;aspect-ratio: auto 1316 \/ 740;\" mt-d=\"-60\" ml-d=\"0\" center-v-d=\"false\" mt-m=\"0\" ml-m=\"-1.5749999999999886\" src=\"data:image\/svg+xml;base64,PHN2ZyB3aWR0aD0iMSIgaGVpZ2h0PSIxIiB4bWxucz0iaHR0cDovL3d3dy53My5vcmcvMjAwMC9zdmciPjwvc3ZnPg==\" class=\"lazyload\"><\/span><\/p>\n<p style=\"text-align: center;\">Conecta, suelta y vive una vida que ames<\/p>\n<p style=\"text-align: center;\">Un programa de <strong>5 meditaciones poderosas<\/strong> con frecuencias especiales para ayudarte a soltar lo que ya no resuena contigo, regular tu sistema nervioso y vivir una vida que ames. Todo esto en solo 10 minutos al d\u00eda.<\/p>\n<p>[tcb-script]document.addEventListener(&#8216;DOMContentLoaded&#8217;, function() {  const flipElements = document.querySelectorAll(&#8216;.flip&#8217;);  const observerOptions = {    root: null,    rootMargin: &#8216;0px&#8217;,    threshold: 0.6  };  const observer = new IntersectionObserver(function(entries) {    entries.forEach(function(entry) {      if (entry.isIntersecting &amp;&amp; entry.intersectionRatio &gt;= 0.6) {        entry.target.classList.add(&#8216;animate&#8217;);        observer.unobserve(entry.target); \/\/ Para que solo se anime una vez      }    });  }, observerOptions);  flipElements.forEach(function(el) {    observer.observe(el);  });});[\/tcb-script]<\/p>\n<h2 style=\"text-align: center;\">Descubre FLOW<\/h2>\n<p style=\"text-align: center;\">\u00bfSientes que hay cargas que te impiden avanzar? \u00bfTe cuesta soltar situaciones del pasado o abrazar los cambios que la vida te presenta? <strong>FLOW<\/strong> ha sido creado para apoyarte en este proceso de transformaci\u00f3n profunda. Estas meditaciones, acompa\u00f1adas de frecuencias energ\u00e9ticas, han sido dise\u00f1adas especialmente para guiarte suavemente hacia la liberaci\u00f3n emocional, permiti\u00e9ndote reconectar con tu verdadera esencia y vivir desde la paz y el amor.<\/p>\n<p style=\"text-align: center;\">Cada meditaci\u00f3n es una invitaci\u00f3n a liberar el peso emocional que te retiene, a fluir con los cambios de la vida, y a abrir espacio para nuevas oportunidades. <strong>FLOW<\/strong> es m\u00e1s que un programa de meditaci\u00f3n; es un viaje hacia tu bienestar, donde solo en 10 minutos podr\u00e1s transformar tu d\u00eda.<\/p>\n<p style=\"text-align: center;\">Beneficios de<\/p>\n<p><span><img decoding=\"async\" alt=\"\" data-id=\"4254\" width=\"473\" data-init-width=\"2160\" height=\"266\" data-init-height=\"1215\" title=\"FLOW (2)\" data-src=\"https:\/\/shadyakarawiname.com\/wp-content\/uploads\/2024\/10\/FLOW-2.png\" data-width=\"473\" data-height=\"266\" style=\"--smush-placeholder-width: 473px; --smush-placeholder-aspect-ratio: 473\/266;aspect-ratio: auto 2160 \/ 1215;\" src=\"data:image\/svg+xml;base64,PHN2ZyB3aWR0aD0iMSIgaGVpZ2h0PSIxIiB4bWxucz0iaHR0cDovL3d3dy53My5vcmcvMjAwMC9zdmciPjwvc3ZnPg==\" class=\"lazyload\"><\/span><\/p>\n<ul>\n<li><span><strong>Libera bloqueos:<\/strong> Corta lazos con todo lo que ya no est\u00e1 alineado con tu verdad.<\/span><\/li>\n<li><span><strong>Encuentra paz interior: <\/strong>Regula tu sistema nervioso y siente calma en tu vida diaria.<\/span><\/li>\n<li><span><strong>Crea espacio para lo nuevo:<\/strong> Al soltar lo que ya no necesitas, abres espacio para recibir lo que S\u00cd est\u00e1 alineado.<\/span><\/li>\n<li><span><strong>Con\u00e9ctate con tu poder personal:<\/strong> Reconoce tu capacidad de manifestar una vida que amas, alineada con tu esencia.<\/span><\/li>\n<li><span><strong>Transformaci\u00f3n en solo 10 minutos:<\/strong> No necesitas largas horas de meditaci\u00f3n; con solo 10 minutos al d\u00eda sentir\u00e1s una profunda transformaci\u00f3n.<\/span><\/li>\n<\/ul>\n<h3 dir=\"ltr\" style=\"text-align: center;\">\u00bfQu\u00e9 recibir\u00e1s con FLOW?<\/h3>\n<p style=\"\">01<\/p>\n<h5><strong>Meditaci\u00f3n 1:<\/strong> Lazos de Amor<\/h5>\n<p>Esta meditaci\u00f3n te ayudar\u00e1 a cortar los lazos energ\u00e9ticos con personas, situaciones y experiencias que ya no te sirven. Al hacerlo, liberar\u00e1s espacio para lo que realmente te nutre. <strong>La energ\u00eda es poderosa,<\/strong> as\u00ed que prep\u00e1rate para un profundo proceso de liberaci\u00f3n emocional.<\/p>\n<p style=\"\">02<\/p>\n<h5 style=\"\"><strong>Meditaci\u00f3n 2:<\/strong> Suelta el pasado<\/h5>\n<p>Cargar con el pasado te impide disfrutar del presente. En esta meditaci\u00f3n, te invito a soltar todo aquello que ya cumpli\u00f3 su ciclo en tu vida, abriendo paso a una vida m\u00e1s liviana y en sinton\u00eda con el aqu\u00ed y ahora.<\/p>\n<p style=\"\">03<\/p>\n<h5 style=\"\"><strong>Meditaci\u00f3n 3: <\/strong>Todo cumple un prop\u00f3sito<\/h5>\n<p>Incluso cuando no lo entiendes, todo lo que vives tiene un prop\u00f3sito en tu vida. Esta meditaci\u00f3n te recordar\u00e1 que no hay errores en el Universo, y que todo lo que atraviesas te brinda regalos y aprendizajes valiosos.<\/p>\n<p style=\"\">04<\/p>\n<h5 style=\"\"><strong>Meditaci\u00f3n 4: <\/strong>Abrazo los cambios<\/h5>\n<p style=\"\">Los cambios pueden ser desafiantes, pero son una constante en nuestra vida. En esta meditaci\u00f3n, aprender\u00e1s a fluir con los cambios desde un lugar de confianza plena, abri\u00e9ndote a las nuevas oportunidades que te esperan.<\/p>\n<p style=\"\">05<\/p>\n<h5 style=\"\"><strong>Meditaci\u00f3n 5: <\/strong>Merezco vivir una vida que amo<\/h5>\n<p style=\"\">Reconecta con tu derecho divino de vivir una vida alineada con tus deseos m\u00e1s profundos. En esta meditaci\u00f3n, activar\u00e1s el poder de manifestar una vida que te llene de alegr\u00eda, prop\u00f3sito y satisfacci\u00f3n.<\/p>\n<h3 dir=\"ltr\">\u00bfPor qu\u00e9 elegir FLOW?<\/h3>\n<h4>Eficacia en poco tiempo:<\/h4>\n<p>FLOW est\u00e1 dise\u00f1ado para brindarte resultados en solo 10 minutos al d\u00eda. Perfecto para quienes desean profundizar en su bienestar sin necesidad de invertir largas horas.<\/p>\n<h4 style=\"\">Meditaciones con frecuencias especiales:<\/h4>\n<p>Estas meditaciones utilizan frecuencias energ\u00e9ticas espec\u00edficas que apoyan la liberaci\u00f3n emocional y la regulaci\u00f3n del sistema nervioso, ayud\u00e1ndote a sentirte en paz y alineada con tu vida.<\/p>\n<h4 style=\"\">Una vida m\u00e1s ligera:<\/h4>\n<p>Al cortar lazos energ\u00e9ticos con lo que ya no te sirve, te sentir\u00e1s m\u00e1s ligera, con mayor claridad mental y emocional.<\/p>\n<h4 style=\"\">Transformaci\u00f3n personal:<\/h4>\n<p>Con FLOW, te embarcas en un viaje de transformaci\u00f3n profunda que te ayudar\u00e1 a soltar el pasado, abrazar los cambios y vivir una vida que verdaderamente amas.<\/p>\n<h4>Pr\u00e1ctico y accesible:<\/h4>\n<p dir=\"ltr\">Solo necesitas un dispositivo para acceder a tus meditaciones desde cualquier lugar. Perfecto para aquellos que buscan integrar una pr\u00e1ctica espiritual en su d\u00eda a d\u00eda.<\/p>\n<h3 dir=\"ltr\" style=\"text-align: center;\">\u00a1Accede hoy mismo!<\/h3>\n<p><span><img decoding=\"async\" alt=\"\" data-id=\"4259\" width=\"466\" data-init-width=\"1080\" height=\"466\" data-init-height=\"1080\" title=\"2\" data-src=\"https:\/\/shadyakarawiname.com\/wp-content\/uploads\/2024\/10\/2.jpg\" data-width=\"466\" data-height=\"466\" style=\"--smush-placeholder-width: 466px; --smush-placeholder-aspect-ratio: 466\/466;aspect-ratio: auto 1080 \/ 1080;\" src=\"data:image\/svg+xml;base64,PHN2ZyB3aWR0aD0iMSIgaGVpZ2h0PSIxIiB4bWxucz0iaHR0cDovL3d3dy53My5vcmcvMjAwMC9zdmciPjwvc3ZnPg==\" class=\"lazyload\"><\/span><span><img decoding=\"async\" alt=\"\" data-id=\"3772\" width=\"95\" data-init-width=\"875\" data-init-height=\"875\" title=\"Icon 2-2\" data-src=\"https:\/\/shadyakarawiname.com\/wp-content\/uploads\/2024\/05\/Icon-2-2.png\" data-width=\"95\" height=\"95\" style=\"--smush-placeholder-width: 95px; --smush-placeholder-aspect-ratio: 95\/95;aspect-ratio: auto 875 \/ 875;\" data-height=\"95\" src=\"data:image\/svg+xml;base64,PHN2ZyB3aWR0aD0iMSIgaGVpZ2h0PSIxIiB4bWxucz0iaHR0cDovL3d3dy53My5vcmcvMjAwMC9zdmciPjwvc3ZnPg==\" class=\"lazyload\"><\/span><\/p>\n<h4 dir=\"ltr\" style=\"text-align: center;\">Recibe ahora tu acceso a FLOW y comienza a vivir desde tu verdad y paz interior:<\/h4>\n<h2 style=\"text-align: center;\">55 USD<\/h2>\n<p><span><img decoding=\"async\" alt=\"\" data-id=\"3703\" width=\"329\" data-init-width=\"875\" height=\"329\" data-init-height=\"875\" title=\"1 (1)\" data-src=\"https:\/\/shadyakarawiname.com\/wp-content\/uploads\/2024\/05\/1-1.png\" data-width=\"329\" data-height=\"329\" style=\"--smush-placeholder-width: 329px; --smush-placeholder-aspect-ratio: 329\/329;aspect-ratio: auto 875 \/ 875;\" src=\"data:image\/svg+xml;base64,PHN2ZyB3aWR0aD0iMSIgaGVpZ2h0PSIxIiB4bWxucz0iaHR0cDovL3d3dy53My5vcmcvMjAwMC9zdmciPjwvc3ZnPg==\" class=\"lazyload\"><\/span><\/p>\n<h3 style=\"text-align: center;\">\u00a1Hola! Soy<\/h3>\n<p><a href=\"https:\/\/shadyakarawiname.com\" data-id-d=\"1\" data-dynamic-link=\"thrive_global_shortcode_url\" data-shortcode-id=\"0\" data-img-style=\"width: 100%;\"><img decoding=\"async\" data-src=\"https:\/\/shadyakarawiname.com\/wp-content\/uploads\/2024\/06\/Group-10.png\" height=\"580\" width=\"1356\" alt=\"\" style=\"--smush-placeholder-width: 1356px; --smush-placeholder-aspect-ratio: 1356\/580;width: 100%;\" src=\"data:image\/svg+xml;base64,PHN2ZyB3aWR0aD0iMSIgaGVpZ2h0PSIxIiB4bWxucz0iaHR0cDovL3d3dy53My5vcmcvMjAwMC9zdmciPjwvc3ZnPg==\" class=\"lazyload\"><\/img><\/a><\/p>\n<p style=\"text-align: center;\">&nbsp; &nbsp;Soy una mentora espiritual pionera, reconocida por mi enfoque \u00fanico y transformador que ha tocado las vidas de miles de personas alrededor del mundo. Con m\u00e1s de 20 a\u00f1os de experiencia, he perfeccionado mi arte y desarrollado un m\u00e9todo poderoso que fusiona una amplia gama de herramientas como Constelaciones Familiares, Astrolog\u00eda Psicol\u00f3gica, Dise\u00f1o Humano, Canalizaci\u00f3n, EFT\/Tapping y Psicolog\u00eda. A trav\u00e9s de este enfoque hol\u00edstico, gu\u00edo a mis clientes en un profundo viaje de autodescubrimiento, liberaci\u00f3n emocional y transformaci\u00f3n interior.<\/p>\n","protected":false},"excerpt":{"rendered":"<p>Conecta, suelta y vive una vida que ames Un programa de 5 meditaciones poderosas con frecuencias especiales para ayudarte a soltar lo que ya no resuena contigo, regular tu sistema nervioso y vivir una vida que ames. Todo esto en solo 10 minutos al d\u00eda. [tcb-script]document.addEventListener(&#8216;DOMContentLoaded&#8217;, function() { const flipElements = document.querySelectorAll(&#8216;.flip&#8217;); const observerOptions = [&hellip;]<\/p>\n","protected":false},"author":2,"featured_media":0,"parent":0,"menu_order":0,"comment_status":"closed","ping_status":"closed","template":"","meta":{"_surecart_dashboard_logo_width":"180px","_surecart_dashboard_show_logo":true,"_surecart_dashboard_navigation_orders":true,"_surecart_dashboard_navigation_invoices":true,"_surecart_dashboard_navigation_subscriptions":true,"_surecart_dashboard_navigation_downloads":true,"_surecart_dashboard_navigation_billing":true,"_surecart_dashboard_navigation_account":true,"footnotes":""},"wf_page_folders":[107],"class_list":["post-4247","page","type-page","status-publish","hentry","post-wrapper","thrv_wrapper"],"_links":{"self":[{"href":"https:\/\/shadyakarawiname.com\/en\/wp-json\/wp\/v2\/pages\/4247","targetHints":{"allow":["GET"]}}],"collection":[{"href":"https:\/\/shadyakarawiname.com\/en\/wp-json\/wp\/v2\/pages"}],"about":[{"href":"https:\/\/shadyakarawiname.com\/en\/wp-json\/wp\/v2\/types\/page"}],"author":[{"embeddable":true,"href":"https:\/\/shadyakarawiname.com\/en\/wp-json\/wp\/v2\/users\/2"}],"replies":[{"embeddable":true,"href":"https:\/\/shadyakarawiname.com\/en\/wp-json\/wp\/v2\/comments?post=4247"}],"version-history":[{"count":0,"href":"https:\/\/shadyakarawiname.com\/en\/wp-json\/wp\/v2\/pages\/4247\/revisions"}],"wp:attachment":[{"href":"https:\/\/shadyakarawiname.com\/en\/wp-json\/wp\/v2\/media?parent=4247"}],"wp:term":[{"taxonomy":"wf_page_folders","embeddable":true,"href":"https:\/\/shadyakarawiname.com\/en\/wp-json\/wp\/v2\/wf_page_folders?post=4247"}],"curies":[{"name":"wp","href":"https:\/\/api.w.org\/{rel}","templated":true}]}}